{"id":12421,"date":"2024-10-23T21:26:39","date_gmt":"2024-10-23T19:26:39","guid":{"rendered":"https:\/\/jdp-law.pl\/?page_id=12421"},"modified":"2025-09-16T23:49:52","modified_gmt":"2025-09-16T21:49:52","slug":"infrastruktur-und-bauingenieurwesen","status":"publish","type":"page","link":"https:\/\/jdp-law.pl\/de\/infrastruktur-und-bauingenieurwesen\/","title":{"rendered":"Infrastruktur und Bauingenieurwesen"},"content":{"rendered":"<p>Wir geh\u00f6ren zu den f\u00fchrenden Anwaltskanzleien im Bereich der Rechtsberatung f\u00fcr Generalunternehmer, Unterauftragnehmer, Auftraggeber und Planungsunternehmen, die komplexe Bau- und Infrastrukturvorhaben ausf\u00fchren (Stra\u00dfenbau, Ingenieurwesen, Geb\u00e4ude, Energiewirtschaft, gemeinn\u00fctzige Objekte, Sportobjekte, Industrieobjekte) auf dem polnischen Rechtsmarkt. Seit 20 Jahren bieten wir Beratungsleistungen bei der Abwicklung der gr\u00f6\u00dften Infrastruktur- und Bauvorhaben in Polen und wir vertreten die Parteien in den damit verbundenen Gerichts- und Schiedsgerichtsverfahren.<\/p>\n<p>In dem internationalen Ranking der Anwaltskanzleien The Legal 500 wurde unsere Kanzlei (in den Jahren 2018, 2019 und 2020) als\u00a0<em>Leading Firm<\/em>\u00a0(Top Tier) in der Kategorie\u00a0<em>Construction\/Construction disputes\u00a0<\/em>anerkannt und Prof. Przemys\u0142aw Drapa\u0142a wurde als\u00a0<em>Leading Individual in Poland<\/em>\u00a0in dieser Kategorie ausgezeichnet.<\/p>\n<p>Unsere Anw\u00e4lte verf\u00fcgen \u00fcber einmalige Erfahrung bei Streitigkeiten (i) aufgrund der Erh\u00f6hung der Verg\u00fctung wegen unvorhersehbarer Markt\u00e4nderungen (u.a. Steigerung der Preise f\u00fcr Materialien und Dienstleistungen auf dem Baumarkt); (ii) wegen Anspr\u00fcchen der Parteien aufgrund eines Vertragsr\u00fccktritts; und (iii) aufgrund des Verbots der Auszahlung aus der Bankgarantie (unbegr\u00fcndete Ziehung der Garantie).<\/p>\n<p>Ferner beraten wir erfolgreich in Angelegenheiten betreffend u.a. Anspr\u00fcche aus Versp\u00e4tungen bei der Baustellen\u00fcbergabe oder wegen mangelhafter Planungsunterlagen, Zahlung und Erh\u00f6hung der Verg\u00fctung, Abrechnung der geleisteten Zusatzarbeiten und Ersatzarbeiten, Gemeinkosten der Baustelle, berechnete Vertragsstrafen, Inanspruchnahme der Gew\u00e4hrleistung oder Qualit\u00e4tsgarantie, sowie sonstige Anspr\u00fcche, die im Laufe der Ausf\u00fchrung von Bauvorhaben entstehen k\u00f6nnen.<\/p>\n<p>Erfahrungsbeispiele:<\/p>\n<h2>Stra\u00dfen- und Br\u00fcckeninfrastruktur:<\/h2>\n<ul>\n<li>Rechtsberatung f\u00fcr den Generalunternehmer des Abschnitts der Schnellstra\u00dfe S7 (sog. \u201eZakopianka\u201c) mit dem l\u00e4ngsten Tunnel in Polen, Auftraggeber: GDDKiA; Projektwert 1 Mrd. PLN<\/li>\n<li>Rechtsberatung f\u00fcr den Generalunternehmer eines Abschnitts der Schnellstra\u00dfe S5 (Wroc\u0142aw \u2013 Pozna\u0144); Auftraggeber: GDDKiA; Projektwert \u00fcber 1 Mrd. PLN<\/li>\n<li>Rechtsberatung f\u00fcr den Generalunternehmer des Ausbaus der Schnellstra\u00dfe S8 (M\u0119\u017cenin \u2013 Je\u017cewo); Auftraggeber: GDDKiA; Projektwert \u00fcber 440 Mio. PLN<\/li>\n<li>Rechtsberatung f\u00fcr den Generalunternehmer des Ausbaus der Schnellstra\u00dfe S8 (Wi\u015bniewo \u2013 M\u0119\u017cenin); Auftraggeber: GDDKiA; Projektwert \u00fcber 434 Mio. PLN<\/li>\n<li>Rechtsberatung f\u00fcr den Generalunternehmer eines Abschnitts der Schnellstra\u00dfe S6 (Nowogard \u2013 P\u0142oty); Auftraggeber: GDDKiA; Projektwert knapp 400 Mio. PLN<\/li>\n<li>Rechtsberatung f\u00fcr den Generalunternehmer eines Abschnitts der Schnellstra\u00dfe S51 (Olsztyn \u2013 Olsztynek); Auftraggeber: GDDKiA; Projektwert \u00fcber 321 Mio. PLN<\/li>\n<li>Rechtsberatung und Vertretung des Generalunternehmers in einem Rechtsstreit im Zusammenhang mit dem Bau der Autobahn A4 (Tarn\u00f3w\u2013Rzesz\u00f3w); Gesamtforderungen \u00fcber 208 Mio. PLN<\/li>\n<\/ul>\n<h2>Bahninfrastruktur:<\/h2>\n<ul>\n<li>Beratung des Generalunternehmers eines Konsortiums von Bauunternehmen bei Anspr\u00fcchen im Zusammenhang mit dem Bau der Rail Baltica-Strecke (E75 Czy\u017cew-Bia\u0142ystok); Projektwert 3 Mrd. PLN<\/li>\n<li>Beratung des Konsortiums der Auftragnehmer des GSM-R-Systems im Eisenbahnnetz in Polen; Auftraggeber: PKP Polskie Linie Kolejowe S.A., Projektwert: ca. 2,8 Mrd. PLN<\/li>\n<li>Beratung des Generalunternehmers des \u0141\u00f3d\u017a-Tunnels; Auftraggeber: PKP Polskie Linie Kolejowe S.A.; Projektwert \u00fcber 1,6 Mrd. PLN<\/li>\n<li>Beratung des Generalunternehmers von zwei Bauvorhaben im Rahmen des Baus der Stettiner Stadtbahn; Projektwert \u00fcber 600 Mio. PLN<\/li>\n<li>Rechtsberatung f\u00fcr den Generalunternehmer im Zusammenhang mit der Durchf\u00fchrung von Arbeiten an der Eisenbahnlinie Nr. 8, Abschnitt Warka-Radom; Projektwert \u00fcber 500 Mio. PLN<\/li>\n<li>Beratung des Auftragnehmers der Modernisierung der Streckenabschnitte LK Nr. 61 und Nr. 700 (Cz\u0119stochowa-Fosowskie); Auftraggeber: PKP Polskie Linie Kolejowe S.A.; Projektwert \u00fcber 270 Mio. PLN<\/li>\n<li>Beratung des Generalunternehmers beim Bau des Abschnitts LK Warszawa Zachodnia-Warszawa Ok\u0119cie (Verbindungsgleis zum Flughafen Ok\u0119cie); Auftraggeber: PKP Polskie Linie Kolejowe S.A.; Projektwert \u00fcber 230 Mio. PLN<\/li>\n<li>Beratung des Generalunternehmers des Abschnitts der Eisenbahnlinie Nr. 213 Reda-Hel; Projektwert \u00fcber 114 Mio. PLN<\/li>\n<li>Prozessvertretung eines Herstellers von Schienenfahrzeugen in einem Schiedsverfahren vor der KIG; Streitwert \u00fcber 104 Mio. PLN<\/li>\n<li>Beratung des Generalunternehmers bei der Modernisierung und Revitalisierung des Abschnitts LK Nr. 201; Auftraggeber: PKP Polskie Linie Kolejowe S.A.; Projektwert \u00fcber 100 Mio. PLN<\/li>\n<\/ul>\n<h2>Energieinfrastruktur:<\/h2>\n<ul>\n<li>Beratung des Auftraggebers bei der Errichtung eines Gas-und-Dampf-Kombikraftwerkes nach dem EPC-Konzept mit einer Leistung von 600 MWe; Projektwert \u00fcber 1,6 Mrd. PLN<\/li>\n<li>Beratung f\u00fcr Investoren bei der Realisierung von Produktionsanlagen (Polypropylen, Propylenglykol) und bei Investitionen der Azoty-Gruppe; Projektwert: 1,6\u20136,5 Mrd. PLN<\/li>\n<li>Beratung des Generalunternehmers der Modernisierung des Feuerungssystems der Kessel in den Kraftwerksbl\u00f6cken 7-12 im Kraftwerk PGE Elektrownia Be\u0142chat\u00f3w; Auftraggeber: PGE GiEK; Projektwert \u00fcber1,9 Mrd. PLN)<\/li>\n<li>Beratung des Konsortialf\u00fchrers der Generalunternehmer f\u00fcr den Ausbau des LNG-Terminals, Auftraggeber: Gaz-System<\/li>\n<li>Beratung des Konsortiums polnischer und ausl\u00e4ndischer Unternehmen, die im Rahmen eines EPC-Vertrags die Modernisierung der Bl\u00f6cke 4\u20136 des Kraftwerks Tur\u00f3w durchf\u00fchren; Auftraggeber: PGE GiEK; Projektwert \u00fcber 625 Mio. PLN<\/li>\n<li>Beratung des Generalunternehmers des Abschnitts Baltic Pipe; Auftraggeber: Gaz-System, Projektwert ca. 550 Mio. PLN<\/li>\n<li>Beratung des Generalunternehmers im Zusammenhang mit der \u00c4nderung des EPC-Vertrags \u2013 neuer superkritischer Block mit 1.075 MW im Kraftwerk Kozienice; Projektwert ca. 5,1 Mrd. PLN<\/li>\n<\/ul>\n<h2>Industrieobjekte und Hochbau:<\/h2>\n<ul>\n<li>Beratung der Generalunternehmer des Nationalstadions in Warschau; Auftraggeber: Staatskasse \u2013 Ministerium f\u00fcr Sport und Tourismus und Nationales Sportzentrum; Projektwert \u00fcber 1,5 Mrd. PLN<\/li>\n<li>Beratung eines privaten Investors (europ\u00e4ischer Hersteller aus der Metall- und Stra\u00dfeninstandhaltungsbranche) w\u00e4hrend des gesamten Prozesses der Vorbereitung und des Baus der gr\u00f6\u00dften<\/li>\n<li>Feuerverzinkungsanlage in Mittelosteuropa in Inowroc\u0142aw<\/li>\n<li>Beratung eines privaten Investors (globaler Hersteller aus der Automobilbranche) im Zusammenhang mit dem Ausbau der Produktionsst\u00e4tten in Tychy und K\u0119dzierzyn-Ko\u017ale<\/li>\n<li>Beratung eines privaten Investors (europ\u00e4ischer Konzern aus der Medizinproduktebranche) im Rahmen der Erweiterung und Modernisierung einer Produktionsst\u00e4tte<\/li>\n<li>Beratung eines privaten Investors (Hersteller von Hygieneartikeln) im Zusammenhang mit der Erweiterung der Produktionsst\u00e4tte in Klucze<\/li>\n<li>Beratung des Generalunternehmers des Stadions PGE Arena in Danzig (heute Arena Gda\u0144sk); Auftraggeber: Stadt Danzig und BIEG2012 Sp. z o.o.; Projektwert \u00fcber 780 Mio. PLN<\/li>\n<li>Vertragsberatung, auch w\u00e4hrend der Garantie- und Gew\u00e4hrleistungsfrist eines f\u00fchrenden ausl\u00e4ndischen Generalunternehmer, der an der italienischen B\u00f6rse notiert ist, im Zusammenhang mit dem Ausbau eines der gr\u00f6\u00dften Passagierterminals in Polen (Vertragswert ca. 370 Mio. PLN)<\/li>\n<li>Beratung des Generalunternehmers der Stadtpolizei und einen privaten Investor (ausl\u00e4ndischer Hersteller von Medizinprodukten) in \u0141\u00f3d\u017a im Zusammenhang mit dem Ausbau der Produktionsst\u00e4tte in K\u0142obuck<\/li>\n<li>Beratung des Generalunternehmers der Polizeidienststelle in Piotrk\u00f3w Trybunalski und amerikanische Betreiber von Rechenzentren bei der Umsetzung von Projekten in Polen<\/li>\n<li>Beratung einer f\u00fchrenden Kapitalgruppe in Europa und Asien bei der Erweiterung einer Tabaktrocknungsanlage um eine innovative Produktionslinie<\/li>\n<li>Vertragsberatung f\u00fcr ein polnisches Unternehmen, das ein Investitionsvorhaben (Ausstellungshalle) in Italien durchf\u00fchrt, sowie Vertretung dieses Unternehmens in einer Reihe von Gerichtsverfahren<\/li>\n<\/ul>\n<h2>Wasserinfrastruktur:<\/h2>\n<ul>\n<li>Beratung der Auftragnehmer der Modernisierungsarbeiten des Hochwasserschutzes am Staubecken Nei\u00dfe im Gerichtsstreit gegen den \u00f6ffentlichen Auftraggeber<\/li>\n<li>Beratung des Auftragnehmers der Bauarbeiten am Yachthafen Szczecin im Streit gegen den \u00f6ffentlichen Auftraggeber<\/li>\n<li>Beratung des Auftragnehmers des Programm- und Raumkonzeptes und technischen Dokumentation zum Wiederaufbau des Flusses Kanal Ko\u017cuszna<\/li>\n<li>Beratung des Auftragnehmers der Modernisierung und Schiffbarmachung des Hochwasserkanals und der Alten Oder im Streit gegen den \u00f6ffentlichen Auftraggeber<\/li>\n<li>Beratung des Auftragnehmers der Modernisierung der Fahrrinne \u015awinouj\u015bcie \u2013 Szczecin (Kana\u0142 Piastowski und Kana\u0142 Mieli\u0144ski) im Streit gegen den \u00f6ffentlichen Auftraggeber<\/li>\n<\/ul>\n","protected":false},"excerpt":{"rendered":"<p>Wir geh\u00f6ren zu den f\u00fchrenden Anwaltskanzleien im Bereich der Rechtsberatung f\u00fcr Generalunternehmer, Unterauftragnehmer, Auftraggeber und Planungsunternehmen, die komplexe Bau- und [&hellip;]<\/p>\n","protected":false},"author":19,"featured_media":2246,"parent":0,"menu_order":24,"comment_status":"closed","ping_status":"closed","template":"templates\/industries.php","meta":{"_acf_changed":false,"footnotes":""},"class_list":["post-12421","page","type-page","status-publish","has-post-thumbnail","hentry"],"acf":[],"yoast_head":"<!-- This site is optimized with the Yoast SEO plugin v27.5 - https:\/\/yoast.com\/product\/yoast-seo-wordpress\/ -->\n<title>Infrastruktur und Bauingenieurwesen - Rechtsberatung - Kanzlei JDP<\/title>\n<meta name=\"description\" content=\"Die Kanzlei JDP bietet Rechtsberatung im Bereich Infrastruktur und Bauingenieurwesen. Wir unterst\u00fctzen Investoren und Auftragnehmer in jeder Phase des Projekts.\" \/>\n<meta name=\"robots\" content=\"index, follow, max-snippet:-1, max-image-preview:large, max-video-preview:-1\" \/>\n<link rel=\"canonical\" href=\"https:\/\/jdp-law.pl\/de\/infrastruktur-und-bauingenieurwesen\/\" \/>\n<meta property=\"og:locale\" content=\"de_DE\" \/>\n<meta property=\"og:type\" content=\"article\" \/>\n<meta property=\"og:title\" content=\"Infrastruktur und Bauingenieurwesen - Rechtsberatung - Kanzlei JDP\" \/>\n<meta property=\"og:description\" content=\"Die Kanzlei JDP bietet Rechtsberatung im Bereich Infrastruktur und Bauingenieurwesen. Wir unterst\u00fctzen Investoren und Auftragnehmer in jeder Phase des Projekts.\" \/>\n<meta property=\"og:url\" content=\"https:\/\/jdp-law.pl\/de\/infrastruktur-und-bauingenieurwesen\/\" \/>\n<meta property=\"og:site_name\" content=\"Kanzlei JDP\" \/>\n<meta property=\"article:publisher\" content=\"https:\/\/www.facebook.com\/KancelariaJDP\/\" \/>\n<meta property=\"article:modified_time\" content=\"2025-09-16T21:49:52+00:00\" \/>\n<meta property=\"og:image\" content=\"https:\/\/jdp-law.pl\/wp-content\/uploads\/2021\/03\/Infrastruktura-i-budownictwo.jpg\" \/>\n\t<meta property=\"og:image:width\" content=\"538\" \/>\n\t<meta property=\"og:image:height\" content=\"476\" \/>\n\t<meta property=\"og:image:type\" content=\"image\/jpeg\" \/>\n<meta name=\"twitter:card\" content=\"summary_large_image\" \/>\n<meta name=\"twitter:label1\" content=\"Gesch\u00e4tzte Lesezeit\" \/>\n\t<meta name=\"twitter:data1\" content=\"7\u00a0Minuten\" \/>\n<script type=\"application\/ld+json\" class=\"yoast-schema-graph\">{\"@context\":\"https:\\\/\\\/schema.org\",\"@graph\":[{\"@type\":\"WebPage\",\"@id\":\"https:\\\/\\\/jdp-law.pl\\\/de\\\/infrastruktur-und-bauingenieurwesen\\\/\",\"url\":\"https:\\\/\\\/jdp-law.pl\\\/de\\\/infrastruktur-und-bauingenieurwesen\\\/\",\"name\":\"Infrastruktur und Bauingenieurwesen - Rechtsberatung - Kanzlei JDP\",\"isPartOf\":{\"@id\":\"https:\\\/\\\/jdp-law.pl\\\/de\\\/#website\"},\"primaryImageOfPage\":{\"@id\":\"https:\\\/\\\/jdp-law.pl\\\/de\\\/infrastruktur-und-bauingenieurwesen\\\/#primaryimage\"},\"image\":{\"@id\":\"https:\\\/\\\/jdp-law.pl\\\/de\\\/infrastruktur-und-bauingenieurwesen\\\/#primaryimage\"},\"thumbnailUrl\":\"https:\\\/\\\/jdp-law.pl\\\/wp-content\\\/uploads\\\/2021\\\/03\\\/Infrastruktura-i-budownictwo.jpg\",\"datePublished\":\"2024-10-23T19:26:39+00:00\",\"dateModified\":\"2025-09-16T21:49:52+00:00\",\"description\":\"Die Kanzlei JDP bietet Rechtsberatung im Bereich Infrastruktur und Bauingenieurwesen. Wir unterst\u00fctzen Investoren und Auftragnehmer in jeder Phase des Projekts.\",\"breadcrumb\":{\"@id\":\"https:\\\/\\\/jdp-law.pl\\\/de\\\/infrastruktur-und-bauingenieurwesen\\\/#breadcrumb\"},\"inLanguage\":\"de\",\"potentialAction\":[{\"@type\":\"ReadAction\",\"target\":[\"https:\\\/\\\/jdp-law.pl\\\/de\\\/infrastruktur-und-bauingenieurwesen\\\/\"]}]},{\"@type\":\"ImageObject\",\"inLanguage\":\"de\",\"@id\":\"https:\\\/\\\/jdp-law.pl\\\/de\\\/infrastruktur-und-bauingenieurwesen\\\/#primaryimage\",\"url\":\"https:\\\/\\\/jdp-law.pl\\\/wp-content\\\/uploads\\\/2021\\\/03\\\/Infrastruktura-i-budownictwo.jpg\",\"contentUrl\":\"https:\\\/\\\/jdp-law.pl\\\/wp-content\\\/uploads\\\/2021\\\/03\\\/Infrastruktura-i-budownictwo.jpg\",\"width\":538,\"height\":476},{\"@type\":\"BreadcrumbList\",\"@id\":\"https:\\\/\\\/jdp-law.pl\\\/de\\\/infrastruktur-und-bauingenieurwesen\\\/#breadcrumb\",\"itemListElement\":[{\"@type\":\"ListItem\",\"position\":1,\"name\":\"Startseite\",\"item\":\"https:\\\/\\\/jdp-law.pl\\\/de\\\/\"},{\"@type\":\"ListItem\",\"position\":2,\"name\":\"Infrastruktur und Bauingenieurwesen\"}]},{\"@type\":\"WebSite\",\"@id\":\"https:\\\/\\\/jdp-law.pl\\\/de\\\/#website\",\"url\":\"https:\\\/\\\/jdp-law.pl\\\/de\\\/\",\"name\":\"Kanzlei JDP\",\"description\":\"Wir beraten polnische und internationale Konzerne im Bereich Infrastruktur, Vergaberecht, Immobilien, Transport, Bauwesen, Handel, Produktion und Bankdienstleistungen.\",\"publisher\":{\"@id\":\"https:\\\/\\\/jdp-law.pl\\\/de\\\/#organization\"},\"potentialAction\":[{\"@type\":\"SearchAction\",\"target\":{\"@type\":\"EntryPoint\",\"urlTemplate\":\"https:\\\/\\\/jdp-law.pl\\\/de\\\/?s={search_term_string}\"},\"query-input\":{\"@type\":\"PropertyValueSpecification\",\"valueRequired\":true,\"valueName\":\"search_term_string\"}}],\"inLanguage\":\"de\"},{\"@type\":\"Organization\",\"@id\":\"https:\\\/\\\/jdp-law.pl\\\/de\\\/#organization\",\"name\":\"JDP DRAPA\u0141A CHOMIUK & PARTNERS Sp. k.\",\"url\":\"https:\\\/\\\/jdp-law.pl\\\/de\\\/\",\"logo\":{\"@type\":\"ImageObject\",\"inLanguage\":\"de\",\"@id\":\"https:\\\/\\\/jdp-law.pl\\\/de\\\/#\\\/schema\\\/logo\\\/image\\\/\",\"url\":\"https:\\\/\\\/jdp-law.pl\\\/wp-content\\\/uploads\\\/2024\\\/01\\\/logo-jdp-graph.jpg\",\"contentUrl\":\"https:\\\/\\\/jdp-law.pl\\\/wp-content\\\/uploads\\\/2024\\\/01\\\/logo-jdp-graph.jpg\",\"width\":696,\"height\":696,\"caption\":\"JDP DRAPA\u0141A CHOMIUK & PARTNERS Sp. k.\"},\"image\":{\"@id\":\"https:\\\/\\\/jdp-law.pl\\\/de\\\/#\\\/schema\\\/logo\\\/image\\\/\"},\"sameAs\":[\"https:\\\/\\\/www.facebook.com\\\/KancelariaJDP\\\/\",\"https:\\\/\\\/pl.linkedin.com\\\/company\\\/jara-drapala-&-partners\",\"https:\\\/\\\/www.youtube.com\\\/@jdp-law\"],\"legalName\":\"JDP DRAPA\u0141A CHOMIUK & PARTNERS Sp. k.\",\"email\":\"office@jdp-law.pl\",\"telephone\":\"+48 22 246 00 30\",\"faxNumber\":\"+48 22 246 00 31\",\"alternateName\":\"Kanzlei JDP\",\"description\":\"Kanzlei JDP. Wir beraten polnische und internationale Konzerne im Bereich Infrastruktur, Vergaberecht, Immobilien, Transport, Bauwesen, Handel, Produktion und Bankdienstleistungen.\",\"address\":{\"@type\":\"PostalAddress\",\"streetAddress\":\"ul. Bonifraterska 17\",\"addressLocality\":\"Warschau\",\"addressCountry\":\"PL\",\"addressRegion\":\"Masowien\",\"postalCode\":\"00-203\"},\"contactPoint\":{\"@type\":\"ContactPoint\",\"contactType\":\"B\u00fcro\",\"telephone\":\"+48 22 246 00 30\",\"email\":\"office@jdp-law.pl\"}}]}<\/script>\n<!-- \/ Yoast SEO plugin. -->","yoast_head_json":{"title":"Infrastruktur und Bauingenieurwesen - Rechtsberatung - Kanzlei JDP","description":"Die Kanzlei JDP bietet Rechtsberatung im Bereich Infrastruktur und Bauingenieurwesen. Wir unterst\u00fctzen Investoren und Auftragnehmer in jeder Phase des Projekts.","robots":{"index":"index","follow":"follow","max-snippet":"max-snippet:-1","max-image-preview":"max-image-preview:large","max-video-preview":"max-video-preview:-1"},"canonical":"https:\/\/jdp-law.pl\/de\/infrastruktur-und-bauingenieurwesen\/","og_locale":"de_DE","og_type":"article","og_title":"Infrastruktur und Bauingenieurwesen - Rechtsberatung - Kanzlei JDP","og_description":"Die Kanzlei JDP bietet Rechtsberatung im Bereich Infrastruktur und Bauingenieurwesen. Wir unterst\u00fctzen Investoren und Auftragnehmer in jeder Phase des Projekts.","og_url":"https:\/\/jdp-law.pl\/de\/infrastruktur-und-bauingenieurwesen\/","og_site_name":"Kanzlei JDP","article_publisher":"https:\/\/www.facebook.com\/KancelariaJDP\/","article_modified_time":"2025-09-16T21:49:52+00:00","og_image":[{"width":538,"height":476,"url":"https:\/\/jdp-law.pl\/wp-content\/uploads\/2021\/03\/Infrastruktura-i-budownictwo.jpg","type":"image\/jpeg"}],"twitter_card":"summary_large_image","twitter_misc":{"Gesch\u00e4tzte Lesezeit":"7\u00a0Minuten"},"schema":{"@context":"https:\/\/schema.org","@graph":[{"@type":"WebPage","@id":"https:\/\/jdp-law.pl\/de\/infrastruktur-und-bauingenieurwesen\/","url":"https:\/\/jdp-law.pl\/de\/infrastruktur-und-bauingenieurwesen\/","name":"Infrastruktur und Bauingenieurwesen - Rechtsberatung - Kanzlei JDP","isPartOf":{"@id":"https:\/\/jdp-law.pl\/de\/#website"},"primaryImageOfPage":{"@id":"https:\/\/jdp-law.pl\/de\/infrastruktur-und-bauingenieurwesen\/#primaryimage"},"image":{"@id":"https:\/\/jdp-law.pl\/de\/infrastruktur-und-bauingenieurwesen\/#primaryimage"},"thumbnailUrl":"https:\/\/jdp-law.pl\/wp-content\/uploads\/2021\/03\/Infrastruktura-i-budownictwo.jpg","datePublished":"2024-10-23T19:26:39+00:00","dateModified":"2025-09-16T21:49:52+00:00","description":"Die Kanzlei JDP bietet Rechtsberatung im Bereich Infrastruktur und Bauingenieurwesen. Wir unterst\u00fctzen Investoren und Auftragnehmer in jeder Phase des Projekts.","breadcrumb":{"@id":"https:\/\/jdp-law.pl\/de\/infrastruktur-und-bauingenieurwesen\/#breadcrumb"},"inLanguage":"de","potentialAction":[{"@type":"ReadAction","target":["https:\/\/jdp-law.pl\/de\/infrastruktur-und-bauingenieurwesen\/"]}]},{"@type":"ImageObject","inLanguage":"de","@id":"https:\/\/jdp-law.pl\/de\/infrastruktur-und-bauingenieurwesen\/#primaryimage","url":"https:\/\/jdp-law.pl\/wp-content\/uploads\/2021\/03\/Infrastruktura-i-budownictwo.jpg","contentUrl":"https:\/\/jdp-law.pl\/wp-content\/uploads\/2021\/03\/Infrastruktura-i-budownictwo.jpg","width":538,"height":476},{"@type":"BreadcrumbList","@id":"https:\/\/jdp-law.pl\/de\/infrastruktur-und-bauingenieurwesen\/#breadcrumb","itemListElement":[{"@type":"ListItem","position":1,"name":"Startseite","item":"https:\/\/jdp-law.pl\/de\/"},{"@type":"ListItem","position":2,"name":"Infrastruktur und Bauingenieurwesen"}]},{"@type":"WebSite","@id":"https:\/\/jdp-law.pl\/de\/#website","url":"https:\/\/jdp-law.pl\/de\/","name":"Kanzlei JDP","description":"Wir beraten polnische und internationale Konzerne im Bereich Infrastruktur, Vergaberecht, Immobilien, Transport, Bauwesen, Handel, Produktion und Bankdienstleistungen.","publisher":{"@id":"https:\/\/jdp-law.pl\/de\/#organization"},"potentialAction":[{"@type":"SearchAction","target":{"@type":"EntryPoint","urlTemplate":"https:\/\/jdp-law.pl\/de\/?s={search_term_string}"},"query-input":{"@type":"PropertyValueSpecification","valueRequired":true,"valueName":"search_term_string"}}],"inLanguage":"de"},{"@type":"Organization","@id":"https:\/\/jdp-law.pl\/de\/#organization","name":"JDP DRAPA\u0141A CHOMIUK & PARTNERS Sp. k.","url":"https:\/\/jdp-law.pl\/de\/","logo":{"@type":"ImageObject","inLanguage":"de","@id":"https:\/\/jdp-law.pl\/de\/#\/schema\/logo\/image\/","url":"https:\/\/jdp-law.pl\/wp-content\/uploads\/2024\/01\/logo-jdp-graph.jpg","contentUrl":"https:\/\/jdp-law.pl\/wp-content\/uploads\/2024\/01\/logo-jdp-graph.jpg","width":696,"height":696,"caption":"JDP DRAPA\u0141A CHOMIUK & PARTNERS Sp. k."},"image":{"@id":"https:\/\/jdp-law.pl\/de\/#\/schema\/logo\/image\/"},"sameAs":["https:\/\/www.facebook.com\/KancelariaJDP\/","https:\/\/pl.linkedin.com\/company\/jara-drapala-&-partners","https:\/\/www.youtube.com\/@jdp-law"],"legalName":"JDP DRAPA\u0141A CHOMIUK & PARTNERS Sp. k.","email":"office@jdp-law.pl","telephone":"+48 22 246 00 30","faxNumber":"+48 22 246 00 31","alternateName":"Kanzlei JDP","description":"Kanzlei JDP. Wir beraten polnische und internationale Konzerne im Bereich Infrastruktur, Vergaberecht, Immobilien, Transport, Bauwesen, Handel, Produktion und Bankdienstleistungen.","address":{"@type":"PostalAddress","streetAddress":"ul. Bonifraterska 17","addressLocality":"Warschau","addressCountry":"PL","addressRegion":"Masowien","postalCode":"00-203"},"contactPoint":{"@type":"ContactPoint","contactType":"B\u00fcro","telephone":"+48 22 246 00 30","email":"office@jdp-law.pl"}}]}},"_links":{"self":[{"href":"https:\/\/jdp-law.pl\/de\/wp-json\/wp\/v2\/pages\/12421","targetHints":{"allow":["GET"]}}],"collection":[{"href":"https:\/\/jdp-law.pl\/de\/wp-json\/wp\/v2\/pages"}],"about":[{"href":"https:\/\/jdp-law.pl\/de\/wp-json\/wp\/v2\/types\/page"}],"author":[{"embeddable":true,"href":"https:\/\/jdp-law.pl\/de\/wp-json\/wp\/v2\/users\/19"}],"replies":[{"embeddable":true,"href":"https:\/\/jdp-law.pl\/de\/wp-json\/wp\/v2\/comments?post=12421"}],"version-history":[{"count":8,"href":"https:\/\/jdp-law.pl\/de\/wp-json\/wp\/v2\/pages\/12421\/revisions"}],"predecessor-version":[{"id":14323,"href":"https:\/\/jdp-law.pl\/de\/wp-json\/wp\/v2\/pages\/12421\/revisions\/14323"}],"wp:featuredmedia":[{"embeddable":true,"href":"https:\/\/jdp-law.pl\/de\/wp-json\/wp\/v2\/media\/2246"}],"wp:attachment":[{"href":"https:\/\/jdp-law.pl\/de\/wp-json\/wp\/v2\/media?parent=12421"}],"curies":[{"name":"wp","href":"https:\/\/api.w.org\/{rel}","templated":true}]}}