{"id":12427,"date":"2024-10-23T21:29:28","date_gmt":"2024-10-23T19:29:28","guid":{"rendered":"https:\/\/jdp-law.pl\/?page_id=12427"},"modified":"2024-10-23T21:29:28","modified_gmt":"2024-10-23T19:29:28","slug":"real-estate","status":"publish","type":"page","link":"https:\/\/jdp-law.pl\/de\/real-estate\/","title":{"rendered":"Real Estate"},"content":{"rendered":"<p>Wir bieten eine breit gef\u00e4cherte Rechts- und Steuerberatung f\u00fcr alle Teilnehmer des Immobilienmarktes, darunter f\u00fcr Eigent\u00fcmer und Verwalter von Objekten, Nutzer von Handels- und Gewerbefl\u00e4chen, Lagerfl\u00e4chen, Produktions- und B\u00fcrofl\u00e4chen, f\u00fcr Investmentfonds, Projektentwickler, sowie f\u00fcr Banken, die f\u00fcr die Finanzierung des Immobilienhandels zust\u00e4ndig sind. Unseren Mandanten stellen wir professionelle Beratungsdienste sowie rechtliche und steuerrechtliche L\u00f6sungen im Zusammenhang mit den Transaktionen auf dem Immobilienmarkt bereit, darunter bei der Erledigung von Immobilienprojekten nach dem Joint-Venture-Konzept. Eigent\u00fcmern und Verwaltern von Objekten leisten wir rechtlichen und steuerrechtlichen Beistand im Bereich der laufenden Verwaltung des Immobilienportfolios.<\/p>\n<p>Wir kennen die Bed\u00fcrfnisse und Erwartungen der Marktteilnehmer in den folgenden Bereichen:<\/p>\n<ul>\n<li>Erwerb und Ver\u00e4u\u00dferung von Handels-, B\u00fcro- und Industrieobjekten;<\/li>\n<li>Besteuerung des Immobilienhandels mit Mehrwertsteuer und Steuer auf zivilrechtliche Handlungen;<\/li>\n<li>Regelung der Rechtslage von Immobilien nach dem Erwerb bzw. vor dem Verkauf;<\/li>\n<li>Abwicklung von Logistik-, Lager- und Industrieprojekten nach dem <em>Build-to-Own-<\/em> und <em>Build-to-Suit<\/em>-Konzept;<\/li>\n<li>Erledigung von <em>Greenfield-<\/em> und <em>Brownfield<\/em>-Projekten;<\/li>\n<li>Kommerzialisierung (Vermietung) von Handels- und B\u00fcroobjekten sowie Immobilienleasing;<\/li>\n<li>Zusammenarbeit mit Banken im Bereich der inl\u00e4ndischen und grenz\u00fcberschreitenden Finanzierung des Immobilienhandels und der Sicherheiten f\u00fcr diese Finanzierung;<\/li>\n<li>Unterst\u00fctzung bei Verhandlungen \u00fcber die Kreditvertr\u00e4ge f\u00fcr den Erwerb oder die Refinanzierung von Immobilien, Sicherheitenstellung;<\/li>\n<li>Begleitung von Projektentwicklungen ab der Baugenehmigung \u00fcber die Bauma\u00dfnahmen selbst bis hin zu der Ver\u00e4u\u00dferung oder Kommerzialisierung von Objekten;<\/li>\n<li>\u00dcberpr\u00fcfung der Rechtslage der Immobilien im Auftrag von K\u00e4ufern und Verk\u00e4ufern;<\/li>\n<li>Laufende Verwaltung des Portfolios von Objekten mit unterschiedlichem Zweck.<\/li>\n<\/ul>\n","protected":false},"excerpt":{"rendered":"<p>Wir bieten eine breit gef\u00e4cherte Rechts- und Steuerberatung f\u00fcr alle Teilnehmer des Immobilienmarktes, darunter f\u00fcr Eigent\u00fcmer und Verwalter von Objekten, [&hellip;]<\/p>\n","protected":false},"author":19,"featured_media":2249,"parent":0,"menu_order":25,"comment_status":"closed","ping_status":"closed","template":"templates\/industries.php","meta":{"_acf_changed":false,"footnotes":""},"class_list":["post-12427","page","type-page","status-publish","has-post-thumbnail","hentry"],"acf":[],"yoast_head":"<!-- This site is optimized with the Yoast SEO plugin v27.4 - https:\/\/yoast.com\/product\/yoast-seo-wordpress\/ -->\n<title>Real estate - Rechtsberatung - Kanzlei JDP<\/title>\n<meta name=\"description\" content=\"Wir bieten Rechtsberatung f\u00fcr Marktteilnehmer im Real Estate: Eigent\u00fcmer, Verwalter, Entwickler, Investmentfonds und Banken.\" \/>\n<meta name=\"robots\" content=\"index, follow, max-snippet:-1, max-image-preview:large, max-video-preview:-1\" \/>\n<link rel=\"canonical\" href=\"https:\/\/jdp-law.pl\/de\/real-estate\/\" \/>\n<meta property=\"og:locale\" content=\"de_DE\" \/>\n<meta property=\"og:type\" content=\"article\" \/>\n<meta property=\"og:title\" content=\"Real estate - Rechtsberatung - Kanzlei JDP\" \/>\n<meta property=\"og:description\" content=\"Wir bieten Rechtsberatung f\u00fcr Marktteilnehmer im Real Estate: Eigent\u00fcmer, Verwalter, Entwickler, Investmentfonds und Banken.\" \/>\n<meta property=\"og:url\" content=\"https:\/\/jdp-law.pl\/de\/real-estate\/\" \/>\n<meta property=\"og:site_name\" content=\"Kanzlei JDP\" \/>\n<meta property=\"article:publisher\" content=\"https:\/\/www.facebook.com\/KancelariaJDP\/\" \/>\n<meta property=\"og:image\" content=\"https:\/\/jdp-law.pl\/wp-content\/uploads\/2021\/03\/Real-Estate.jpg\" \/>\n\t<meta property=\"og:image:width\" content=\"538\" \/>\n\t<meta property=\"og:image:height\" content=\"476\" \/>\n\t<meta property=\"og:image:type\" content=\"image\/jpeg\" \/>\n<meta name=\"twitter:card\" content=\"summary_large_image\" \/>\n<meta name=\"twitter:label1\" content=\"Gesch\u00e4tzte Lesezeit\" \/>\n\t<meta name=\"twitter:data1\" content=\"2\u00a0Minuten\" \/>\n<script type=\"application\/ld+json\" class=\"yoast-schema-graph\">{\"@context\":\"https:\\\/\\\/schema.org\",\"@graph\":[{\"@type\":\"WebPage\",\"@id\":\"https:\\\/\\\/jdp-law.pl\\\/de\\\/real-estate\\\/\",\"url\":\"https:\\\/\\\/jdp-law.pl\\\/de\\\/real-estate\\\/\",\"name\":\"Real estate - Rechtsberatung - Kanzlei JDP\",\"isPartOf\":{\"@id\":\"https:\\\/\\\/jdp-law.pl\\\/de\\\/#website\"},\"primaryImageOfPage\":{\"@id\":\"https:\\\/\\\/jdp-law.pl\\\/de\\\/real-estate\\\/#primaryimage\"},\"image\":{\"@id\":\"https:\\\/\\\/jdp-law.pl\\\/de\\\/real-estate\\\/#primaryimage\"},\"thumbnailUrl\":\"https:\\\/\\\/jdp-law.pl\\\/wp-content\\\/uploads\\\/2021\\\/03\\\/Real-Estate.jpg\",\"datePublished\":\"2024-10-23T19:29:28+00:00\",\"description\":\"Wir bieten Rechtsberatung f\u00fcr Marktteilnehmer im Real Estate: Eigent\u00fcmer, Verwalter, Entwickler, Investmentfonds und Banken.\",\"breadcrumb\":{\"@id\":\"https:\\\/\\\/jdp-law.pl\\\/de\\\/real-estate\\\/#breadcrumb\"},\"inLanguage\":\"de\",\"potentialAction\":[{\"@type\":\"ReadAction\",\"target\":[\"https:\\\/\\\/jdp-law.pl\\\/de\\\/real-estate\\\/\"]}]},{\"@type\":\"ImageObject\",\"inLanguage\":\"de\",\"@id\":\"https:\\\/\\\/jdp-law.pl\\\/de\\\/real-estate\\\/#primaryimage\",\"url\":\"https:\\\/\\\/jdp-law.pl\\\/wp-content\\\/uploads\\\/2021\\\/03\\\/Real-Estate.jpg\",\"contentUrl\":\"https:\\\/\\\/jdp-law.pl\\\/wp-content\\\/uploads\\\/2021\\\/03\\\/Real-Estate.jpg\",\"width\":538,\"height\":476},{\"@type\":\"BreadcrumbList\",\"@id\":\"https:\\\/\\\/jdp-law.pl\\\/de\\\/real-estate\\\/#breadcrumb\",\"itemListElement\":[{\"@type\":\"ListItem\",\"position\":1,\"name\":\"Startseite\",\"item\":\"https:\\\/\\\/jdp-law.pl\\\/de\\\/\"},{\"@type\":\"ListItem\",\"position\":2,\"name\":\"Real Estate\"}]},{\"@type\":\"WebSite\",\"@id\":\"https:\\\/\\\/jdp-law.pl\\\/de\\\/#website\",\"url\":\"https:\\\/\\\/jdp-law.pl\\\/de\\\/\",\"name\":\"Kanzlei JDP\",\"description\":\"Wir beraten polnische und internationale Konzerne im Bereich Infrastruktur, Vergaberecht, Immobilien, Transport, Bauwesen, Handel, Produktion und Bankdienstleistungen.\",\"publisher\":{\"@id\":\"https:\\\/\\\/jdp-law.pl\\\/de\\\/#organization\"},\"potentialAction\":[{\"@type\":\"SearchAction\",\"target\":{\"@type\":\"EntryPoint\",\"urlTemplate\":\"https:\\\/\\\/jdp-law.pl\\\/de\\\/?s={search_term_string}\"},\"query-input\":{\"@type\":\"PropertyValueSpecification\",\"valueRequired\":true,\"valueName\":\"search_term_string\"}}],\"inLanguage\":\"de\"},{\"@type\":\"Organization\",\"@id\":\"https:\\\/\\\/jdp-law.pl\\\/de\\\/#organization\",\"name\":\"JDP DRAPA\u0141A CHOMIUK & PARTNERS Sp. k.\",\"url\":\"https:\\\/\\\/jdp-law.pl\\\/de\\\/\",\"logo\":{\"@type\":\"ImageObject\",\"inLanguage\":\"de\",\"@id\":\"https:\\\/\\\/jdp-law.pl\\\/de\\\/#\\\/schema\\\/logo\\\/image\\\/\",\"url\":\"https:\\\/\\\/jdp-law.pl\\\/wp-content\\\/uploads\\\/2024\\\/01\\\/logo-jdp-graph.jpg\",\"contentUrl\":\"https:\\\/\\\/jdp-law.pl\\\/wp-content\\\/uploads\\\/2024\\\/01\\\/logo-jdp-graph.jpg\",\"width\":696,\"height\":696,\"caption\":\"JDP DRAPA\u0141A CHOMIUK & PARTNERS Sp. k.\"},\"image\":{\"@id\":\"https:\\\/\\\/jdp-law.pl\\\/de\\\/#\\\/schema\\\/logo\\\/image\\\/\"},\"sameAs\":[\"https:\\\/\\\/www.facebook.com\\\/KancelariaJDP\\\/\",\"https:\\\/\\\/pl.linkedin.com\\\/company\\\/jara-drapala-&-partners\",\"https:\\\/\\\/www.youtube.com\\\/@jdp-law\"],\"legalName\":\"JDP DRAPA\u0141A CHOMIUK & PARTNERS Sp. k.\",\"email\":\"office@jdp-law.pl\",\"telephone\":\"+48 22 246 00 30\",\"faxNumber\":\"+48 22 246 00 31\",\"alternateName\":\"Kanzlei JDP\",\"description\":\"Kanzlei JDP. Wir beraten polnische und internationale Konzerne im Bereich Infrastruktur, Vergaberecht, Immobilien, Transport, Bauwesen, Handel, Produktion und Bankdienstleistungen.\",\"address\":{\"@type\":\"PostalAddress\",\"streetAddress\":\"ul. Bonifraterska 17\",\"addressLocality\":\"Warschau\",\"addressCountry\":\"PL\",\"addressRegion\":\"Masowien\",\"postalCode\":\"00-203\"},\"contactPoint\":{\"@type\":\"ContactPoint\",\"contactType\":\"B\u00fcro\",\"telephone\":\"+48 22 246 00 30\",\"email\":\"office@jdp-law.pl\"}}]}<\/script>\n<!-- \/ Yoast SEO plugin. -->","yoast_head_json":{"title":"Real estate - Rechtsberatung - Kanzlei JDP","description":"Wir bieten Rechtsberatung f\u00fcr Marktteilnehmer im Real Estate: Eigent\u00fcmer, Verwalter, Entwickler, Investmentfonds und Banken.","robots":{"index":"index","follow":"follow","max-snippet":"max-snippet:-1","max-image-preview":"max-image-preview:large","max-video-preview":"max-video-preview:-1"},"canonical":"https:\/\/jdp-law.pl\/de\/real-estate\/","og_locale":"de_DE","og_type":"article","og_title":"Real estate - Rechtsberatung - Kanzlei JDP","og_description":"Wir bieten Rechtsberatung f\u00fcr Marktteilnehmer im Real Estate: Eigent\u00fcmer, Verwalter, Entwickler, Investmentfonds und Banken.","og_url":"https:\/\/jdp-law.pl\/de\/real-estate\/","og_site_name":"Kanzlei JDP","article_publisher":"https:\/\/www.facebook.com\/KancelariaJDP\/","og_image":[{"width":538,"height":476,"url":"https:\/\/jdp-law.pl\/wp-content\/uploads\/2021\/03\/Real-Estate.jpg","type":"image\/jpeg"}],"twitter_card":"summary_large_image","twitter_misc":{"Gesch\u00e4tzte Lesezeit":"2\u00a0Minuten"},"schema":{"@context":"https:\/\/schema.org","@graph":[{"@type":"WebPage","@id":"https:\/\/jdp-law.pl\/de\/real-estate\/","url":"https:\/\/jdp-law.pl\/de\/real-estate\/","name":"Real estate - Rechtsberatung - Kanzlei JDP","isPartOf":{"@id":"https:\/\/jdp-law.pl\/de\/#website"},"primaryImageOfPage":{"@id":"https:\/\/jdp-law.pl\/de\/real-estate\/#primaryimage"},"image":{"@id":"https:\/\/jdp-law.pl\/de\/real-estate\/#primaryimage"},"thumbnailUrl":"https:\/\/jdp-law.pl\/wp-content\/uploads\/2021\/03\/Real-Estate.jpg","datePublished":"2024-10-23T19:29:28+00:00","description":"Wir bieten Rechtsberatung f\u00fcr Marktteilnehmer im Real Estate: Eigent\u00fcmer, Verwalter, Entwickler, Investmentfonds und Banken.","breadcrumb":{"@id":"https:\/\/jdp-law.pl\/de\/real-estate\/#breadcrumb"},"inLanguage":"de","potentialAction":[{"@type":"ReadAction","target":["https:\/\/jdp-law.pl\/de\/real-estate\/"]}]},{"@type":"ImageObject","inLanguage":"de","@id":"https:\/\/jdp-law.pl\/de\/real-estate\/#primaryimage","url":"https:\/\/jdp-law.pl\/wp-content\/uploads\/2021\/03\/Real-Estate.jpg","contentUrl":"https:\/\/jdp-law.pl\/wp-content\/uploads\/2021\/03\/Real-Estate.jpg","width":538,"height":476},{"@type":"BreadcrumbList","@id":"https:\/\/jdp-law.pl\/de\/real-estate\/#breadcrumb","itemListElement":[{"@type":"ListItem","position":1,"name":"Startseite","item":"https:\/\/jdp-law.pl\/de\/"},{"@type":"ListItem","position":2,"name":"Real Estate"}]},{"@type":"WebSite","@id":"https:\/\/jdp-law.pl\/de\/#website","url":"https:\/\/jdp-law.pl\/de\/","name":"Kanzlei JDP","description":"Wir beraten polnische und internationale Konzerne im Bereich Infrastruktur, Vergaberecht, Immobilien, Transport, Bauwesen, Handel, Produktion und Bankdienstleistungen.","publisher":{"@id":"https:\/\/jdp-law.pl\/de\/#organization"},"potentialAction":[{"@type":"SearchAction","target":{"@type":"EntryPoint","urlTemplate":"https:\/\/jdp-law.pl\/de\/?s={search_term_string}"},"query-input":{"@type":"PropertyValueSpecification","valueRequired":true,"valueName":"search_term_string"}}],"inLanguage":"de"},{"@type":"Organization","@id":"https:\/\/jdp-law.pl\/de\/#organization","name":"JDP DRAPA\u0141A CHOMIUK & PARTNERS Sp. k.","url":"https:\/\/jdp-law.pl\/de\/","logo":{"@type":"ImageObject","inLanguage":"de","@id":"https:\/\/jdp-law.pl\/de\/#\/schema\/logo\/image\/","url":"https:\/\/jdp-law.pl\/wp-content\/uploads\/2024\/01\/logo-jdp-graph.jpg","contentUrl":"https:\/\/jdp-law.pl\/wp-content\/uploads\/2024\/01\/logo-jdp-graph.jpg","width":696,"height":696,"caption":"JDP DRAPA\u0141A CHOMIUK & PARTNERS Sp. k."},"image":{"@id":"https:\/\/jdp-law.pl\/de\/#\/schema\/logo\/image\/"},"sameAs":["https:\/\/www.facebook.com\/KancelariaJDP\/","https:\/\/pl.linkedin.com\/company\/jara-drapala-&-partners","https:\/\/www.youtube.com\/@jdp-law"],"legalName":"JDP DRAPA\u0141A CHOMIUK & PARTNERS Sp. k.","email":"office@jdp-law.pl","telephone":"+48 22 246 00 30","faxNumber":"+48 22 246 00 31","alternateName":"Kanzlei JDP","description":"Kanzlei JDP. Wir beraten polnische und internationale Konzerne im Bereich Infrastruktur, Vergaberecht, Immobilien, Transport, Bauwesen, Handel, Produktion und Bankdienstleistungen.","address":{"@type":"PostalAddress","streetAddress":"ul. Bonifraterska 17","addressLocality":"Warschau","addressCountry":"PL","addressRegion":"Masowien","postalCode":"00-203"},"contactPoint":{"@type":"ContactPoint","contactType":"B\u00fcro","telephone":"+48 22 246 00 30","email":"office@jdp-law.pl"}}]}},"_links":{"self":[{"href":"https:\/\/jdp-law.pl\/de\/wp-json\/wp\/v2\/pages\/12427","targetHints":{"allow":["GET"]}}],"collection":[{"href":"https:\/\/jdp-law.pl\/de\/wp-json\/wp\/v2\/pages"}],"about":[{"href":"https:\/\/jdp-law.pl\/de\/wp-json\/wp\/v2\/types\/page"}],"author":[{"embeddable":true,"href":"https:\/\/jdp-law.pl\/de\/wp-json\/wp\/v2\/users\/19"}],"replies":[{"embeddable":true,"href":"https:\/\/jdp-law.pl\/de\/wp-json\/wp\/v2\/comments?post=12427"}],"version-history":[{"count":2,"href":"https:\/\/jdp-law.pl\/de\/wp-json\/wp\/v2\/pages\/12427\/revisions"}],"predecessor-version":[{"id":12429,"href":"https:\/\/jdp-law.pl\/de\/wp-json\/wp\/v2\/pages\/12427\/revisions\/12429"}],"wp:featuredmedia":[{"embeddable":true,"href":"https:\/\/jdp-law.pl\/de\/wp-json\/wp\/v2\/media\/2249"}],"wp:attachment":[{"href":"https:\/\/jdp-law.pl\/de\/wp-json\/wp\/v2\/media?parent=12427"}],"curies":[{"name":"wp","href":"https:\/\/api.w.org\/{rel}","templated":true}]}}