{"id":12440,"date":"2024-10-23T21:33:58","date_gmt":"2024-10-23T19:33:58","guid":{"rendered":"https:\/\/jdp-law.pl\/?page_id=12440"},"modified":"2024-10-23T21:33:58","modified_gmt":"2024-10-23T19:33:58","slug":"automobilindustrie","status":"publish","type":"page","link":"https:\/\/jdp-law.pl\/de\/automobilindustrie\/","title":{"rendered":"Automobilindustrie"},"content":{"rendered":"<p>Wir bieten Dienstleistungen f\u00fcr Unternehmen aus der Automobilindustrie, indem wir innovative L\u00f6sungen f\u00fcr rechtliche und steuerrechtliche Problemstellungen in allen Aspekten ihrer T\u00e4tigkeit bereithalten. Wir beraten sowohl renommierte Fahrzeughersteller durch F\u00f6rderung ihrer Verkaufsaktivit\u00e4ten als auch die Lieferanten und Auftragnehmer in der breit gef\u00e4cherten Automobilindustrie.<\/p>\n<p>Insbesondere umfasst unser Beratungsspektrum:<\/p>\n<ul>\n<li>Gestaltung der allgemeinen Vertragsbedingungen f\u00fcr die in der Automobilindustrie eingesetzten Vertr\u00e4ge mit Gesch\u00e4ftskunden und Verbrauchern;<\/li>\n<li>Beratung im Bereich der Finanzierung des Fahrzeugerwerbs von Einzelh\u00e4ndlern (Finanzierung f\u00fcr Endkunden) und Gro\u00dfh\u00e4ndlern (Finanzierung f\u00fcr Autoh\u00e4ndler), unter rechtlichen und steuerrechtlichen Aspekten;<\/li>\n<li>Unterst\u00fctzung unserer Mandanten in allen rechtlichen und steuerrechtlichen Fragestellungen betreffend die Entwicklung der H\u00e4ndlerkette im Inland;<\/li>\n<li>Begleitung der Marketingkampagnen unserer Mandanten in rechtlicher und steuerrechtlicher Hinsicht;<\/li>\n<li>Bereitstellung der erforderlichen rechtlichen und steuerrechtlichen Leistungen im Zusammenhang mit der laufenden T\u00e4tigkeit der Fahrzeugwerke und Fahrzeugteilehersteller auf allen Stufen der Lieferkette (Hersteller \u2013 Lieferant Tier 1 \u2013 Hersteller Tier 2);<\/li>\n<li>Beratung im Bereich der Finanzierung und des Erwerbs von Maschinen, Anlagen und technologischen Linien;<\/li>\n<li>Vertretung unserer Mandanten in Verfahren wegen Produktqualit\u00e4t und Produkthaftung f\u00fcr gef\u00e4hrliche Produkte;<\/li>\n<li>Ausarbeitung innovativer Rechtsl\u00f6sungen im Zusammenhang mit der dynamischen technologischen Entwicklung der Branche.<\/li>\n<\/ul>\n","protected":false},"excerpt":{"rendered":"<p>Wir bieten Dienstleistungen f\u00fcr Unternehmen aus der Automobilindustrie, indem wir innovative L\u00f6sungen f\u00fcr rechtliche und steuerrechtliche Problemstellungen in allen Aspekten [&hellip;]<\/p>\n","protected":false},"author":19,"featured_media":2252,"parent":0,"menu_order":29,"comment_status":"closed","ping_status":"closed","template":"templates\/industries.php","meta":{"_acf_changed":false,"footnotes":""},"class_list":["post-12440","page","type-page","status-publish","has-post-thumbnail","hentry"],"acf":[],"yoast_head":"<!-- This site is optimized with the Yoast SEO plugin v27.6 - https:\/\/yoast.com\/product\/yoast-seo-wordpress\/ -->\n<title>Rechtsberatung f\u00fcr die Automobilindustrie - Kanzlei JDP<\/title>\n<meta name=\"description\" content=\"Wir bieten umfassende Rechtsberatung f\u00fcr Unternehmen in der Automobilindustrie. Wir unterst\u00fctzen Fahrzeughersteller sowie Zulieferer und Auftragnehmer.\" \/>\n<meta name=\"robots\" content=\"index, follow, max-snippet:-1, max-image-preview:large, max-video-preview:-1\" \/>\n<link rel=\"canonical\" href=\"https:\/\/jdp-law.pl\/de\/automobilindustrie\/\" \/>\n<meta property=\"og:locale\" content=\"de_DE\" \/>\n<meta property=\"og:type\" content=\"article\" \/>\n<meta property=\"og:title\" content=\"Rechtsberatung f\u00fcr die Automobilindustrie - Kanzlei JDP\" \/>\n<meta property=\"og:description\" content=\"Wir bieten umfassende Rechtsberatung f\u00fcr Unternehmen in der Automobilindustrie. Wir unterst\u00fctzen Fahrzeughersteller sowie Zulieferer und Auftragnehmer.\" \/>\n<meta property=\"og:url\" content=\"https:\/\/jdp-law.pl\/de\/automobilindustrie\/\" \/>\n<meta property=\"og:site_name\" content=\"Kanzlei JDP\" \/>\n<meta property=\"article:publisher\" content=\"https:\/\/www.facebook.com\/KancelariaJDP\/\" \/>\n<meta property=\"og:image\" content=\"https:\/\/jdp-law.pl\/wp-content\/uploads\/2021\/03\/Motoryzacja.jpg\" \/>\n\t<meta property=\"og:image:width\" content=\"538\" \/>\n\t<meta property=\"og:image:height\" content=\"476\" \/>\n\t<meta property=\"og:image:type\" content=\"image\/jpeg\" \/>\n<meta name=\"twitter:card\" content=\"summary_large_image\" \/>\n<meta name=\"twitter:label1\" content=\"Gesch\u00e4tzte Lesezeit\" \/>\n\t<meta name=\"twitter:data1\" content=\"2\u00a0Minuten\" \/>\n<script type=\"application\/ld+json\" class=\"yoast-schema-graph\">{\"@context\":\"https:\\\/\\\/schema.org\",\"@graph\":[{\"@type\":\"WebPage\",\"@id\":\"https:\\\/\\\/jdp-law.pl\\\/de\\\/automobilindustrie\\\/\",\"url\":\"https:\\\/\\\/jdp-law.pl\\\/de\\\/automobilindustrie\\\/\",\"name\":\"Rechtsberatung f\u00fcr die Automobilindustrie - Kanzlei JDP\",\"isPartOf\":{\"@id\":\"https:\\\/\\\/jdp-law.pl\\\/de\\\/#website\"},\"primaryImageOfPage\":{\"@id\":\"https:\\\/\\\/jdp-law.pl\\\/de\\\/automobilindustrie\\\/#primaryimage\"},\"image\":{\"@id\":\"https:\\\/\\\/jdp-law.pl\\\/de\\\/automobilindustrie\\\/#primaryimage\"},\"thumbnailUrl\":\"https:\\\/\\\/jdp-law.pl\\\/wp-content\\\/uploads\\\/2021\\\/03\\\/Motoryzacja.jpg\",\"datePublished\":\"2024-10-23T19:33:58+00:00\",\"description\":\"Wir bieten umfassende Rechtsberatung f\u00fcr Unternehmen in der Automobilindustrie. Wir unterst\u00fctzen Fahrzeughersteller sowie Zulieferer und Auftragnehmer.\",\"breadcrumb\":{\"@id\":\"https:\\\/\\\/jdp-law.pl\\\/de\\\/automobilindustrie\\\/#breadcrumb\"},\"inLanguage\":\"de\",\"potentialAction\":[{\"@type\":\"ReadAction\",\"target\":[\"https:\\\/\\\/jdp-law.pl\\\/de\\\/automobilindustrie\\\/\"]}]},{\"@type\":\"ImageObject\",\"inLanguage\":\"de\",\"@id\":\"https:\\\/\\\/jdp-law.pl\\\/de\\\/automobilindustrie\\\/#primaryimage\",\"url\":\"https:\\\/\\\/jdp-law.pl\\\/wp-content\\\/uploads\\\/2021\\\/03\\\/Motoryzacja.jpg\",\"contentUrl\":\"https:\\\/\\\/jdp-law.pl\\\/wp-content\\\/uploads\\\/2021\\\/03\\\/Motoryzacja.jpg\",\"width\":538,\"height\":476},{\"@type\":\"BreadcrumbList\",\"@id\":\"https:\\\/\\\/jdp-law.pl\\\/de\\\/automobilindustrie\\\/#breadcrumb\",\"itemListElement\":[{\"@type\":\"ListItem\",\"position\":1,\"name\":\"Startseite\",\"item\":\"https:\\\/\\\/jdp-law.pl\\\/de\\\/\"},{\"@type\":\"ListItem\",\"position\":2,\"name\":\"Automobilindustrie\"}]},{\"@type\":\"WebSite\",\"@id\":\"https:\\\/\\\/jdp-law.pl\\\/de\\\/#website\",\"url\":\"https:\\\/\\\/jdp-law.pl\\\/de\\\/\",\"name\":\"Kanzlei JDP\",\"description\":\"Wir beraten polnische und internationale Konzerne im Bereich Infrastruktur, Vergaberecht, Immobilien, Transport, Bauwesen, Handel, Produktion und Bankdienstleistungen.\",\"publisher\":{\"@id\":\"https:\\\/\\\/jdp-law.pl\\\/de\\\/#organization\"},\"potentialAction\":[{\"@type\":\"SearchAction\",\"target\":{\"@type\":\"EntryPoint\",\"urlTemplate\":\"https:\\\/\\\/jdp-law.pl\\\/de\\\/?s={search_term_string}\"},\"query-input\":{\"@type\":\"PropertyValueSpecification\",\"valueRequired\":true,\"valueName\":\"search_term_string\"}}],\"inLanguage\":\"de\"},{\"@type\":\"Organization\",\"@id\":\"https:\\\/\\\/jdp-law.pl\\\/de\\\/#organization\",\"name\":\"JDP DRAPA\u0141A CHOMIUK & PARTNERS Sp. k.\",\"url\":\"https:\\\/\\\/jdp-law.pl\\\/de\\\/\",\"logo\":{\"@type\":\"ImageObject\",\"inLanguage\":\"de\",\"@id\":\"https:\\\/\\\/jdp-law.pl\\\/de\\\/#\\\/schema\\\/logo\\\/image\\\/\",\"url\":\"https:\\\/\\\/jdp-law.pl\\\/wp-content\\\/uploads\\\/2024\\\/01\\\/logo-jdp-graph.jpg\",\"contentUrl\":\"https:\\\/\\\/jdp-law.pl\\\/wp-content\\\/uploads\\\/2024\\\/01\\\/logo-jdp-graph.jpg\",\"width\":696,\"height\":696,\"caption\":\"JDP DRAPA\u0141A CHOMIUK & PARTNERS Sp. k.\"},\"image\":{\"@id\":\"https:\\\/\\\/jdp-law.pl\\\/de\\\/#\\\/schema\\\/logo\\\/image\\\/\"},\"sameAs\":[\"https:\\\/\\\/www.facebook.com\\\/KancelariaJDP\\\/\",\"https:\\\/\\\/pl.linkedin.com\\\/company\\\/jara-drapala-&-partners\",\"https:\\\/\\\/www.youtube.com\\\/@jdp-law\"],\"legalName\":\"JDP DRAPA\u0141A CHOMIUK & PARTNERS Sp. k.\",\"email\":\"office@jdp-law.pl\",\"telephone\":\"+48 22 246 00 30\",\"faxNumber\":\"+48 22 246 00 31\",\"alternateName\":\"Kanzlei JDP\",\"description\":\"Kanzlei JDP. Wir beraten polnische und internationale Konzerne im Bereich Infrastruktur, Vergaberecht, Immobilien, Transport, Bauwesen, Handel, Produktion und Bankdienstleistungen.\",\"address\":{\"@type\":\"PostalAddress\",\"streetAddress\":\"ul. Bonifraterska 17\",\"addressLocality\":\"Warschau\",\"addressCountry\":\"PL\",\"addressRegion\":\"Masowien\",\"postalCode\":\"00-203\"},\"contactPoint\":{\"@type\":\"ContactPoint\",\"contactType\":\"B\u00fcro\",\"telephone\":\"+48 22 246 00 30\",\"email\":\"office@jdp-law.pl\"}}]}<\/script>\n<!-- \/ Yoast SEO plugin. -->","yoast_head_json":{"title":"Rechtsberatung f\u00fcr die Automobilindustrie - Kanzlei JDP","description":"Wir bieten umfassende Rechtsberatung f\u00fcr Unternehmen in der Automobilindustrie. Wir unterst\u00fctzen Fahrzeughersteller sowie Zulieferer und Auftragnehmer.","robots":{"index":"index","follow":"follow","max-snippet":"max-snippet:-1","max-image-preview":"max-image-preview:large","max-video-preview":"max-video-preview:-1"},"canonical":"https:\/\/jdp-law.pl\/de\/automobilindustrie\/","og_locale":"de_DE","og_type":"article","og_title":"Rechtsberatung f\u00fcr die Automobilindustrie - Kanzlei JDP","og_description":"Wir bieten umfassende Rechtsberatung f\u00fcr Unternehmen in der Automobilindustrie. Wir unterst\u00fctzen Fahrzeughersteller sowie Zulieferer und Auftragnehmer.","og_url":"https:\/\/jdp-law.pl\/de\/automobilindustrie\/","og_site_name":"Kanzlei JDP","article_publisher":"https:\/\/www.facebook.com\/KancelariaJDP\/","og_image":[{"width":538,"height":476,"url":"https:\/\/jdp-law.pl\/wp-content\/uploads\/2021\/03\/Motoryzacja.jpg","type":"image\/jpeg"}],"twitter_card":"summary_large_image","twitter_misc":{"Gesch\u00e4tzte Lesezeit":"2\u00a0Minuten"},"schema":{"@context":"https:\/\/schema.org","@graph":[{"@type":"WebPage","@id":"https:\/\/jdp-law.pl\/de\/automobilindustrie\/","url":"https:\/\/jdp-law.pl\/de\/automobilindustrie\/","name":"Rechtsberatung f\u00fcr die Automobilindustrie - Kanzlei JDP","isPartOf":{"@id":"https:\/\/jdp-law.pl\/de\/#website"},"primaryImageOfPage":{"@id":"https:\/\/jdp-law.pl\/de\/automobilindustrie\/#primaryimage"},"image":{"@id":"https:\/\/jdp-law.pl\/de\/automobilindustrie\/#primaryimage"},"thumbnailUrl":"https:\/\/jdp-law.pl\/wp-content\/uploads\/2021\/03\/Motoryzacja.jpg","datePublished":"2024-10-23T19:33:58+00:00","description":"Wir bieten umfassende Rechtsberatung f\u00fcr Unternehmen in der Automobilindustrie. Wir unterst\u00fctzen Fahrzeughersteller sowie Zulieferer und Auftragnehmer.","breadcrumb":{"@id":"https:\/\/jdp-law.pl\/de\/automobilindustrie\/#breadcrumb"},"inLanguage":"de","potentialAction":[{"@type":"ReadAction","target":["https:\/\/jdp-law.pl\/de\/automobilindustrie\/"]}]},{"@type":"ImageObject","inLanguage":"de","@id":"https:\/\/jdp-law.pl\/de\/automobilindustrie\/#primaryimage","url":"https:\/\/jdp-law.pl\/wp-content\/uploads\/2021\/03\/Motoryzacja.jpg","contentUrl":"https:\/\/jdp-law.pl\/wp-content\/uploads\/2021\/03\/Motoryzacja.jpg","width":538,"height":476},{"@type":"BreadcrumbList","@id":"https:\/\/jdp-law.pl\/de\/automobilindustrie\/#breadcrumb","itemListElement":[{"@type":"ListItem","position":1,"name":"Startseite","item":"https:\/\/jdp-law.pl\/de\/"},{"@type":"ListItem","position":2,"name":"Automobilindustrie"}]},{"@type":"WebSite","@id":"https:\/\/jdp-law.pl\/de\/#website","url":"https:\/\/jdp-law.pl\/de\/","name":"Kanzlei JDP","description":"Wir beraten polnische und internationale Konzerne im Bereich Infrastruktur, Vergaberecht, Immobilien, Transport, Bauwesen, Handel, Produktion und Bankdienstleistungen.","publisher":{"@id":"https:\/\/jdp-law.pl\/de\/#organization"},"potentialAction":[{"@type":"SearchAction","target":{"@type":"EntryPoint","urlTemplate":"https:\/\/jdp-law.pl\/de\/?s={search_term_string}"},"query-input":{"@type":"PropertyValueSpecification","valueRequired":true,"valueName":"search_term_string"}}],"inLanguage":"de"},{"@type":"Organization","@id":"https:\/\/jdp-law.pl\/de\/#organization","name":"JDP DRAPA\u0141A CHOMIUK & PARTNERS Sp. k.","url":"https:\/\/jdp-law.pl\/de\/","logo":{"@type":"ImageObject","inLanguage":"de","@id":"https:\/\/jdp-law.pl\/de\/#\/schema\/logo\/image\/","url":"https:\/\/jdp-law.pl\/wp-content\/uploads\/2024\/01\/logo-jdp-graph.jpg","contentUrl":"https:\/\/jdp-law.pl\/wp-content\/uploads\/2024\/01\/logo-jdp-graph.jpg","width":696,"height":696,"caption":"JDP DRAPA\u0141A CHOMIUK & PARTNERS Sp. k."},"image":{"@id":"https:\/\/jdp-law.pl\/de\/#\/schema\/logo\/image\/"},"sameAs":["https:\/\/www.facebook.com\/KancelariaJDP\/","https:\/\/pl.linkedin.com\/company\/jara-drapala-&-partners","https:\/\/www.youtube.com\/@jdp-law"],"legalName":"JDP DRAPA\u0141A CHOMIUK & PARTNERS Sp. k.","email":"office@jdp-law.pl","telephone":"+48 22 246 00 30","faxNumber":"+48 22 246 00 31","alternateName":"Kanzlei JDP","description":"Kanzlei JDP. Wir beraten polnische und internationale Konzerne im Bereich Infrastruktur, Vergaberecht, Immobilien, Transport, Bauwesen, Handel, Produktion und Bankdienstleistungen.","address":{"@type":"PostalAddress","streetAddress":"ul. Bonifraterska 17","addressLocality":"Warschau","addressCountry":"PL","addressRegion":"Masowien","postalCode":"00-203"},"contactPoint":{"@type":"ContactPoint","contactType":"B\u00fcro","telephone":"+48 22 246 00 30","email":"office@jdp-law.pl"}}]}},"_links":{"self":[{"href":"https:\/\/jdp-law.pl\/de\/wp-json\/wp\/v2\/pages\/12440","targetHints":{"allow":["GET"]}}],"collection":[{"href":"https:\/\/jdp-law.pl\/de\/wp-json\/wp\/v2\/pages"}],"about":[{"href":"https:\/\/jdp-law.pl\/de\/wp-json\/wp\/v2\/types\/page"}],"author":[{"embeddable":true,"href":"https:\/\/jdp-law.pl\/de\/wp-json\/wp\/v2\/users\/19"}],"replies":[{"embeddable":true,"href":"https:\/\/jdp-law.pl\/de\/wp-json\/wp\/v2\/comments?post=12440"}],"version-history":[{"count":2,"href":"https:\/\/jdp-law.pl\/de\/wp-json\/wp\/v2\/pages\/12440\/revisions"}],"predecessor-version":[{"id":12442,"href":"https:\/\/jdp-law.pl\/de\/wp-json\/wp\/v2\/pages\/12440\/revisions\/12442"}],"wp:featuredmedia":[{"embeddable":true,"href":"https:\/\/jdp-law.pl\/de\/wp-json\/wp\/v2\/media\/2252"}],"wp:attachment":[{"href":"https:\/\/jdp-law.pl\/de\/wp-json\/wp\/v2\/media?parent=12440"}],"curies":[{"name":"wp","href":"https:\/\/api.w.org\/{rel}","templated":true}]}}