{"id":12449,"date":"2024-10-23T21:34:00","date_gmt":"2024-10-23T19:34:00","guid":{"rendered":"https:\/\/jdp-law.pl\/?page_id=12449"},"modified":"2026-03-31T13:20:46","modified_gmt":"2026-03-31T11:20:46","slug":"moderne-technologien","status":"publish","type":"page","link":"https:\/\/jdp-law.pl\/de\/moderne-technologien\/","title":{"rendered":"Moderne Technologien"},"content":{"rendered":"<p>Wir unterst\u00fctzen unsere Mandanten bei zahlreichen Projekten in den Bereichen geistiges Eigentum, R&amp;D, Informationstechnik und moderne Technologien. Wir erbringen unsere Dienstleistungen sowohl in Angelegenheiten, bei denen IP\/IT lediglich einen der Projektbestandteile bilden als auch in F\u00e4llen, in denen Immaterialg\u00fcter das Wesen des Projektes sind. Wir entwickeln umfassende Rechtsl\u00f6sungen und setzen diese um, damit unsere Mandanten ihre langfristigen Ziele erreichen k\u00f6nnen. Alle Projekte betrachten wir aus einem breiten Blickwinkel, unabh\u00e4ngig von dem Gebiet, das die modernen Technologien betreffen: Robotik, Medizin, mobile Apps o.\u00c4. Durch die Verbindung unserer profunden Kenntnisse des Marktes der neuen Technologien mit unserem Verst\u00e4ndnis f\u00fcr die Gesch\u00e4ftserwartungen des Mandanten k\u00f6nnen wir einen ma\u00dfgeschneiderten Service bieten.<\/p>\n<ul>\n<li>Erstellung von Vertr\u00e4gen bez\u00fcglich der Umsetzungsma\u00dfnahmen und SLA betreffend die IT-Systeme,<\/li>\n<li>Vorbereitung von Lizenzen f\u00fcr die IP-Nutzung \u2013 von Franchisevertr\u00e4gen bis hin zu Offset-Vertr\u00e4gen,<\/li>\n<li>Gestaltung von Vertr\u00e4gen \u00fcber baurechtliche Investitionen im Sektor der neuen Technologien, darunter Windparks,<\/li>\n<li>Sicherung von geistigen Eigentumsrechten im Zusammenhang mit Fremdfinanzierung, Marketingkampagnen und Projekten auf dem Gebiet New Media,<\/li>\n<li>Begleitung der Einholung Software-Lizenzen gem\u00e4\u00df dem EULA-Modell,<\/li>\n<li>Erarbeitung der allgemeinen Gesch\u00e4ftsbedingungen f\u00fcr auf elektronischem Wege und \u00fcber mobile Apps erbrachte Dienstleistungen;<\/li>\n<li>Gew\u00e4hrleistung der Konformit\u00e4t der Verarbeitung personenbezogener Daten im Rahmen von Gesch\u00e4ftsprozessen, die auf neuen Technologien basieren.<\/li>\n<\/ul>\n","protected":false},"excerpt":{"rendered":"<p>Wir unterst\u00fctzen unsere Mandanten bei zahlreichen Projekten in den Bereichen geistiges Eigentum, R&amp;D, Informationstechnik und moderne Technologien. Wir erbringen unsere [&hellip;]<\/p>\n","protected":false},"author":19,"featured_media":2255,"parent":0,"menu_order":31,"comment_status":"closed","ping_status":"closed","template":"templates\/industries.php","meta":{"_acf_changed":false,"footnotes":""},"class_list":["post-12449","page","type-page","status-publish","has-post-thumbnail","hentry"],"acf":[],"yoast_head":"<!-- This site is optimized with the Yoast SEO plugin v27.4 - https:\/\/yoast.com\/product\/yoast-seo-wordpress\/ -->\n<title>Moderne Technologien - Rechtsberatung - Kanzlei JDP<\/title>\n<meta name=\"description\" content=\"Die Kanzlei JDP bietet Rechtsberatung im Bereich moderne Technologien, geistiges Eigentum, F&amp;E und IT an.\" \/>\n<meta name=\"robots\" content=\"index, follow, max-snippet:-1, max-image-preview:large, max-video-preview:-1\" \/>\n<link rel=\"canonical\" href=\"https:\/\/jdp-law.pl\/de\/moderne-technologien\/\" \/>\n<meta property=\"og:locale\" content=\"de_DE\" \/>\n<meta property=\"og:type\" content=\"article\" \/>\n<meta property=\"og:title\" content=\"Moderne Technologien - Rechtsberatung - Kanzlei JDP\" \/>\n<meta property=\"og:description\" content=\"Die Kanzlei JDP bietet Rechtsberatung im Bereich moderne Technologien, geistiges Eigentum, F&amp;E und IT an.\" \/>\n<meta property=\"og:url\" content=\"https:\/\/jdp-law.pl\/de\/moderne-technologien\/\" \/>\n<meta property=\"og:site_name\" content=\"Kanzlei JDP\" \/>\n<meta property=\"article:publisher\" content=\"https:\/\/www.facebook.com\/KancelariaJDP\/\" \/>\n<meta property=\"article:modified_time\" content=\"2026-03-31T11:20:46+00:00\" \/>\n<meta property=\"og:image\" content=\"https:\/\/jdp-law.pl\/wp-content\/uploads\/2021\/03\/Nowoczesne-technologie.jpg\" \/>\n\t<meta property=\"og:image:width\" content=\"538\" \/>\n\t<meta property=\"og:image:height\" content=\"476\" \/>\n\t<meta property=\"og:image:type\" content=\"image\/jpeg\" \/>\n<meta name=\"twitter:card\" content=\"summary_large_image\" \/>\n<meta name=\"twitter:label1\" content=\"Gesch\u00e4tzte Lesezeit\" \/>\n\t<meta name=\"twitter:data1\" content=\"2\u00a0Minuten\" \/>\n<script type=\"application\/ld+json\" class=\"yoast-schema-graph\">{\"@context\":\"https:\\\/\\\/schema.org\",\"@graph\":[{\"@type\":\"WebPage\",\"@id\":\"https:\\\/\\\/jdp-law.pl\\\/de\\\/moderne-technologien\\\/\",\"url\":\"https:\\\/\\\/jdp-law.pl\\\/de\\\/moderne-technologien\\\/\",\"name\":\"Moderne Technologien - Rechtsberatung - Kanzlei JDP\",\"isPartOf\":{\"@id\":\"https:\\\/\\\/jdp-law.pl\\\/de\\\/#website\"},\"primaryImageOfPage\":{\"@id\":\"https:\\\/\\\/jdp-law.pl\\\/de\\\/moderne-technologien\\\/#primaryimage\"},\"image\":{\"@id\":\"https:\\\/\\\/jdp-law.pl\\\/de\\\/moderne-technologien\\\/#primaryimage\"},\"thumbnailUrl\":\"https:\\\/\\\/jdp-law.pl\\\/wp-content\\\/uploads\\\/2021\\\/03\\\/Nowoczesne-technologie.jpg\",\"datePublished\":\"2024-10-23T19:34:00+00:00\",\"dateModified\":\"2026-03-31T11:20:46+00:00\",\"description\":\"Die Kanzlei JDP bietet Rechtsberatung im Bereich moderne Technologien, geistiges Eigentum, F&E und IT an.\",\"breadcrumb\":{\"@id\":\"https:\\\/\\\/jdp-law.pl\\\/de\\\/moderne-technologien\\\/#breadcrumb\"},\"inLanguage\":\"de\",\"potentialAction\":[{\"@type\":\"ReadAction\",\"target\":[\"https:\\\/\\\/jdp-law.pl\\\/de\\\/moderne-technologien\\\/\"]}]},{\"@type\":\"ImageObject\",\"inLanguage\":\"de\",\"@id\":\"https:\\\/\\\/jdp-law.pl\\\/de\\\/moderne-technologien\\\/#primaryimage\",\"url\":\"https:\\\/\\\/jdp-law.pl\\\/wp-content\\\/uploads\\\/2021\\\/03\\\/Nowoczesne-technologie.jpg\",\"contentUrl\":\"https:\\\/\\\/jdp-law.pl\\\/wp-content\\\/uploads\\\/2021\\\/03\\\/Nowoczesne-technologie.jpg\",\"width\":538,\"height\":476},{\"@type\":\"BreadcrumbList\",\"@id\":\"https:\\\/\\\/jdp-law.pl\\\/de\\\/moderne-technologien\\\/#breadcrumb\",\"itemListElement\":[{\"@type\":\"ListItem\",\"position\":1,\"name\":\"Startseite\",\"item\":\"https:\\\/\\\/jdp-law.pl\\\/de\\\/\"},{\"@type\":\"ListItem\",\"position\":2,\"name\":\"Moderne Technologien\"}]},{\"@type\":\"WebSite\",\"@id\":\"https:\\\/\\\/jdp-law.pl\\\/de\\\/#website\",\"url\":\"https:\\\/\\\/jdp-law.pl\\\/de\\\/\",\"name\":\"Kanzlei JDP\",\"description\":\"Wir beraten polnische und internationale Konzerne im Bereich Infrastruktur, Vergaberecht, Immobilien, Transport, Bauwesen, Handel, Produktion und Bankdienstleistungen.\",\"publisher\":{\"@id\":\"https:\\\/\\\/jdp-law.pl\\\/de\\\/#organization\"},\"potentialAction\":[{\"@type\":\"SearchAction\",\"target\":{\"@type\":\"EntryPoint\",\"urlTemplate\":\"https:\\\/\\\/jdp-law.pl\\\/de\\\/?s={search_term_string}\"},\"query-input\":{\"@type\":\"PropertyValueSpecification\",\"valueRequired\":true,\"valueName\":\"search_term_string\"}}],\"inLanguage\":\"de\"},{\"@type\":\"Organization\",\"@id\":\"https:\\\/\\\/jdp-law.pl\\\/de\\\/#organization\",\"name\":\"JDP DRAPA\u0141A CHOMIUK & PARTNERS Sp. k.\",\"url\":\"https:\\\/\\\/jdp-law.pl\\\/de\\\/\",\"logo\":{\"@type\":\"ImageObject\",\"inLanguage\":\"de\",\"@id\":\"https:\\\/\\\/jdp-law.pl\\\/de\\\/#\\\/schema\\\/logo\\\/image\\\/\",\"url\":\"https:\\\/\\\/jdp-law.pl\\\/wp-content\\\/uploads\\\/2024\\\/01\\\/logo-jdp-graph.jpg\",\"contentUrl\":\"https:\\\/\\\/jdp-law.pl\\\/wp-content\\\/uploads\\\/2024\\\/01\\\/logo-jdp-graph.jpg\",\"width\":696,\"height\":696,\"caption\":\"JDP DRAPA\u0141A CHOMIUK & PARTNERS Sp. k.\"},\"image\":{\"@id\":\"https:\\\/\\\/jdp-law.pl\\\/de\\\/#\\\/schema\\\/logo\\\/image\\\/\"},\"sameAs\":[\"https:\\\/\\\/www.facebook.com\\\/KancelariaJDP\\\/\",\"https:\\\/\\\/pl.linkedin.com\\\/company\\\/jara-drapala-&-partners\",\"https:\\\/\\\/www.youtube.com\\\/@jdp-law\"],\"legalName\":\"JDP DRAPA\u0141A CHOMIUK & PARTNERS Sp. k.\",\"email\":\"office@jdp-law.pl\",\"telephone\":\"+48 22 246 00 30\",\"faxNumber\":\"+48 22 246 00 31\",\"alternateName\":\"Kanzlei JDP\",\"description\":\"Kanzlei JDP. Wir beraten polnische und internationale Konzerne im Bereich Infrastruktur, Vergaberecht, Immobilien, Transport, Bauwesen, Handel, Produktion und Bankdienstleistungen.\",\"address\":{\"@type\":\"PostalAddress\",\"streetAddress\":\"ul. Bonifraterska 17\",\"addressLocality\":\"Warschau\",\"addressCountry\":\"PL\",\"addressRegion\":\"Masowien\",\"postalCode\":\"00-203\"},\"contactPoint\":{\"@type\":\"ContactPoint\",\"contactType\":\"B\u00fcro\",\"telephone\":\"+48 22 246 00 30\",\"email\":\"office@jdp-law.pl\"}}]}<\/script>\n<!-- \/ Yoast SEO plugin. -->","yoast_head_json":{"title":"Moderne Technologien - Rechtsberatung - Kanzlei JDP","description":"Die Kanzlei JDP bietet Rechtsberatung im Bereich moderne Technologien, geistiges Eigentum, F&E und IT an.","robots":{"index":"index","follow":"follow","max-snippet":"max-snippet:-1","max-image-preview":"max-image-preview:large","max-video-preview":"max-video-preview:-1"},"canonical":"https:\/\/jdp-law.pl\/de\/moderne-technologien\/","og_locale":"de_DE","og_type":"article","og_title":"Moderne Technologien - Rechtsberatung - Kanzlei JDP","og_description":"Die Kanzlei JDP bietet Rechtsberatung im Bereich moderne Technologien, geistiges Eigentum, F&E und IT an.","og_url":"https:\/\/jdp-law.pl\/de\/moderne-technologien\/","og_site_name":"Kanzlei JDP","article_publisher":"https:\/\/www.facebook.com\/KancelariaJDP\/","article_modified_time":"2026-03-31T11:20:46+00:00","og_image":[{"width":538,"height":476,"url":"https:\/\/jdp-law.pl\/wp-content\/uploads\/2021\/03\/Nowoczesne-technologie.jpg","type":"image\/jpeg"}],"twitter_card":"summary_large_image","twitter_misc":{"Gesch\u00e4tzte Lesezeit":"2\u00a0Minuten"},"schema":{"@context":"https:\/\/schema.org","@graph":[{"@type":"WebPage","@id":"https:\/\/jdp-law.pl\/de\/moderne-technologien\/","url":"https:\/\/jdp-law.pl\/de\/moderne-technologien\/","name":"Moderne Technologien - Rechtsberatung - Kanzlei JDP","isPartOf":{"@id":"https:\/\/jdp-law.pl\/de\/#website"},"primaryImageOfPage":{"@id":"https:\/\/jdp-law.pl\/de\/moderne-technologien\/#primaryimage"},"image":{"@id":"https:\/\/jdp-law.pl\/de\/moderne-technologien\/#primaryimage"},"thumbnailUrl":"https:\/\/jdp-law.pl\/wp-content\/uploads\/2021\/03\/Nowoczesne-technologie.jpg","datePublished":"2024-10-23T19:34:00+00:00","dateModified":"2026-03-31T11:20:46+00:00","description":"Die Kanzlei JDP bietet Rechtsberatung im Bereich moderne Technologien, geistiges Eigentum, F&E und IT an.","breadcrumb":{"@id":"https:\/\/jdp-law.pl\/de\/moderne-technologien\/#breadcrumb"},"inLanguage":"de","potentialAction":[{"@type":"ReadAction","target":["https:\/\/jdp-law.pl\/de\/moderne-technologien\/"]}]},{"@type":"ImageObject","inLanguage":"de","@id":"https:\/\/jdp-law.pl\/de\/moderne-technologien\/#primaryimage","url":"https:\/\/jdp-law.pl\/wp-content\/uploads\/2021\/03\/Nowoczesne-technologie.jpg","contentUrl":"https:\/\/jdp-law.pl\/wp-content\/uploads\/2021\/03\/Nowoczesne-technologie.jpg","width":538,"height":476},{"@type":"BreadcrumbList","@id":"https:\/\/jdp-law.pl\/de\/moderne-technologien\/#breadcrumb","itemListElement":[{"@type":"ListItem","position":1,"name":"Startseite","item":"https:\/\/jdp-law.pl\/de\/"},{"@type":"ListItem","position":2,"name":"Moderne Technologien"}]},{"@type":"WebSite","@id":"https:\/\/jdp-law.pl\/de\/#website","url":"https:\/\/jdp-law.pl\/de\/","name":"Kanzlei JDP","description":"Wir beraten polnische und internationale Konzerne im Bereich Infrastruktur, Vergaberecht, Immobilien, Transport, Bauwesen, Handel, Produktion und Bankdienstleistungen.","publisher":{"@id":"https:\/\/jdp-law.pl\/de\/#organization"},"potentialAction":[{"@type":"SearchAction","target":{"@type":"EntryPoint","urlTemplate":"https:\/\/jdp-law.pl\/de\/?s={search_term_string}"},"query-input":{"@type":"PropertyValueSpecification","valueRequired":true,"valueName":"search_term_string"}}],"inLanguage":"de"},{"@type":"Organization","@id":"https:\/\/jdp-law.pl\/de\/#organization","name":"JDP DRAPA\u0141A CHOMIUK & PARTNERS Sp. k.","url":"https:\/\/jdp-law.pl\/de\/","logo":{"@type":"ImageObject","inLanguage":"de","@id":"https:\/\/jdp-law.pl\/de\/#\/schema\/logo\/image\/","url":"https:\/\/jdp-law.pl\/wp-content\/uploads\/2024\/01\/logo-jdp-graph.jpg","contentUrl":"https:\/\/jdp-law.pl\/wp-content\/uploads\/2024\/01\/logo-jdp-graph.jpg","width":696,"height":696,"caption":"JDP DRAPA\u0141A CHOMIUK & PARTNERS Sp. k."},"image":{"@id":"https:\/\/jdp-law.pl\/de\/#\/schema\/logo\/image\/"},"sameAs":["https:\/\/www.facebook.com\/KancelariaJDP\/","https:\/\/pl.linkedin.com\/company\/jara-drapala-&-partners","https:\/\/www.youtube.com\/@jdp-law"],"legalName":"JDP DRAPA\u0141A CHOMIUK & PARTNERS Sp. k.","email":"office@jdp-law.pl","telephone":"+48 22 246 00 30","faxNumber":"+48 22 246 00 31","alternateName":"Kanzlei JDP","description":"Kanzlei JDP. Wir beraten polnische und internationale Konzerne im Bereich Infrastruktur, Vergaberecht, Immobilien, Transport, Bauwesen, Handel, Produktion und Bankdienstleistungen.","address":{"@type":"PostalAddress","streetAddress":"ul. Bonifraterska 17","addressLocality":"Warschau","addressCountry":"PL","addressRegion":"Masowien","postalCode":"00-203"},"contactPoint":{"@type":"ContactPoint","contactType":"B\u00fcro","telephone":"+48 22 246 00 30","email":"office@jdp-law.pl"}}]}},"_links":{"self":[{"href":"https:\/\/jdp-law.pl\/de\/wp-json\/wp\/v2\/pages\/12449","targetHints":{"allow":["GET"]}}],"collection":[{"href":"https:\/\/jdp-law.pl\/de\/wp-json\/wp\/v2\/pages"}],"about":[{"href":"https:\/\/jdp-law.pl\/de\/wp-json\/wp\/v2\/types\/page"}],"author":[{"embeddable":true,"href":"https:\/\/jdp-law.pl\/de\/wp-json\/wp\/v2\/users\/19"}],"replies":[{"embeddable":true,"href":"https:\/\/jdp-law.pl\/de\/wp-json\/wp\/v2\/comments?post=12449"}],"version-history":[{"count":4,"href":"https:\/\/jdp-law.pl\/de\/wp-json\/wp\/v2\/pages\/12449\/revisions"}],"predecessor-version":[{"id":502311595,"href":"https:\/\/jdp-law.pl\/de\/wp-json\/wp\/v2\/pages\/12449\/revisions\/502311595"}],"wp:featuredmedia":[{"embeddable":true,"href":"https:\/\/jdp-law.pl\/de\/wp-json\/wp\/v2\/media\/2255"}],"wp:attachment":[{"href":"https:\/\/jdp-law.pl\/de\/wp-json\/wp\/v2\/media?parent=12449"}],"curies":[{"name":"wp","href":"https:\/\/api.w.org\/{rel}","templated":true}]}}