{"id":12459,"date":"2024-10-23T21:34:01","date_gmt":"2024-10-23T19:34:01","guid":{"rendered":"https:\/\/jdp-law.pl\/?page_id=12459"},"modified":"2024-10-23T21:34:01","modified_gmt":"2024-10-23T19:34:01","slug":"fertigung-industrie-4-0","status":"publish","type":"page","link":"https:\/\/jdp-law.pl\/de\/fertigung-industrie-4-0\/","title":{"rendered":"Fertigung | Industrie 4.0"},"content":{"rendered":"<p>Wir kennen und verstehen die Herausforderungen der Fertigungsbranche und der Industrie. Bei unserer Arbeit halten wir mit der Dynamik und Vielfalt dieser Sektoren Schritt und bieten die Perspektive eines Experten. Seit mehreren Jahren beraten wir f\u00fchrende Vertreter des Automobilsektors in allen Aspekten ihrer T\u00e4tigkeit. Wir sind der verl\u00e4ssliche Partner f\u00fcr die Branche der neuen Technologien, darunter f\u00fcr die Robotik und Industrieautomatik. Unser Ansatz vereint vielseitige Aspekte \u2013 wir unterst\u00fctzen unsere Mandanten zu Beginn ihrer T\u00e4tigkeit, indem wir sie bei der Grundsteinlegung f\u00fcr die jeweilige Investition begleiten, und wir sind auch bei der Inbetriebnahme der ersten Produktionslinie dabei. Wir unterst\u00fctzen sie bei Errichtung ihrer Werke, bieten unsere Beratung beim Grundst\u00fcckserwerb, unsere Teilnahme an der Auswahl des Generalunternehmers, bei Verhandlungen und bei den Bauma\u00dfnahmen selbst. Wir sorgen f\u00fcr rechtliches Wohlbefinden auf allen Gebieten: von Immobilien \u00fcber das Baurecht bis hin zu Auftr\u00e4gen. Wir verf\u00fcgen \u00fcber umfangreiche Erfahrung bei der Einholung von Genehmigungen f\u00fcr die Aus\u00fcbung der Gewerbet\u00e4tigkeit in Sonderwirtschaftszonen. Wir gestalten Vertr\u00e4ge f\u00fcr Unternehmen auf verschiedenen Stufen der Lieferkette. Dar\u00fcber hinaus garantieren wir Rechtssicherheit in Krisensituationen bei ausbleibenden bzw. versp\u00e4teten Lieferungen, sowie bei Anlieferung mangelhafter Ware. Und wir \u00fcbernehmen die Verhandlungen \u00fcber komplizierte Restrukturierungsvereinbarungen.<\/p>\n<p>Insbesondere umfasst unser Beratungsspektrum:<\/p>\n<ul>\n<li>Erstellung und Begutachtung von Vertr\u00e4gen f\u00fcr OEM, Tier 1, Tier 2 und f\u00fcr weitere Unterauftragnehmer; insbesondere sind wir auf komplexe Liefer-, Tooling- und R&amp;D-Vertr\u00e4ge spezialisiert;<\/li>\n<li>Vorbereitung der allgemeinen Verkaufs- und Kaufbedingungen;<\/li>\n<li>Beratung beim Erwerb technologischer Linien und Anlagen;<\/li>\n<li>Entwicklung von L\u00f6sungen zur Sicherung des Mandanten bei ausbleibender Zahlung seitens des Kontrahenten;<\/li>\n<li>Umfassenden Rechtsbeistand bei der Errichtung von Produktionsbetrieben;<\/li>\n<li>Entwicklung und Umsetzung rechtlicher und steuerrechtlicher Konzepte f\u00fcr eine sichere Unternehmensf\u00fchrung in Polen;<\/li>\n<li>Vertretung der Mandanten in Gerichtsverfahren wegen Gew\u00e4hrleistungs- und Garantieanspr\u00fcchen.<\/li>\n<\/ul>\n","protected":false},"excerpt":{"rendered":"<p>Wir kennen und verstehen die Herausforderungen der Fertigungsbranche und der Industrie. Bei unserer Arbeit halten wir mit der Dynamik und [&hellip;]<\/p>\n","protected":false},"author":19,"featured_media":2258,"parent":0,"menu_order":34,"comment_status":"closed","ping_status":"closed","template":"templates\/industries.php","meta":{"_acf_changed":false,"footnotes":""},"class_list":["post-12459","page","type-page","status-publish","has-post-thumbnail","hentry"],"acf":[],"yoast_head":"<!-- This site is optimized with the Yoast SEO plugin v27.4 - https:\/\/yoast.com\/product\/yoast-seo-wordpress\/ -->\n<title>Rechtsberatung f\u00fcr die Fertigungsindustrie und Industrie 4.0 - Kanzlei JDP<\/title>\n<meta name=\"description\" content=\"Die Kanzlei JDP bietet umfassende Rechtsberatung f\u00fcr die Fertigungsindustrie und Industrie 4.0. Wir sind spezialisiert auf neue Technologien, Automatisierung und industrielle Robotik.\" \/>\n<meta name=\"robots\" content=\"index, follow, max-snippet:-1, max-image-preview:large, max-video-preview:-1\" \/>\n<link rel=\"canonical\" href=\"https:\/\/jdp-law.pl\/de\/fertigung-industrie-4-0\/\" \/>\n<meta property=\"og:locale\" content=\"de_DE\" \/>\n<meta property=\"og:type\" content=\"article\" \/>\n<meta property=\"og:title\" content=\"Rechtsberatung f\u00fcr die Fertigungsindustrie und Industrie 4.0 - Kanzlei JDP\" \/>\n<meta property=\"og:description\" content=\"Die Kanzlei JDP bietet umfassende Rechtsberatung f\u00fcr die Fertigungsindustrie und Industrie 4.0. Wir sind spezialisiert auf neue Technologien, Automatisierung und industrielle Robotik.\" \/>\n<meta property=\"og:url\" content=\"https:\/\/jdp-law.pl\/de\/fertigung-industrie-4-0\/\" \/>\n<meta property=\"og:site_name\" content=\"Kanzlei JDP\" \/>\n<meta property=\"article:publisher\" content=\"https:\/\/www.facebook.com\/KancelariaJDP\/\" \/>\n<meta property=\"og:image\" content=\"https:\/\/jdp-law.pl\/wp-content\/uploads\/2021\/03\/Produkcja-i-przemysl-Przemysl-4.0.jpg\" \/>\n\t<meta property=\"og:image:width\" content=\"538\" \/>\n\t<meta property=\"og:image:height\" content=\"476\" \/>\n\t<meta property=\"og:image:type\" content=\"image\/jpeg\" \/>\n<meta name=\"twitter:card\" content=\"summary_large_image\" \/>\n<meta name=\"twitter:label1\" content=\"Gesch\u00e4tzte Lesezeit\" \/>\n\t<meta name=\"twitter:data1\" content=\"2\u00a0Minuten\" \/>\n<script type=\"application\/ld+json\" class=\"yoast-schema-graph\">{\"@context\":\"https:\\\/\\\/schema.org\",\"@graph\":[{\"@type\":\"WebPage\",\"@id\":\"https:\\\/\\\/jdp-law.pl\\\/de\\\/fertigung-industrie-4-0\\\/\",\"url\":\"https:\\\/\\\/jdp-law.pl\\\/de\\\/fertigung-industrie-4-0\\\/\",\"name\":\"Rechtsberatung f\u00fcr die Fertigungsindustrie und Industrie 4.0 - Kanzlei JDP\",\"isPartOf\":{\"@id\":\"https:\\\/\\\/jdp-law.pl\\\/de\\\/#website\"},\"primaryImageOfPage\":{\"@id\":\"https:\\\/\\\/jdp-law.pl\\\/de\\\/fertigung-industrie-4-0\\\/#primaryimage\"},\"image\":{\"@id\":\"https:\\\/\\\/jdp-law.pl\\\/de\\\/fertigung-industrie-4-0\\\/#primaryimage\"},\"thumbnailUrl\":\"https:\\\/\\\/jdp-law.pl\\\/wp-content\\\/uploads\\\/2021\\\/03\\\/Produkcja-i-przemysl-Przemysl-4.0.jpg\",\"datePublished\":\"2024-10-23T19:34:01+00:00\",\"description\":\"Die Kanzlei JDP bietet umfassende Rechtsberatung f\u00fcr die Fertigungsindustrie und Industrie 4.0. Wir sind spezialisiert auf neue Technologien, Automatisierung und industrielle Robotik.\",\"breadcrumb\":{\"@id\":\"https:\\\/\\\/jdp-law.pl\\\/de\\\/fertigung-industrie-4-0\\\/#breadcrumb\"},\"inLanguage\":\"de\",\"potentialAction\":[{\"@type\":\"ReadAction\",\"target\":[\"https:\\\/\\\/jdp-law.pl\\\/de\\\/fertigung-industrie-4-0\\\/\"]}]},{\"@type\":\"ImageObject\",\"inLanguage\":\"de\",\"@id\":\"https:\\\/\\\/jdp-law.pl\\\/de\\\/fertigung-industrie-4-0\\\/#primaryimage\",\"url\":\"https:\\\/\\\/jdp-law.pl\\\/wp-content\\\/uploads\\\/2021\\\/03\\\/Produkcja-i-przemysl-Przemysl-4.0.jpg\",\"contentUrl\":\"https:\\\/\\\/jdp-law.pl\\\/wp-content\\\/uploads\\\/2021\\\/03\\\/Produkcja-i-przemysl-Przemysl-4.0.jpg\",\"width\":538,\"height\":476},{\"@type\":\"BreadcrumbList\",\"@id\":\"https:\\\/\\\/jdp-law.pl\\\/de\\\/fertigung-industrie-4-0\\\/#breadcrumb\",\"itemListElement\":[{\"@type\":\"ListItem\",\"position\":1,\"name\":\"Startseite\",\"item\":\"https:\\\/\\\/jdp-law.pl\\\/de\\\/\"},{\"@type\":\"ListItem\",\"position\":2,\"name\":\"Fertigung | Industrie 4.0\"}]},{\"@type\":\"WebSite\",\"@id\":\"https:\\\/\\\/jdp-law.pl\\\/de\\\/#website\",\"url\":\"https:\\\/\\\/jdp-law.pl\\\/de\\\/\",\"name\":\"Kanzlei JDP\",\"description\":\"Wir beraten polnische und internationale Konzerne im Bereich Infrastruktur, Vergaberecht, Immobilien, Transport, Bauwesen, Handel, Produktion und Bankdienstleistungen.\",\"publisher\":{\"@id\":\"https:\\\/\\\/jdp-law.pl\\\/de\\\/#organization\"},\"potentialAction\":[{\"@type\":\"SearchAction\",\"target\":{\"@type\":\"EntryPoint\",\"urlTemplate\":\"https:\\\/\\\/jdp-law.pl\\\/de\\\/?s={search_term_string}\"},\"query-input\":{\"@type\":\"PropertyValueSpecification\",\"valueRequired\":true,\"valueName\":\"search_term_string\"}}],\"inLanguage\":\"de\"},{\"@type\":\"Organization\",\"@id\":\"https:\\\/\\\/jdp-law.pl\\\/de\\\/#organization\",\"name\":\"JDP DRAPA\u0141A CHOMIUK & PARTNERS Sp. k.\",\"url\":\"https:\\\/\\\/jdp-law.pl\\\/de\\\/\",\"logo\":{\"@type\":\"ImageObject\",\"inLanguage\":\"de\",\"@id\":\"https:\\\/\\\/jdp-law.pl\\\/de\\\/#\\\/schema\\\/logo\\\/image\\\/\",\"url\":\"https:\\\/\\\/jdp-law.pl\\\/wp-content\\\/uploads\\\/2024\\\/01\\\/logo-jdp-graph.jpg\",\"contentUrl\":\"https:\\\/\\\/jdp-law.pl\\\/wp-content\\\/uploads\\\/2024\\\/01\\\/logo-jdp-graph.jpg\",\"width\":696,\"height\":696,\"caption\":\"JDP DRAPA\u0141A CHOMIUK & PARTNERS Sp. k.\"},\"image\":{\"@id\":\"https:\\\/\\\/jdp-law.pl\\\/de\\\/#\\\/schema\\\/logo\\\/image\\\/\"},\"sameAs\":[\"https:\\\/\\\/www.facebook.com\\\/KancelariaJDP\\\/\",\"https:\\\/\\\/pl.linkedin.com\\\/company\\\/jara-drapala-&-partners\",\"https:\\\/\\\/www.youtube.com\\\/@jdp-law\"],\"legalName\":\"JDP DRAPA\u0141A CHOMIUK & PARTNERS Sp. k.\",\"email\":\"office@jdp-law.pl\",\"telephone\":\"+48 22 246 00 30\",\"faxNumber\":\"+48 22 246 00 31\",\"alternateName\":\"Kanzlei JDP\",\"description\":\"Kanzlei JDP. Wir beraten polnische und internationale Konzerne im Bereich Infrastruktur, Vergaberecht, Immobilien, Transport, Bauwesen, Handel, Produktion und Bankdienstleistungen.\",\"address\":{\"@type\":\"PostalAddress\",\"streetAddress\":\"ul. Bonifraterska 17\",\"addressLocality\":\"Warschau\",\"addressCountry\":\"PL\",\"addressRegion\":\"Masowien\",\"postalCode\":\"00-203\"},\"contactPoint\":{\"@type\":\"ContactPoint\",\"contactType\":\"B\u00fcro\",\"telephone\":\"+48 22 246 00 30\",\"email\":\"office@jdp-law.pl\"}}]}<\/script>\n<!-- \/ Yoast SEO plugin. -->","yoast_head_json":{"title":"Rechtsberatung f\u00fcr die Fertigungsindustrie und Industrie 4.0 - Kanzlei JDP","description":"Die Kanzlei JDP bietet umfassende Rechtsberatung f\u00fcr die Fertigungsindustrie und Industrie 4.0. Wir sind spezialisiert auf neue Technologien, Automatisierung und industrielle Robotik.","robots":{"index":"index","follow":"follow","max-snippet":"max-snippet:-1","max-image-preview":"max-image-preview:large","max-video-preview":"max-video-preview:-1"},"canonical":"https:\/\/jdp-law.pl\/de\/fertigung-industrie-4-0\/","og_locale":"de_DE","og_type":"article","og_title":"Rechtsberatung f\u00fcr die Fertigungsindustrie und Industrie 4.0 - Kanzlei JDP","og_description":"Die Kanzlei JDP bietet umfassende Rechtsberatung f\u00fcr die Fertigungsindustrie und Industrie 4.0. Wir sind spezialisiert auf neue Technologien, Automatisierung und industrielle Robotik.","og_url":"https:\/\/jdp-law.pl\/de\/fertigung-industrie-4-0\/","og_site_name":"Kanzlei JDP","article_publisher":"https:\/\/www.facebook.com\/KancelariaJDP\/","og_image":[{"width":538,"height":476,"url":"https:\/\/jdp-law.pl\/wp-content\/uploads\/2021\/03\/Produkcja-i-przemysl-Przemysl-4.0.jpg","type":"image\/jpeg"}],"twitter_card":"summary_large_image","twitter_misc":{"Gesch\u00e4tzte Lesezeit":"2\u00a0Minuten"},"schema":{"@context":"https:\/\/schema.org","@graph":[{"@type":"WebPage","@id":"https:\/\/jdp-law.pl\/de\/fertigung-industrie-4-0\/","url":"https:\/\/jdp-law.pl\/de\/fertigung-industrie-4-0\/","name":"Rechtsberatung f\u00fcr die Fertigungsindustrie und Industrie 4.0 - Kanzlei JDP","isPartOf":{"@id":"https:\/\/jdp-law.pl\/de\/#website"},"primaryImageOfPage":{"@id":"https:\/\/jdp-law.pl\/de\/fertigung-industrie-4-0\/#primaryimage"},"image":{"@id":"https:\/\/jdp-law.pl\/de\/fertigung-industrie-4-0\/#primaryimage"},"thumbnailUrl":"https:\/\/jdp-law.pl\/wp-content\/uploads\/2021\/03\/Produkcja-i-przemysl-Przemysl-4.0.jpg","datePublished":"2024-10-23T19:34:01+00:00","description":"Die Kanzlei JDP bietet umfassende Rechtsberatung f\u00fcr die Fertigungsindustrie und Industrie 4.0. Wir sind spezialisiert auf neue Technologien, Automatisierung und industrielle Robotik.","breadcrumb":{"@id":"https:\/\/jdp-law.pl\/de\/fertigung-industrie-4-0\/#breadcrumb"},"inLanguage":"de","potentialAction":[{"@type":"ReadAction","target":["https:\/\/jdp-law.pl\/de\/fertigung-industrie-4-0\/"]}]},{"@type":"ImageObject","inLanguage":"de","@id":"https:\/\/jdp-law.pl\/de\/fertigung-industrie-4-0\/#primaryimage","url":"https:\/\/jdp-law.pl\/wp-content\/uploads\/2021\/03\/Produkcja-i-przemysl-Przemysl-4.0.jpg","contentUrl":"https:\/\/jdp-law.pl\/wp-content\/uploads\/2021\/03\/Produkcja-i-przemysl-Przemysl-4.0.jpg","width":538,"height":476},{"@type":"BreadcrumbList","@id":"https:\/\/jdp-law.pl\/de\/fertigung-industrie-4-0\/#breadcrumb","itemListElement":[{"@type":"ListItem","position":1,"name":"Startseite","item":"https:\/\/jdp-law.pl\/de\/"},{"@type":"ListItem","position":2,"name":"Fertigung | Industrie 4.0"}]},{"@type":"WebSite","@id":"https:\/\/jdp-law.pl\/de\/#website","url":"https:\/\/jdp-law.pl\/de\/","name":"Kanzlei JDP","description":"Wir beraten polnische und internationale Konzerne im Bereich Infrastruktur, Vergaberecht, Immobilien, Transport, Bauwesen, Handel, Produktion und Bankdienstleistungen.","publisher":{"@id":"https:\/\/jdp-law.pl\/de\/#organization"},"potentialAction":[{"@type":"SearchAction","target":{"@type":"EntryPoint","urlTemplate":"https:\/\/jdp-law.pl\/de\/?s={search_term_string}"},"query-input":{"@type":"PropertyValueSpecification","valueRequired":true,"valueName":"search_term_string"}}],"inLanguage":"de"},{"@type":"Organization","@id":"https:\/\/jdp-law.pl\/de\/#organization","name":"JDP DRAPA\u0141A CHOMIUK & PARTNERS Sp. k.","url":"https:\/\/jdp-law.pl\/de\/","logo":{"@type":"ImageObject","inLanguage":"de","@id":"https:\/\/jdp-law.pl\/de\/#\/schema\/logo\/image\/","url":"https:\/\/jdp-law.pl\/wp-content\/uploads\/2024\/01\/logo-jdp-graph.jpg","contentUrl":"https:\/\/jdp-law.pl\/wp-content\/uploads\/2024\/01\/logo-jdp-graph.jpg","width":696,"height":696,"caption":"JDP DRAPA\u0141A CHOMIUK & PARTNERS Sp. k."},"image":{"@id":"https:\/\/jdp-law.pl\/de\/#\/schema\/logo\/image\/"},"sameAs":["https:\/\/www.facebook.com\/KancelariaJDP\/","https:\/\/pl.linkedin.com\/company\/jara-drapala-&-partners","https:\/\/www.youtube.com\/@jdp-law"],"legalName":"JDP DRAPA\u0141A CHOMIUK & PARTNERS Sp. k.","email":"office@jdp-law.pl","telephone":"+48 22 246 00 30","faxNumber":"+48 22 246 00 31","alternateName":"Kanzlei JDP","description":"Kanzlei JDP. Wir beraten polnische und internationale Konzerne im Bereich Infrastruktur, Vergaberecht, Immobilien, Transport, Bauwesen, Handel, Produktion und Bankdienstleistungen.","address":{"@type":"PostalAddress","streetAddress":"ul. Bonifraterska 17","addressLocality":"Warschau","addressCountry":"PL","addressRegion":"Masowien","postalCode":"00-203"},"contactPoint":{"@type":"ContactPoint","contactType":"B\u00fcro","telephone":"+48 22 246 00 30","email":"office@jdp-law.pl"}}]}},"_links":{"self":[{"href":"https:\/\/jdp-law.pl\/de\/wp-json\/wp\/v2\/pages\/12459","targetHints":{"allow":["GET"]}}],"collection":[{"href":"https:\/\/jdp-law.pl\/de\/wp-json\/wp\/v2\/pages"}],"about":[{"href":"https:\/\/jdp-law.pl\/de\/wp-json\/wp\/v2\/types\/page"}],"author":[{"embeddable":true,"href":"https:\/\/jdp-law.pl\/de\/wp-json\/wp\/v2\/users\/19"}],"replies":[{"embeddable":true,"href":"https:\/\/jdp-law.pl\/de\/wp-json\/wp\/v2\/comments?post=12459"}],"version-history":[{"count":2,"href":"https:\/\/jdp-law.pl\/de\/wp-json\/wp\/v2\/pages\/12459\/revisions"}],"predecessor-version":[{"id":12461,"href":"https:\/\/jdp-law.pl\/de\/wp-json\/wp\/v2\/pages\/12459\/revisions\/12461"}],"wp:featuredmedia":[{"embeddable":true,"href":"https:\/\/jdp-law.pl\/de\/wp-json\/wp\/v2\/media\/2258"}],"wp:attachment":[{"href":"https:\/\/jdp-law.pl\/de\/wp-json\/wp\/v2\/media?parent=12459"}],"curies":[{"name":"wp","href":"https:\/\/api.w.org\/{rel}","templated":true}]}}