{"id":12467,"date":"2024-10-23T21:34:01","date_gmt":"2024-10-23T19:34:01","guid":{"rendered":"https:\/\/jdp-law.pl\/?page_id=12467"},"modified":"2024-10-23T21:34:01","modified_gmt":"2024-10-23T19:34:01","slug":"produktions-automatisierung-und-industrieroboter","status":"publish","type":"page","link":"https:\/\/jdp-law.pl\/de\/produktions-automatisierung-und-industrieroboter\/","title":{"rendered":"Produktions- automatisierung und Industrieroboter"},"content":{"rendered":"<p>Wir besch\u00e4ftigen uns mit der Rechtsberatung im Bereich des Erwerbs von Industrierobotern, Produktionslinien, Industrieanlagen und der Produktionsautomatisierung im weiteren Sinne. Am Erwerb interessierte Rechtstr\u00e4ger unterst\u00fctzen wir bei der Auswahl des geeigneten Vertragsmodells und bei den Vertragsverhandlungen. Bei unserer Arbeit f\u00fcr die Hersteller oder Vertreiber von Maschinen befassen wir uns mit der Gestaltung von Vertragsmustern und den allgemeinen Bedingungen, und wir verhandeln \u00fcber Abweichungen, die von den Kontrahenten vorgeschlagen werden. Unsere Beratungsleistungen im Rahmen des Zivil- und Wirtschaftsrechts runden wir mit dem Erfahrungsschatz unserer Experten im Bereich der Finanzierung (u.a. Leasingvertr\u00e4ge, besondere Formen von Vertragssicherheiten) und des Steuerrechts (u.a. Investitionsanreize in Form von Steuerverg\u00fcnstigungen) ab. Falls keine g\u00fctliche Einigung zwischen den Kontrahenten herbeigef\u00fchrt werden kann, vertreten wir unsere Mandanten in Gerichtsverfahren.<\/p>\n<p>Insbesondere umfasst unser Beratungsspektrum:<\/p>\n<ul>\n<li>Begleitung der Pr\u00fcfung potenzieller Kontrahenten unserer Mandanten;<\/li>\n<li>Beratung der Mandanten zur Auswahl eines Vertragsmodells, das ihren Gesch\u00e4ftsbed\u00fcrfnissen am besten entspricht;<\/li>\n<li>Erstellung einer Analyse des Vertragsmusters und der allgemeinen Bedingungen, die der Mandant erh\u00e4lt;<\/li>\n<li>F\u00fchrung von Vertragsverhandlungen zur ordnungsgem\u00e4\u00dfen Sicherung der Interessen unseres Mandanten;<\/li>\n<li>Unterst\u00fctzung des Mandanten bei Problemen mit der M\u00e4ngelbehebung im Rahmen der Garantie oder Gew\u00e4hrleistung;<\/li>\n<li>Vorbereitung des R\u00fccktritts vom Vertrag bei Nichterf\u00fcllung der vertraglichen Pflichten durch den Kontrahenten;<\/li>\n<li>Vertretung der Mandanten in Gerichtsstreiten;<\/li>\n<li>Beratung in Insolvenzf\u00e4llen oder bei Restrukturierung der Kontrahenten.<\/li>\n<\/ul>\n","protected":false},"excerpt":{"rendered":"<p>Wir besch\u00e4ftigen uns mit der Rechtsberatung im Bereich des Erwerbs von Industrierobotern, Produktionslinien, Industrieanlagen und der Produktionsautomatisierung im weiteren Sinne. [&hellip;]<\/p>\n","protected":false},"author":19,"featured_media":2261,"parent":0,"menu_order":37,"comment_status":"closed","ping_status":"closed","template":"templates\/industries.php","meta":{"_acf_changed":false,"footnotes":""},"class_list":["post-12467","page","type-page","status-publish","has-post-thumbnail","hentry"],"acf":[],"yoast_head":"<!-- This site is optimized with the Yoast SEO plugin v27.4 - https:\/\/yoast.com\/product\/yoast-seo-wordpress\/ -->\n<title>Produktionsautomatisierung und Industrieroboter - Rechtsberatung - Kanzlei JDP<\/title>\n<meta name=\"description\" content=\"Die Kanzlei JDP bietet Rechtsberatung im Bereich Produktionsautomatisierung und Industrieroboter an. Unser Support umfasst auch Finanzierung und Steuerrecht.\" \/>\n<meta name=\"robots\" content=\"index, follow, max-snippet:-1, max-image-preview:large, max-video-preview:-1\" \/>\n<link rel=\"canonical\" href=\"https:\/\/jdp-law.pl\/de\/produktions-automatisierung-und-industrieroboter\/\" \/>\n<meta property=\"og:locale\" content=\"de_DE\" \/>\n<meta property=\"og:type\" content=\"article\" \/>\n<meta property=\"og:title\" content=\"Produktionsautomatisierung und Industrieroboter - Rechtsberatung - Kanzlei JDP\" \/>\n<meta property=\"og:description\" content=\"Die Kanzlei JDP bietet Rechtsberatung im Bereich Produktionsautomatisierung und Industrieroboter an. Unser Support umfasst auch Finanzierung und Steuerrecht.\" \/>\n<meta property=\"og:url\" content=\"https:\/\/jdp-law.pl\/de\/produktions-automatisierung-und-industrieroboter\/\" \/>\n<meta property=\"og:site_name\" content=\"Kanzlei JDP\" \/>\n<meta property=\"article:publisher\" content=\"https:\/\/www.facebook.com\/KancelariaJDP\/\" \/>\n<meta property=\"og:image\" content=\"https:\/\/jdp-law.pl\/wp-content\/uploads\/2021\/03\/Automatyzacja-produkcji-i-roboty.jpg\" \/>\n\t<meta property=\"og:image:width\" content=\"538\" \/>\n\t<meta property=\"og:image:height\" content=\"476\" \/>\n\t<meta property=\"og:image:type\" content=\"image\/jpeg\" \/>\n<meta name=\"twitter:card\" content=\"summary_large_image\" \/>\n<meta name=\"twitter:label1\" content=\"Gesch\u00e4tzte Lesezeit\" \/>\n\t<meta name=\"twitter:data1\" content=\"2\u00a0Minuten\" \/>\n<script type=\"application\/ld+json\" class=\"yoast-schema-graph\">{\"@context\":\"https:\\\/\\\/schema.org\",\"@graph\":[{\"@type\":\"WebPage\",\"@id\":\"https:\\\/\\\/jdp-law.pl\\\/de\\\/produktions-automatisierung-und-industrieroboter\\\/\",\"url\":\"https:\\\/\\\/jdp-law.pl\\\/de\\\/produktions-automatisierung-und-industrieroboter\\\/\",\"name\":\"Produktionsautomatisierung und Industrieroboter - Rechtsberatung - Kanzlei JDP\",\"isPartOf\":{\"@id\":\"https:\\\/\\\/jdp-law.pl\\\/de\\\/#website\"},\"primaryImageOfPage\":{\"@id\":\"https:\\\/\\\/jdp-law.pl\\\/de\\\/produktions-automatisierung-und-industrieroboter\\\/#primaryimage\"},\"image\":{\"@id\":\"https:\\\/\\\/jdp-law.pl\\\/de\\\/produktions-automatisierung-und-industrieroboter\\\/#primaryimage\"},\"thumbnailUrl\":\"https:\\\/\\\/jdp-law.pl\\\/wp-content\\\/uploads\\\/2021\\\/03\\\/Automatyzacja-produkcji-i-roboty.jpg\",\"datePublished\":\"2024-10-23T19:34:01+00:00\",\"description\":\"Die Kanzlei JDP bietet Rechtsberatung im Bereich Produktionsautomatisierung und Industrieroboter an. Unser Support umfasst auch Finanzierung und Steuerrecht.\",\"breadcrumb\":{\"@id\":\"https:\\\/\\\/jdp-law.pl\\\/de\\\/produktions-automatisierung-und-industrieroboter\\\/#breadcrumb\"},\"inLanguage\":\"de\",\"potentialAction\":[{\"@type\":\"ReadAction\",\"target\":[\"https:\\\/\\\/jdp-law.pl\\\/de\\\/produktions-automatisierung-und-industrieroboter\\\/\"]}]},{\"@type\":\"ImageObject\",\"inLanguage\":\"de\",\"@id\":\"https:\\\/\\\/jdp-law.pl\\\/de\\\/produktions-automatisierung-und-industrieroboter\\\/#primaryimage\",\"url\":\"https:\\\/\\\/jdp-law.pl\\\/wp-content\\\/uploads\\\/2021\\\/03\\\/Automatyzacja-produkcji-i-roboty.jpg\",\"contentUrl\":\"https:\\\/\\\/jdp-law.pl\\\/wp-content\\\/uploads\\\/2021\\\/03\\\/Automatyzacja-produkcji-i-roboty.jpg\",\"width\":538,\"height\":476},{\"@type\":\"BreadcrumbList\",\"@id\":\"https:\\\/\\\/jdp-law.pl\\\/de\\\/produktions-automatisierung-und-industrieroboter\\\/#breadcrumb\",\"itemListElement\":[{\"@type\":\"ListItem\",\"position\":1,\"name\":\"Startseite\",\"item\":\"https:\\\/\\\/jdp-law.pl\\\/de\\\/\"},{\"@type\":\"ListItem\",\"position\":2,\"name\":\"Produktions- automatisierung und Industrieroboter\"}]},{\"@type\":\"WebSite\",\"@id\":\"https:\\\/\\\/jdp-law.pl\\\/de\\\/#website\",\"url\":\"https:\\\/\\\/jdp-law.pl\\\/de\\\/\",\"name\":\"Kanzlei JDP\",\"description\":\"Wir beraten polnische und internationale Konzerne im Bereich Infrastruktur, Vergaberecht, Immobilien, Transport, Bauwesen, Handel, Produktion und Bankdienstleistungen.\",\"publisher\":{\"@id\":\"https:\\\/\\\/jdp-law.pl\\\/de\\\/#organization\"},\"potentialAction\":[{\"@type\":\"SearchAction\",\"target\":{\"@type\":\"EntryPoint\",\"urlTemplate\":\"https:\\\/\\\/jdp-law.pl\\\/de\\\/?s={search_term_string}\"},\"query-input\":{\"@type\":\"PropertyValueSpecification\",\"valueRequired\":true,\"valueName\":\"search_term_string\"}}],\"inLanguage\":\"de\"},{\"@type\":\"Organization\",\"@id\":\"https:\\\/\\\/jdp-law.pl\\\/de\\\/#organization\",\"name\":\"JDP DRAPA\u0141A CHOMIUK & PARTNERS Sp. k.\",\"url\":\"https:\\\/\\\/jdp-law.pl\\\/de\\\/\",\"logo\":{\"@type\":\"ImageObject\",\"inLanguage\":\"de\",\"@id\":\"https:\\\/\\\/jdp-law.pl\\\/de\\\/#\\\/schema\\\/logo\\\/image\\\/\",\"url\":\"https:\\\/\\\/jdp-law.pl\\\/wp-content\\\/uploads\\\/2024\\\/01\\\/logo-jdp-graph.jpg\",\"contentUrl\":\"https:\\\/\\\/jdp-law.pl\\\/wp-content\\\/uploads\\\/2024\\\/01\\\/logo-jdp-graph.jpg\",\"width\":696,\"height\":696,\"caption\":\"JDP DRAPA\u0141A CHOMIUK & PARTNERS Sp. k.\"},\"image\":{\"@id\":\"https:\\\/\\\/jdp-law.pl\\\/de\\\/#\\\/schema\\\/logo\\\/image\\\/\"},\"sameAs\":[\"https:\\\/\\\/www.facebook.com\\\/KancelariaJDP\\\/\",\"https:\\\/\\\/pl.linkedin.com\\\/company\\\/jara-drapala-&-partners\",\"https:\\\/\\\/www.youtube.com\\\/@jdp-law\"],\"legalName\":\"JDP DRAPA\u0141A CHOMIUK & PARTNERS Sp. k.\",\"email\":\"office@jdp-law.pl\",\"telephone\":\"+48 22 246 00 30\",\"faxNumber\":\"+48 22 246 00 31\",\"alternateName\":\"Kanzlei JDP\",\"description\":\"Kanzlei JDP. Wir beraten polnische und internationale Konzerne im Bereich Infrastruktur, Vergaberecht, Immobilien, Transport, Bauwesen, Handel, Produktion und Bankdienstleistungen.\",\"address\":{\"@type\":\"PostalAddress\",\"streetAddress\":\"ul. Bonifraterska 17\",\"addressLocality\":\"Warschau\",\"addressCountry\":\"PL\",\"addressRegion\":\"Masowien\",\"postalCode\":\"00-203\"},\"contactPoint\":{\"@type\":\"ContactPoint\",\"contactType\":\"B\u00fcro\",\"telephone\":\"+48 22 246 00 30\",\"email\":\"office@jdp-law.pl\"}}]}<\/script>\n<!-- \/ Yoast SEO plugin. -->","yoast_head_json":{"title":"Produktionsautomatisierung und Industrieroboter - Rechtsberatung - Kanzlei JDP","description":"Die Kanzlei JDP bietet Rechtsberatung im Bereich Produktionsautomatisierung und Industrieroboter an. Unser Support umfasst auch Finanzierung und Steuerrecht.","robots":{"index":"index","follow":"follow","max-snippet":"max-snippet:-1","max-image-preview":"max-image-preview:large","max-video-preview":"max-video-preview:-1"},"canonical":"https:\/\/jdp-law.pl\/de\/produktions-automatisierung-und-industrieroboter\/","og_locale":"de_DE","og_type":"article","og_title":"Produktionsautomatisierung und Industrieroboter - Rechtsberatung - Kanzlei JDP","og_description":"Die Kanzlei JDP bietet Rechtsberatung im Bereich Produktionsautomatisierung und Industrieroboter an. Unser Support umfasst auch Finanzierung und Steuerrecht.","og_url":"https:\/\/jdp-law.pl\/de\/produktions-automatisierung-und-industrieroboter\/","og_site_name":"Kanzlei JDP","article_publisher":"https:\/\/www.facebook.com\/KancelariaJDP\/","og_image":[{"width":538,"height":476,"url":"https:\/\/jdp-law.pl\/wp-content\/uploads\/2021\/03\/Automatyzacja-produkcji-i-roboty.jpg","type":"image\/jpeg"}],"twitter_card":"summary_large_image","twitter_misc":{"Gesch\u00e4tzte Lesezeit":"2\u00a0Minuten"},"schema":{"@context":"https:\/\/schema.org","@graph":[{"@type":"WebPage","@id":"https:\/\/jdp-law.pl\/de\/produktions-automatisierung-und-industrieroboter\/","url":"https:\/\/jdp-law.pl\/de\/produktions-automatisierung-und-industrieroboter\/","name":"Produktionsautomatisierung und Industrieroboter - Rechtsberatung - Kanzlei JDP","isPartOf":{"@id":"https:\/\/jdp-law.pl\/de\/#website"},"primaryImageOfPage":{"@id":"https:\/\/jdp-law.pl\/de\/produktions-automatisierung-und-industrieroboter\/#primaryimage"},"image":{"@id":"https:\/\/jdp-law.pl\/de\/produktions-automatisierung-und-industrieroboter\/#primaryimage"},"thumbnailUrl":"https:\/\/jdp-law.pl\/wp-content\/uploads\/2021\/03\/Automatyzacja-produkcji-i-roboty.jpg","datePublished":"2024-10-23T19:34:01+00:00","description":"Die Kanzlei JDP bietet Rechtsberatung im Bereich Produktionsautomatisierung und Industrieroboter an. Unser Support umfasst auch Finanzierung und Steuerrecht.","breadcrumb":{"@id":"https:\/\/jdp-law.pl\/de\/produktions-automatisierung-und-industrieroboter\/#breadcrumb"},"inLanguage":"de","potentialAction":[{"@type":"ReadAction","target":["https:\/\/jdp-law.pl\/de\/produktions-automatisierung-und-industrieroboter\/"]}]},{"@type":"ImageObject","inLanguage":"de","@id":"https:\/\/jdp-law.pl\/de\/produktions-automatisierung-und-industrieroboter\/#primaryimage","url":"https:\/\/jdp-law.pl\/wp-content\/uploads\/2021\/03\/Automatyzacja-produkcji-i-roboty.jpg","contentUrl":"https:\/\/jdp-law.pl\/wp-content\/uploads\/2021\/03\/Automatyzacja-produkcji-i-roboty.jpg","width":538,"height":476},{"@type":"BreadcrumbList","@id":"https:\/\/jdp-law.pl\/de\/produktions-automatisierung-und-industrieroboter\/#breadcrumb","itemListElement":[{"@type":"ListItem","position":1,"name":"Startseite","item":"https:\/\/jdp-law.pl\/de\/"},{"@type":"ListItem","position":2,"name":"Produktions- automatisierung und Industrieroboter"}]},{"@type":"WebSite","@id":"https:\/\/jdp-law.pl\/de\/#website","url":"https:\/\/jdp-law.pl\/de\/","name":"Kanzlei JDP","description":"Wir beraten polnische und internationale Konzerne im Bereich Infrastruktur, Vergaberecht, Immobilien, Transport, Bauwesen, Handel, Produktion und Bankdienstleistungen.","publisher":{"@id":"https:\/\/jdp-law.pl\/de\/#organization"},"potentialAction":[{"@type":"SearchAction","target":{"@type":"EntryPoint","urlTemplate":"https:\/\/jdp-law.pl\/de\/?s={search_term_string}"},"query-input":{"@type":"PropertyValueSpecification","valueRequired":true,"valueName":"search_term_string"}}],"inLanguage":"de"},{"@type":"Organization","@id":"https:\/\/jdp-law.pl\/de\/#organization","name":"JDP DRAPA\u0141A CHOMIUK & PARTNERS Sp. k.","url":"https:\/\/jdp-law.pl\/de\/","logo":{"@type":"ImageObject","inLanguage":"de","@id":"https:\/\/jdp-law.pl\/de\/#\/schema\/logo\/image\/","url":"https:\/\/jdp-law.pl\/wp-content\/uploads\/2024\/01\/logo-jdp-graph.jpg","contentUrl":"https:\/\/jdp-law.pl\/wp-content\/uploads\/2024\/01\/logo-jdp-graph.jpg","width":696,"height":696,"caption":"JDP DRAPA\u0141A CHOMIUK & PARTNERS Sp. k."},"image":{"@id":"https:\/\/jdp-law.pl\/de\/#\/schema\/logo\/image\/"},"sameAs":["https:\/\/www.facebook.com\/KancelariaJDP\/","https:\/\/pl.linkedin.com\/company\/jara-drapala-&-partners","https:\/\/www.youtube.com\/@jdp-law"],"legalName":"JDP DRAPA\u0141A CHOMIUK & PARTNERS Sp. k.","email":"office@jdp-law.pl","telephone":"+48 22 246 00 30","faxNumber":"+48 22 246 00 31","alternateName":"Kanzlei JDP","description":"Kanzlei JDP. Wir beraten polnische und internationale Konzerne im Bereich Infrastruktur, Vergaberecht, Immobilien, Transport, Bauwesen, Handel, Produktion und Bankdienstleistungen.","address":{"@type":"PostalAddress","streetAddress":"ul. Bonifraterska 17","addressLocality":"Warschau","addressCountry":"PL","addressRegion":"Masowien","postalCode":"00-203"},"contactPoint":{"@type":"ContactPoint","contactType":"B\u00fcro","telephone":"+48 22 246 00 30","email":"office@jdp-law.pl"}}]}},"_links":{"self":[{"href":"https:\/\/jdp-law.pl\/de\/wp-json\/wp\/v2\/pages\/12467","targetHints":{"allow":["GET"]}}],"collection":[{"href":"https:\/\/jdp-law.pl\/de\/wp-json\/wp\/v2\/pages"}],"about":[{"href":"https:\/\/jdp-law.pl\/de\/wp-json\/wp\/v2\/types\/page"}],"author":[{"embeddable":true,"href":"https:\/\/jdp-law.pl\/de\/wp-json\/wp\/v2\/users\/19"}],"replies":[{"embeddable":true,"href":"https:\/\/jdp-law.pl\/de\/wp-json\/wp\/v2\/comments?post=12467"}],"version-history":[{"count":2,"href":"https:\/\/jdp-law.pl\/de\/wp-json\/wp\/v2\/pages\/12467\/revisions"}],"predecessor-version":[{"id":12469,"href":"https:\/\/jdp-law.pl\/de\/wp-json\/wp\/v2\/pages\/12467\/revisions\/12469"}],"wp:featuredmedia":[{"embeddable":true,"href":"https:\/\/jdp-law.pl\/de\/wp-json\/wp\/v2\/media\/2261"}],"wp:attachment":[{"href":"https:\/\/jdp-law.pl\/de\/wp-json\/wp\/v2\/media?parent=12467"}],"curies":[{"name":"wp","href":"https:\/\/api.w.org\/{rel}","templated":true}]}}