{"id":12475,"date":"2024-10-23T21:34:01","date_gmt":"2024-10-23T19:34:01","guid":{"rendered":"https:\/\/jdp-law.pl\/?page_id=12475"},"modified":"2026-04-01T13:33:41","modified_gmt":"2026-04-01T11:33:41","slug":"micro-and-shared-mobility","status":"publish","type":"page","link":"https:\/\/jdp-law.pl\/de\/micro-and-shared-mobility\/","title":{"rendered":"Micro and Shared Mobility"},"content":{"rendered":"<p>Wir beraten unsere Mandanten aus der dynamischen Micro and Shared Mobility Branche, darunter Unternehmen, die Multi-Plattformen urbaner Mobilit\u00e4t (Taxis, Carsharing) anbieten, sowie die Betreiber \u00f6ffentlicher Roller- und Fahrradverleihsysteme. Bei der Arbeit f\u00fcr diese Rechtstr\u00e4ger besch\u00e4ftigen wir uns mit der Vorbereitung und \u00dcberarbeitung von Vertragsmustern und den allgemeinen Bedingungen der Dienstleistungserbringung. Au\u00dferdem unterst\u00fctzen wir ihre laufende T\u00e4tigkeit, indem wir Marketingvertr\u00e4ge und Vertr\u00e4ge \u00fcber die Umsetzung neuer L\u00f6sungen in den mobilen Apps f\u00fcr die Mandanten aufsetzen und begutachten. Unsere Beratungsleistungen im Rahmen des Zivil- und Wirtschaftsrechts runden wir mit dem Erfahrungsschatz unserer Experten im Bereich des Datenschutzes, der Steuern und der Finanzierung (kurzfristige Mietvertr\u00e4ge, Mietvertr\u00e4ge, Leasingvertr\u00e4ge) ab.<\/p>\n<p>Auf dem Gebiet der urbanen Mobilit\u00e4t bieten wir aktives Rechtsmonitoring und reagieren auf neue Rechtsl\u00f6sungen, die sich auf die T\u00e4tigkeit der Branche auswirken k\u00f6nnen. Ferner unterst\u00fctzen wir unsere Mandanten in den Verwaltungsverfahren und im Bereich des Aufbaus und der Pflege von Beziehungen zwischen den Mandanten und den staatlichen und lokalen Beh\u00f6rden.<\/p>\n<p>Insbesondere umfasst unser Beratungsspektrum:<\/p>\n<ul>\n<li>Erstellung von Vertragsmustern und allgemeinen Dienstleistungsbedingungen f\u00fcr unsere Mandanten, unter Ber\u00fccksichtigung der verbraucherbezogenen Vorschriften, der Vorschriften zum Wettbewerb und zum Datenschutz;<\/li>\n<li>Vorbereitung rechtlicher und steuerrechtlicher Umsetzungen neuer L\u00f6sungen in den mobilen Apps f\u00fcr die Kontrahenten, z.B. im Bereich der Fakturierung, Transaktionsabrechnung;<\/li>\n<li>Analyse und Begutachtung von Vertr\u00e4gen, die der Mandant von seinen Kontrahenten erh\u00e4lt, und zwar u.a. \u00fcber die Ma\u00dfnahmen zur Wartung der Ausstattung, das Marketing und die Werbung sowie die Finanzierung;<\/li>\n<li>F\u00fchrung von Vertragsverhandlungen zwecks ordnungsgem\u00e4\u00dfer Sicherung der Interessen unseres Mandanten;<\/li>\n<li>Vorbereitung der Vertragsk\u00fcndigung bei Nichterf\u00fcllung der vertraglichen Pflichten durch den Kontrahenten;<\/li>\n<li>Unterst\u00fctzung unserer Mandanten beim Aufbau von Beziehungen mit den \u00f6ffentlichen Rechtstr\u00e4gern und mit den lokalen Selbstverwaltungen;<\/li>\n<li>Aktualisierung der vorgeschlagenen rechtlichen L\u00f6sungen auf nationaler und lokaler Ebene hinsichtlich der Auswirkungen und der Anpassung der T\u00e4tigkeit des jeweiligen Mandanten an den aktuellen Rechtsrahmen;<\/li>\n<li>Vertretung der Mandanten in den Verwaltungsverfahren;<\/li>\n<li>Wir bieten umfassende Unterst\u00fctzung im Bereich Datenschutz in jeder Gesch\u00e4ftsphase, von der Gestaltung von Gesch\u00e4ftsprozessen bis zu deren \u00c4nderung oder Beendigung.<\/li>\n<\/ul>\n","protected":false},"excerpt":{"rendered":"<p>Wir beraten unsere Mandanten aus der dynamischen Micro and Shared Mobility Branche, darunter Unternehmen, die Multi-Plattformen urbaner Mobilit\u00e4t (Taxis, Carsharing) [&hellip;]<\/p>\n","protected":false},"author":19,"featured_media":2264,"parent":0,"menu_order":40,"comment_status":"closed","ping_status":"closed","template":"templates\/industries.php","meta":{"_acf_changed":false,"footnotes":""},"class_list":["post-12475","page","type-page","status-publish","has-post-thumbnail","hentry"],"acf":[],"yoast_head":"<!-- This site is optimized with the Yoast SEO plugin v27.6 - https:\/\/yoast.com\/product\/yoast-seo-wordpress\/ -->\n<title>Rechtsberatung f\u00fcr die Micro und Shared Mobility - Kanzlei JDP<\/title>\n<meta name=\"description\" content=\"Wir bieten umfassende Rechtsberatung f\u00fcr die Branche der Shared Mobility und unterst\u00fctzen Unternehmen, die unter anderem im Carsharing sowie bei der Vermietung von E-Scootern und Fahrr\u00e4dern t\u00e4tig sind.\" \/>\n<meta name=\"robots\" content=\"index, follow, max-snippet:-1, max-image-preview:large, max-video-preview:-1\" \/>\n<link rel=\"canonical\" href=\"https:\/\/jdp-law.pl\/de\/micro-and-shared-mobility\/\" \/>\n<meta property=\"og:locale\" content=\"de_DE\" \/>\n<meta property=\"og:type\" content=\"article\" \/>\n<meta property=\"og:title\" content=\"Rechtsberatung f\u00fcr die Micro und Shared Mobility - Kanzlei JDP\" \/>\n<meta property=\"og:description\" content=\"Wir bieten umfassende Rechtsberatung f\u00fcr die Branche der Shared Mobility und unterst\u00fctzen Unternehmen, die unter anderem im Carsharing sowie bei der Vermietung von E-Scootern und Fahrr\u00e4dern t\u00e4tig sind.\" \/>\n<meta property=\"og:url\" content=\"https:\/\/jdp-law.pl\/de\/micro-and-shared-mobility\/\" \/>\n<meta property=\"og:site_name\" content=\"Kanzlei JDP\" \/>\n<meta property=\"article:publisher\" content=\"https:\/\/www.facebook.com\/KancelariaJDP\/\" \/>\n<meta property=\"article:modified_time\" content=\"2026-04-01T11:33:41+00:00\" \/>\n<meta property=\"og:image\" content=\"https:\/\/jdp-law.pl\/wp-content\/uploads\/2021\/03\/Micro-and-shared-mobility.jpg\" \/>\n\t<meta property=\"og:image:width\" content=\"538\" \/>\n\t<meta property=\"og:image:height\" content=\"476\" \/>\n\t<meta property=\"og:image:type\" content=\"image\/jpeg\" \/>\n<meta name=\"twitter:card\" content=\"summary_large_image\" \/>\n<meta name=\"twitter:label1\" content=\"Gesch\u00e4tzte Lesezeit\" \/>\n\t<meta name=\"twitter:data1\" content=\"3\u00a0Minuten\" \/>\n<script type=\"application\/ld+json\" class=\"yoast-schema-graph\">{\"@context\":\"https:\\\/\\\/schema.org\",\"@graph\":[{\"@type\":\"WebPage\",\"@id\":\"https:\\\/\\\/jdp-law.pl\\\/de\\\/micro-and-shared-mobility\\\/\",\"url\":\"https:\\\/\\\/jdp-law.pl\\\/de\\\/micro-and-shared-mobility\\\/\",\"name\":\"Rechtsberatung f\u00fcr die Micro und Shared Mobility - Kanzlei JDP\",\"isPartOf\":{\"@id\":\"https:\\\/\\\/jdp-law.pl\\\/de\\\/#website\"},\"primaryImageOfPage\":{\"@id\":\"https:\\\/\\\/jdp-law.pl\\\/de\\\/micro-and-shared-mobility\\\/#primaryimage\"},\"image\":{\"@id\":\"https:\\\/\\\/jdp-law.pl\\\/de\\\/micro-and-shared-mobility\\\/#primaryimage\"},\"thumbnailUrl\":\"https:\\\/\\\/jdp-law.pl\\\/wp-content\\\/uploads\\\/2021\\\/03\\\/Micro-and-shared-mobility.jpg\",\"datePublished\":\"2024-10-23T19:34:01+00:00\",\"dateModified\":\"2026-04-01T11:33:41+00:00\",\"description\":\"Wir bieten umfassende Rechtsberatung f\u00fcr die Branche der Shared Mobility und unterst\u00fctzen Unternehmen, die unter anderem im Carsharing sowie bei der Vermietung von E-Scootern und Fahrr\u00e4dern t\u00e4tig sind.\",\"breadcrumb\":{\"@id\":\"https:\\\/\\\/jdp-law.pl\\\/de\\\/micro-and-shared-mobility\\\/#breadcrumb\"},\"inLanguage\":\"de\",\"potentialAction\":[{\"@type\":\"ReadAction\",\"target\":[\"https:\\\/\\\/jdp-law.pl\\\/de\\\/micro-and-shared-mobility\\\/\"]}]},{\"@type\":\"ImageObject\",\"inLanguage\":\"de\",\"@id\":\"https:\\\/\\\/jdp-law.pl\\\/de\\\/micro-and-shared-mobility\\\/#primaryimage\",\"url\":\"https:\\\/\\\/jdp-law.pl\\\/wp-content\\\/uploads\\\/2021\\\/03\\\/Micro-and-shared-mobility.jpg\",\"contentUrl\":\"https:\\\/\\\/jdp-law.pl\\\/wp-content\\\/uploads\\\/2021\\\/03\\\/Micro-and-shared-mobility.jpg\",\"width\":538,\"height\":476},{\"@type\":\"BreadcrumbList\",\"@id\":\"https:\\\/\\\/jdp-law.pl\\\/de\\\/micro-and-shared-mobility\\\/#breadcrumb\",\"itemListElement\":[{\"@type\":\"ListItem\",\"position\":1,\"name\":\"Startseite\",\"item\":\"https:\\\/\\\/jdp-law.pl\\\/de\\\/\"},{\"@type\":\"ListItem\",\"position\":2,\"name\":\"Micro and Shared Mobility\"}]},{\"@type\":\"WebSite\",\"@id\":\"https:\\\/\\\/jdp-law.pl\\\/de\\\/#website\",\"url\":\"https:\\\/\\\/jdp-law.pl\\\/de\\\/\",\"name\":\"Kanzlei JDP\",\"description\":\"Wir beraten polnische und internationale Konzerne im Bereich Infrastruktur, Vergaberecht, Immobilien, Transport, Bauwesen, Handel, Produktion und Bankdienstleistungen.\",\"publisher\":{\"@id\":\"https:\\\/\\\/jdp-law.pl\\\/de\\\/#organization\"},\"potentialAction\":[{\"@type\":\"SearchAction\",\"target\":{\"@type\":\"EntryPoint\",\"urlTemplate\":\"https:\\\/\\\/jdp-law.pl\\\/de\\\/?s={search_term_string}\"},\"query-input\":{\"@type\":\"PropertyValueSpecification\",\"valueRequired\":true,\"valueName\":\"search_term_string\"}}],\"inLanguage\":\"de\"},{\"@type\":\"Organization\",\"@id\":\"https:\\\/\\\/jdp-law.pl\\\/de\\\/#organization\",\"name\":\"JDP DRAPA\u0141A CHOMIUK & PARTNERS Sp. k.\",\"url\":\"https:\\\/\\\/jdp-law.pl\\\/de\\\/\",\"logo\":{\"@type\":\"ImageObject\",\"inLanguage\":\"de\",\"@id\":\"https:\\\/\\\/jdp-law.pl\\\/de\\\/#\\\/schema\\\/logo\\\/image\\\/\",\"url\":\"https:\\\/\\\/jdp-law.pl\\\/wp-content\\\/uploads\\\/2024\\\/01\\\/logo-jdp-graph.jpg\",\"contentUrl\":\"https:\\\/\\\/jdp-law.pl\\\/wp-content\\\/uploads\\\/2024\\\/01\\\/logo-jdp-graph.jpg\",\"width\":696,\"height\":696,\"caption\":\"JDP DRAPA\u0141A CHOMIUK & PARTNERS Sp. k.\"},\"image\":{\"@id\":\"https:\\\/\\\/jdp-law.pl\\\/de\\\/#\\\/schema\\\/logo\\\/image\\\/\"},\"sameAs\":[\"https:\\\/\\\/www.facebook.com\\\/KancelariaJDP\\\/\",\"https:\\\/\\\/pl.linkedin.com\\\/company\\\/jara-drapala-&-partners\",\"https:\\\/\\\/www.youtube.com\\\/@jdp-law\"],\"legalName\":\"JDP DRAPA\u0141A CHOMIUK & PARTNERS Sp. k.\",\"email\":\"office@jdp-law.pl\",\"telephone\":\"+48 22 246 00 30\",\"faxNumber\":\"+48 22 246 00 31\",\"alternateName\":\"Kanzlei JDP\",\"description\":\"Kanzlei JDP. Wir beraten polnische und internationale Konzerne im Bereich Infrastruktur, Vergaberecht, Immobilien, Transport, Bauwesen, Handel, Produktion und Bankdienstleistungen.\",\"address\":{\"@type\":\"PostalAddress\",\"streetAddress\":\"ul. Bonifraterska 17\",\"addressLocality\":\"Warschau\",\"addressCountry\":\"PL\",\"addressRegion\":\"Masowien\",\"postalCode\":\"00-203\"},\"contactPoint\":{\"@type\":\"ContactPoint\",\"contactType\":\"B\u00fcro\",\"telephone\":\"+48 22 246 00 30\",\"email\":\"office@jdp-law.pl\"}}]}<\/script>\n<!-- \/ Yoast SEO plugin. -->","yoast_head_json":{"title":"Rechtsberatung f\u00fcr die Micro und Shared Mobility - Kanzlei JDP","description":"Wir bieten umfassende Rechtsberatung f\u00fcr die Branche der Shared Mobility und unterst\u00fctzen Unternehmen, die unter anderem im Carsharing sowie bei der Vermietung von E-Scootern und Fahrr\u00e4dern t\u00e4tig sind.","robots":{"index":"index","follow":"follow","max-snippet":"max-snippet:-1","max-image-preview":"max-image-preview:large","max-video-preview":"max-video-preview:-1"},"canonical":"https:\/\/jdp-law.pl\/de\/micro-and-shared-mobility\/","og_locale":"de_DE","og_type":"article","og_title":"Rechtsberatung f\u00fcr die Micro und Shared Mobility - Kanzlei JDP","og_description":"Wir bieten umfassende Rechtsberatung f\u00fcr die Branche der Shared Mobility und unterst\u00fctzen Unternehmen, die unter anderem im Carsharing sowie bei der Vermietung von E-Scootern und Fahrr\u00e4dern t\u00e4tig sind.","og_url":"https:\/\/jdp-law.pl\/de\/micro-and-shared-mobility\/","og_site_name":"Kanzlei JDP","article_publisher":"https:\/\/www.facebook.com\/KancelariaJDP\/","article_modified_time":"2026-04-01T11:33:41+00:00","og_image":[{"width":538,"height":476,"url":"https:\/\/jdp-law.pl\/wp-content\/uploads\/2021\/03\/Micro-and-shared-mobility.jpg","type":"image\/jpeg"}],"twitter_card":"summary_large_image","twitter_misc":{"Gesch\u00e4tzte Lesezeit":"3\u00a0Minuten"},"schema":{"@context":"https:\/\/schema.org","@graph":[{"@type":"WebPage","@id":"https:\/\/jdp-law.pl\/de\/micro-and-shared-mobility\/","url":"https:\/\/jdp-law.pl\/de\/micro-and-shared-mobility\/","name":"Rechtsberatung f\u00fcr die Micro und Shared Mobility - Kanzlei JDP","isPartOf":{"@id":"https:\/\/jdp-law.pl\/de\/#website"},"primaryImageOfPage":{"@id":"https:\/\/jdp-law.pl\/de\/micro-and-shared-mobility\/#primaryimage"},"image":{"@id":"https:\/\/jdp-law.pl\/de\/micro-and-shared-mobility\/#primaryimage"},"thumbnailUrl":"https:\/\/jdp-law.pl\/wp-content\/uploads\/2021\/03\/Micro-and-shared-mobility.jpg","datePublished":"2024-10-23T19:34:01+00:00","dateModified":"2026-04-01T11:33:41+00:00","description":"Wir bieten umfassende Rechtsberatung f\u00fcr die Branche der Shared Mobility und unterst\u00fctzen Unternehmen, die unter anderem im Carsharing sowie bei der Vermietung von E-Scootern und Fahrr\u00e4dern t\u00e4tig sind.","breadcrumb":{"@id":"https:\/\/jdp-law.pl\/de\/micro-and-shared-mobility\/#breadcrumb"},"inLanguage":"de","potentialAction":[{"@type":"ReadAction","target":["https:\/\/jdp-law.pl\/de\/micro-and-shared-mobility\/"]}]},{"@type":"ImageObject","inLanguage":"de","@id":"https:\/\/jdp-law.pl\/de\/micro-and-shared-mobility\/#primaryimage","url":"https:\/\/jdp-law.pl\/wp-content\/uploads\/2021\/03\/Micro-and-shared-mobility.jpg","contentUrl":"https:\/\/jdp-law.pl\/wp-content\/uploads\/2021\/03\/Micro-and-shared-mobility.jpg","width":538,"height":476},{"@type":"BreadcrumbList","@id":"https:\/\/jdp-law.pl\/de\/micro-and-shared-mobility\/#breadcrumb","itemListElement":[{"@type":"ListItem","position":1,"name":"Startseite","item":"https:\/\/jdp-law.pl\/de\/"},{"@type":"ListItem","position":2,"name":"Micro and Shared Mobility"}]},{"@type":"WebSite","@id":"https:\/\/jdp-law.pl\/de\/#website","url":"https:\/\/jdp-law.pl\/de\/","name":"Kanzlei JDP","description":"Wir beraten polnische und internationale Konzerne im Bereich Infrastruktur, Vergaberecht, Immobilien, Transport, Bauwesen, Handel, Produktion und Bankdienstleistungen.","publisher":{"@id":"https:\/\/jdp-law.pl\/de\/#organization"},"potentialAction":[{"@type":"SearchAction","target":{"@type":"EntryPoint","urlTemplate":"https:\/\/jdp-law.pl\/de\/?s={search_term_string}"},"query-input":{"@type":"PropertyValueSpecification","valueRequired":true,"valueName":"search_term_string"}}],"inLanguage":"de"},{"@type":"Organization","@id":"https:\/\/jdp-law.pl\/de\/#organization","name":"JDP DRAPA\u0141A CHOMIUK & PARTNERS Sp. k.","url":"https:\/\/jdp-law.pl\/de\/","logo":{"@type":"ImageObject","inLanguage":"de","@id":"https:\/\/jdp-law.pl\/de\/#\/schema\/logo\/image\/","url":"https:\/\/jdp-law.pl\/wp-content\/uploads\/2024\/01\/logo-jdp-graph.jpg","contentUrl":"https:\/\/jdp-law.pl\/wp-content\/uploads\/2024\/01\/logo-jdp-graph.jpg","width":696,"height":696,"caption":"JDP DRAPA\u0141A CHOMIUK & PARTNERS Sp. k."},"image":{"@id":"https:\/\/jdp-law.pl\/de\/#\/schema\/logo\/image\/"},"sameAs":["https:\/\/www.facebook.com\/KancelariaJDP\/","https:\/\/pl.linkedin.com\/company\/jara-drapala-&-partners","https:\/\/www.youtube.com\/@jdp-law"],"legalName":"JDP DRAPA\u0141A CHOMIUK & PARTNERS Sp. k.","email":"office@jdp-law.pl","telephone":"+48 22 246 00 30","faxNumber":"+48 22 246 00 31","alternateName":"Kanzlei JDP","description":"Kanzlei JDP. Wir beraten polnische und internationale Konzerne im Bereich Infrastruktur, Vergaberecht, Immobilien, Transport, Bauwesen, Handel, Produktion und Bankdienstleistungen.","address":{"@type":"PostalAddress","streetAddress":"ul. Bonifraterska 17","addressLocality":"Warschau","addressCountry":"PL","addressRegion":"Masowien","postalCode":"00-203"},"contactPoint":{"@type":"ContactPoint","contactType":"B\u00fcro","telephone":"+48 22 246 00 30","email":"office@jdp-law.pl"}}]}},"_links":{"self":[{"href":"https:\/\/jdp-law.pl\/de\/wp-json\/wp\/v2\/pages\/12475","targetHints":{"allow":["GET"]}}],"collection":[{"href":"https:\/\/jdp-law.pl\/de\/wp-json\/wp\/v2\/pages"}],"about":[{"href":"https:\/\/jdp-law.pl\/de\/wp-json\/wp\/v2\/types\/page"}],"author":[{"embeddable":true,"href":"https:\/\/jdp-law.pl\/de\/wp-json\/wp\/v2\/users\/19"}],"replies":[{"embeddable":true,"href":"https:\/\/jdp-law.pl\/de\/wp-json\/wp\/v2\/comments?post=12475"}],"version-history":[{"count":5,"href":"https:\/\/jdp-law.pl\/de\/wp-json\/wp\/v2\/pages\/12475\/revisions"}],"predecessor-version":[{"id":502311601,"href":"https:\/\/jdp-law.pl\/de\/wp-json\/wp\/v2\/pages\/12475\/revisions\/502311601"}],"wp:featuredmedia":[{"embeddable":true,"href":"https:\/\/jdp-law.pl\/de\/wp-json\/wp\/v2\/media\/2264"}],"wp:attachment":[{"href":"https:\/\/jdp-law.pl\/de\/wp-json\/wp\/v2\/media?parent=12475"}],"curies":[{"name":"wp","href":"https:\/\/api.w.org\/{rel}","templated":true}]}}