{"id":12496,"date":"2024-10-23T21:34:01","date_gmt":"2024-10-23T19:34:01","guid":{"rendered":"https:\/\/jdp-law.pl\/?page_id=12496"},"modified":"2025-10-14T14:32:56","modified_gmt":"2025-10-14T12:32:56","slug":"transport-und-logistik","status":"publish","type":"page","link":"https:\/\/jdp-law.pl\/de\/transport-und-logistik\/","title":{"rendered":"Transport und Logistik"},"content":{"rendered":"<p>Wir erbringen Beratungsleistungen f\u00fcr Unternehmen aus der Transportbranche, die sich sowohl mit der Bef\u00f6rderung von Waren als auch von Personen besch\u00e4ftigen \u2013 im Luft-, Stra\u00dfen- oder Seeverkehr. Unser eingehendes Verst\u00e4ndnis der Bed\u00fcrfnisse und Anforderungen der Branche st\u00fctzt sich auf unsere interdisziplin\u00e4ren Erfahrungen. Dank unseres umfassenden Kontaktnetzwerkes zu ausl\u00e4ndischen Anw\u00e4lten k\u00f6nnen wir allen auf internationaler Ebene t\u00e4tigen Mandanten professionelle Begleitung bieten. Wir unterst\u00fctzen unsere Mandanten beim Abschluss von Speditionsvertr\u00e4gen, beim Erwerb von Logistikzentren, bei der Finanzierung der Entwicklung ihrer T\u00e4tigkeit, in Angelegenheiten auf dem Gebiet des Arbeitsrechts und beim Erwerb von Fahrzeugen f\u00fcr die Aus\u00fcbung ihrer T\u00e4tigkeit. Wir vertreten unsere Mandanten erfolgreich in Streitigkeiten in Bezug auf Transportgesch\u00e4fte und bei Auseinandersetzungen mit Kontrahenten.<\/p>\n<p>Insbesondere umfasst unser Beratungsspektrum:<\/p>\n<ul>\n<li>Hilfe beim Abschluss von Kauf- und Leasingvertr\u00e4gen \u00fcber die Transportfahrzeuge;<\/li>\n<li>Begutachten und Erstellen von Speditions- und Bef\u00f6rderungsvertr\u00e4gen, Lagervertr\u00e4gen, Aufbewahrungsvertr\u00e4gen und Mietvertr\u00e4gen \u00fcber Lagerfl\u00e4chen;<\/li>\n<li>Beratung zur Sicherung von Forderungen im Transport (Pfandrecht an der Ware);<\/li>\n<li>Hilfe beim Erwerb und bei der Finanzierung des Erwerbs von Logistikzentren und Lagerfl\u00e4chen;<\/li>\n<li>Beratung zum internationalen Warentransport aufgrund des CMR-\u00dcbereinkommens;<\/li>\n<li>Betreuung bei Angelegenheiten des Arbeitsrechts hinsichtlich der Mitarbeiter von Transportunternehmen (u.a. Entsendung von Mitarbeitern, Arbeitszeit der Fahrer);<\/li>\n<li>Erfolgreiche F\u00fchrung von Streitigkeiten im Zusammenhang mit Transportgesch\u00e4ften.<\/li>\n<\/ul>\n","protected":false},"excerpt":{"rendered":"<p>Wir erbringen Beratungsleistungen f\u00fcr Unternehmen aus der Transportbranche, die sich sowohl mit der Bef\u00f6rderung von Waren als auch von Personen [&hellip;]<\/p>\n","protected":false},"author":19,"featured_media":2270,"parent":0,"menu_order":46,"comment_status":"closed","ping_status":"closed","template":"templates\/industries.php","meta":{"_acf_changed":false,"footnotes":""},"class_list":["post-12496","page","type-page","status-publish","has-post-thumbnail","hentry"],"acf":[],"yoast_head":"<!-- This site is optimized with the Yoast SEO plugin v27.4 - https:\/\/yoast.com\/product\/yoast-seo-wordpress\/ -->\n<title>Rechtsberatung f\u00fcr die Transport- und Logistikbranche - Kanzlei JDP<\/title>\n<meta name=\"description\" content=\"Die Kanzlei JDP bietet umfassende Rechtsberatung f\u00fcr die Transport- und Logistikbranche und unterst\u00fctzt Unternehmen, die sich mit dem Transport von Waren und Personen befassen.\" \/>\n<meta name=\"robots\" content=\"index, follow, max-snippet:-1, max-image-preview:large, max-video-preview:-1\" \/>\n<link rel=\"canonical\" href=\"https:\/\/jdp-law.pl\/de\/transport-und-logistik\/\" \/>\n<meta property=\"og:locale\" content=\"de_DE\" \/>\n<meta property=\"og:type\" content=\"article\" \/>\n<meta property=\"og:title\" content=\"Rechtsberatung f\u00fcr die Transport- und Logistikbranche - Kanzlei JDP\" \/>\n<meta property=\"og:description\" content=\"Die Kanzlei JDP bietet umfassende Rechtsberatung f\u00fcr die Transport- und Logistikbranche und unterst\u00fctzt Unternehmen, die sich mit dem Transport von Waren und Personen befassen.\" \/>\n<meta property=\"og:url\" content=\"https:\/\/jdp-law.pl\/de\/transport-und-logistik\/\" \/>\n<meta property=\"og:site_name\" content=\"Kanzlei JDP\" \/>\n<meta property=\"article:publisher\" content=\"https:\/\/www.facebook.com\/KancelariaJDP\/\" \/>\n<meta property=\"article:modified_time\" content=\"2025-10-14T12:32:56+00:00\" \/>\n<meta property=\"og:image\" content=\"https:\/\/jdp-law.pl\/wp-content\/uploads\/2021\/03\/Transport-i-logistyka.jpg\" \/>\n\t<meta property=\"og:image:width\" content=\"538\" \/>\n\t<meta property=\"og:image:height\" content=\"476\" \/>\n\t<meta property=\"og:image:type\" content=\"image\/jpeg\" \/>\n<meta name=\"twitter:card\" content=\"summary_large_image\" \/>\n<meta name=\"twitter:label1\" content=\"Gesch\u00e4tzte Lesezeit\" \/>\n\t<meta name=\"twitter:data1\" content=\"2\u00a0Minuten\" \/>\n<script type=\"application\/ld+json\" class=\"yoast-schema-graph\">{\"@context\":\"https:\\\/\\\/schema.org\",\"@graph\":[{\"@type\":\"WebPage\",\"@id\":\"https:\\\/\\\/jdp-law.pl\\\/de\\\/transport-und-logistik\\\/\",\"url\":\"https:\\\/\\\/jdp-law.pl\\\/de\\\/transport-und-logistik\\\/\",\"name\":\"Rechtsberatung f\u00fcr die Transport- und Logistikbranche - Kanzlei JDP\",\"isPartOf\":{\"@id\":\"https:\\\/\\\/jdp-law.pl\\\/de\\\/#website\"},\"primaryImageOfPage\":{\"@id\":\"https:\\\/\\\/jdp-law.pl\\\/de\\\/transport-und-logistik\\\/#primaryimage\"},\"image\":{\"@id\":\"https:\\\/\\\/jdp-law.pl\\\/de\\\/transport-und-logistik\\\/#primaryimage\"},\"thumbnailUrl\":\"https:\\\/\\\/jdp-law.pl\\\/wp-content\\\/uploads\\\/2021\\\/03\\\/Transport-i-logistyka.jpg\",\"datePublished\":\"2024-10-23T19:34:01+00:00\",\"dateModified\":\"2025-10-14T12:32:56+00:00\",\"description\":\"Die Kanzlei JDP bietet umfassende Rechtsberatung f\u00fcr die Transport- und Logistikbranche und unterst\u00fctzt Unternehmen, die sich mit dem Transport von Waren und Personen befassen.\",\"breadcrumb\":{\"@id\":\"https:\\\/\\\/jdp-law.pl\\\/de\\\/transport-und-logistik\\\/#breadcrumb\"},\"inLanguage\":\"de\",\"potentialAction\":[{\"@type\":\"ReadAction\",\"target\":[\"https:\\\/\\\/jdp-law.pl\\\/de\\\/transport-und-logistik\\\/\"]}]},{\"@type\":\"ImageObject\",\"inLanguage\":\"de\",\"@id\":\"https:\\\/\\\/jdp-law.pl\\\/de\\\/transport-und-logistik\\\/#primaryimage\",\"url\":\"https:\\\/\\\/jdp-law.pl\\\/wp-content\\\/uploads\\\/2021\\\/03\\\/Transport-i-logistyka.jpg\",\"contentUrl\":\"https:\\\/\\\/jdp-law.pl\\\/wp-content\\\/uploads\\\/2021\\\/03\\\/Transport-i-logistyka.jpg\",\"width\":538,\"height\":476},{\"@type\":\"BreadcrumbList\",\"@id\":\"https:\\\/\\\/jdp-law.pl\\\/de\\\/transport-und-logistik\\\/#breadcrumb\",\"itemListElement\":[{\"@type\":\"ListItem\",\"position\":1,\"name\":\"Startseite\",\"item\":\"https:\\\/\\\/jdp-law.pl\\\/de\\\/\"},{\"@type\":\"ListItem\",\"position\":2,\"name\":\"Transport und Logistik\"}]},{\"@type\":\"WebSite\",\"@id\":\"https:\\\/\\\/jdp-law.pl\\\/de\\\/#website\",\"url\":\"https:\\\/\\\/jdp-law.pl\\\/de\\\/\",\"name\":\"Kanzlei JDP\",\"description\":\"Wir beraten polnische und internationale Konzerne im Bereich Infrastruktur, Vergaberecht, Immobilien, Transport, Bauwesen, Handel, Produktion und Bankdienstleistungen.\",\"publisher\":{\"@id\":\"https:\\\/\\\/jdp-law.pl\\\/de\\\/#organization\"},\"potentialAction\":[{\"@type\":\"SearchAction\",\"target\":{\"@type\":\"EntryPoint\",\"urlTemplate\":\"https:\\\/\\\/jdp-law.pl\\\/de\\\/?s={search_term_string}\"},\"query-input\":{\"@type\":\"PropertyValueSpecification\",\"valueRequired\":true,\"valueName\":\"search_term_string\"}}],\"inLanguage\":\"de\"},{\"@type\":\"Organization\",\"@id\":\"https:\\\/\\\/jdp-law.pl\\\/de\\\/#organization\",\"name\":\"JDP DRAPA\u0141A CHOMIUK & PARTNERS Sp. k.\",\"url\":\"https:\\\/\\\/jdp-law.pl\\\/de\\\/\",\"logo\":{\"@type\":\"ImageObject\",\"inLanguage\":\"de\",\"@id\":\"https:\\\/\\\/jdp-law.pl\\\/de\\\/#\\\/schema\\\/logo\\\/image\\\/\",\"url\":\"https:\\\/\\\/jdp-law.pl\\\/wp-content\\\/uploads\\\/2024\\\/01\\\/logo-jdp-graph.jpg\",\"contentUrl\":\"https:\\\/\\\/jdp-law.pl\\\/wp-content\\\/uploads\\\/2024\\\/01\\\/logo-jdp-graph.jpg\",\"width\":696,\"height\":696,\"caption\":\"JDP DRAPA\u0141A CHOMIUK & PARTNERS Sp. k.\"},\"image\":{\"@id\":\"https:\\\/\\\/jdp-law.pl\\\/de\\\/#\\\/schema\\\/logo\\\/image\\\/\"},\"sameAs\":[\"https:\\\/\\\/www.facebook.com\\\/KancelariaJDP\\\/\",\"https:\\\/\\\/pl.linkedin.com\\\/company\\\/jara-drapala-&-partners\",\"https:\\\/\\\/www.youtube.com\\\/@jdp-law\"],\"legalName\":\"JDP DRAPA\u0141A CHOMIUK & PARTNERS Sp. k.\",\"email\":\"office@jdp-law.pl\",\"telephone\":\"+48 22 246 00 30\",\"faxNumber\":\"+48 22 246 00 31\",\"alternateName\":\"Kanzlei JDP\",\"description\":\"Kanzlei JDP. Wir beraten polnische und internationale Konzerne im Bereich Infrastruktur, Vergaberecht, Immobilien, Transport, Bauwesen, Handel, Produktion und Bankdienstleistungen.\",\"address\":{\"@type\":\"PostalAddress\",\"streetAddress\":\"ul. Bonifraterska 17\",\"addressLocality\":\"Warschau\",\"addressCountry\":\"PL\",\"addressRegion\":\"Masowien\",\"postalCode\":\"00-203\"},\"contactPoint\":{\"@type\":\"ContactPoint\",\"contactType\":\"B\u00fcro\",\"telephone\":\"+48 22 246 00 30\",\"email\":\"office@jdp-law.pl\"}}]}<\/script>\n<!-- \/ Yoast SEO plugin. -->","yoast_head_json":{"title":"Rechtsberatung f\u00fcr die Transport- und Logistikbranche - Kanzlei JDP","description":"Die Kanzlei JDP bietet umfassende Rechtsberatung f\u00fcr die Transport- und Logistikbranche und unterst\u00fctzt Unternehmen, die sich mit dem Transport von Waren und Personen befassen.","robots":{"index":"index","follow":"follow","max-snippet":"max-snippet:-1","max-image-preview":"max-image-preview:large","max-video-preview":"max-video-preview:-1"},"canonical":"https:\/\/jdp-law.pl\/de\/transport-und-logistik\/","og_locale":"de_DE","og_type":"article","og_title":"Rechtsberatung f\u00fcr die Transport- und Logistikbranche - Kanzlei JDP","og_description":"Die Kanzlei JDP bietet umfassende Rechtsberatung f\u00fcr die Transport- und Logistikbranche und unterst\u00fctzt Unternehmen, die sich mit dem Transport von Waren und Personen befassen.","og_url":"https:\/\/jdp-law.pl\/de\/transport-und-logistik\/","og_site_name":"Kanzlei JDP","article_publisher":"https:\/\/www.facebook.com\/KancelariaJDP\/","article_modified_time":"2025-10-14T12:32:56+00:00","og_image":[{"width":538,"height":476,"url":"https:\/\/jdp-law.pl\/wp-content\/uploads\/2021\/03\/Transport-i-logistyka.jpg","type":"image\/jpeg"}],"twitter_card":"summary_large_image","twitter_misc":{"Gesch\u00e4tzte Lesezeit":"2\u00a0Minuten"},"schema":{"@context":"https:\/\/schema.org","@graph":[{"@type":"WebPage","@id":"https:\/\/jdp-law.pl\/de\/transport-und-logistik\/","url":"https:\/\/jdp-law.pl\/de\/transport-und-logistik\/","name":"Rechtsberatung f\u00fcr die Transport- und Logistikbranche - Kanzlei JDP","isPartOf":{"@id":"https:\/\/jdp-law.pl\/de\/#website"},"primaryImageOfPage":{"@id":"https:\/\/jdp-law.pl\/de\/transport-und-logistik\/#primaryimage"},"image":{"@id":"https:\/\/jdp-law.pl\/de\/transport-und-logistik\/#primaryimage"},"thumbnailUrl":"https:\/\/jdp-law.pl\/wp-content\/uploads\/2021\/03\/Transport-i-logistyka.jpg","datePublished":"2024-10-23T19:34:01+00:00","dateModified":"2025-10-14T12:32:56+00:00","description":"Die Kanzlei JDP bietet umfassende Rechtsberatung f\u00fcr die Transport- und Logistikbranche und unterst\u00fctzt Unternehmen, die sich mit dem Transport von Waren und Personen befassen.","breadcrumb":{"@id":"https:\/\/jdp-law.pl\/de\/transport-und-logistik\/#breadcrumb"},"inLanguage":"de","potentialAction":[{"@type":"ReadAction","target":["https:\/\/jdp-law.pl\/de\/transport-und-logistik\/"]}]},{"@type":"ImageObject","inLanguage":"de","@id":"https:\/\/jdp-law.pl\/de\/transport-und-logistik\/#primaryimage","url":"https:\/\/jdp-law.pl\/wp-content\/uploads\/2021\/03\/Transport-i-logistyka.jpg","contentUrl":"https:\/\/jdp-law.pl\/wp-content\/uploads\/2021\/03\/Transport-i-logistyka.jpg","width":538,"height":476},{"@type":"BreadcrumbList","@id":"https:\/\/jdp-law.pl\/de\/transport-und-logistik\/#breadcrumb","itemListElement":[{"@type":"ListItem","position":1,"name":"Startseite","item":"https:\/\/jdp-law.pl\/de\/"},{"@type":"ListItem","position":2,"name":"Transport und Logistik"}]},{"@type":"WebSite","@id":"https:\/\/jdp-law.pl\/de\/#website","url":"https:\/\/jdp-law.pl\/de\/","name":"Kanzlei JDP","description":"Wir beraten polnische und internationale Konzerne im Bereich Infrastruktur, Vergaberecht, Immobilien, Transport, Bauwesen, Handel, Produktion und Bankdienstleistungen.","publisher":{"@id":"https:\/\/jdp-law.pl\/de\/#organization"},"potentialAction":[{"@type":"SearchAction","target":{"@type":"EntryPoint","urlTemplate":"https:\/\/jdp-law.pl\/de\/?s={search_term_string}"},"query-input":{"@type":"PropertyValueSpecification","valueRequired":true,"valueName":"search_term_string"}}],"inLanguage":"de"},{"@type":"Organization","@id":"https:\/\/jdp-law.pl\/de\/#organization","name":"JDP DRAPA\u0141A CHOMIUK & PARTNERS Sp. k.","url":"https:\/\/jdp-law.pl\/de\/","logo":{"@type":"ImageObject","inLanguage":"de","@id":"https:\/\/jdp-law.pl\/de\/#\/schema\/logo\/image\/","url":"https:\/\/jdp-law.pl\/wp-content\/uploads\/2024\/01\/logo-jdp-graph.jpg","contentUrl":"https:\/\/jdp-law.pl\/wp-content\/uploads\/2024\/01\/logo-jdp-graph.jpg","width":696,"height":696,"caption":"JDP DRAPA\u0141A CHOMIUK & PARTNERS Sp. k."},"image":{"@id":"https:\/\/jdp-law.pl\/de\/#\/schema\/logo\/image\/"},"sameAs":["https:\/\/www.facebook.com\/KancelariaJDP\/","https:\/\/pl.linkedin.com\/company\/jara-drapala-&-partners","https:\/\/www.youtube.com\/@jdp-law"],"legalName":"JDP DRAPA\u0141A CHOMIUK & PARTNERS Sp. k.","email":"office@jdp-law.pl","telephone":"+48 22 246 00 30","faxNumber":"+48 22 246 00 31","alternateName":"Kanzlei JDP","description":"Kanzlei JDP. Wir beraten polnische und internationale Konzerne im Bereich Infrastruktur, Vergaberecht, Immobilien, Transport, Bauwesen, Handel, Produktion und Bankdienstleistungen.","address":{"@type":"PostalAddress","streetAddress":"ul. Bonifraterska 17","addressLocality":"Warschau","addressCountry":"PL","addressRegion":"Masowien","postalCode":"00-203"},"contactPoint":{"@type":"ContactPoint","contactType":"B\u00fcro","telephone":"+48 22 246 00 30","email":"office@jdp-law.pl"}}]}},"_links":{"self":[{"href":"https:\/\/jdp-law.pl\/de\/wp-json\/wp\/v2\/pages\/12496","targetHints":{"allow":["GET"]}}],"collection":[{"href":"https:\/\/jdp-law.pl\/de\/wp-json\/wp\/v2\/pages"}],"about":[{"href":"https:\/\/jdp-law.pl\/de\/wp-json\/wp\/v2\/types\/page"}],"author":[{"embeddable":true,"href":"https:\/\/jdp-law.pl\/de\/wp-json\/wp\/v2\/users\/19"}],"replies":[{"embeddable":true,"href":"https:\/\/jdp-law.pl\/de\/wp-json\/wp\/v2\/comments?post=12496"}],"version-history":[{"count":3,"href":"https:\/\/jdp-law.pl\/de\/wp-json\/wp\/v2\/pages\/12496\/revisions"}],"predecessor-version":[{"id":14533,"href":"https:\/\/jdp-law.pl\/de\/wp-json\/wp\/v2\/pages\/12496\/revisions\/14533"}],"wp:featuredmedia":[{"embeddable":true,"href":"https:\/\/jdp-law.pl\/de\/wp-json\/wp\/v2\/media\/2270"}],"wp:attachment":[{"href":"https:\/\/jdp-law.pl\/de\/wp-json\/wp\/v2\/media?parent=12496"}],"curies":[{"name":"wp","href":"https:\/\/api.w.org\/{rel}","templated":true}]}}