{"id":12504,"date":"2024-10-23T21:34:02","date_gmt":"2024-10-23T19:34:02","guid":{"rendered":"https:\/\/jdp-law.pl\/?page_id=12504"},"modified":"2025-10-29T12:13:48","modified_gmt":"2025-10-29T11:13:48","slug":"recyclingindustrie-und-green-recovery","status":"publish","type":"page","link":"https:\/\/jdp-law.pl\/de\/recyclingindustrie-und-green-recovery\/","title":{"rendered":"Recyclingindustrie und &#8222;Green Recovery&#8220;"},"content":{"rendered":"<p>Die Sorge um die Umwelt liegt uns sehr am Herzen, daher unterst\u00fctzen wir Recyclingunternehmen und alle anderen Unternehmen, die sich bei ihrer T\u00e4tigkeit am Schutz nat\u00fcrlicher Ressourcen orientieren. Unsere Dienstleistungen sind an Unternehmen, die sich mit traditionellem Recycling besch\u00e4ftigen (z.B. Reifen-Recycling), sowie an Unternehmen, die sich auf die Einschr\u00e4nkung von Treibhausgasemissionen konzentrieren (u.a. im Bereich der Errichtung von Ladestationen f\u00fcr Elektrofahrzeuge \u2013 EV), gerichtet. Unser interdisziplin\u00e4res Team leistet hervorragende Arbeit bei der Unterst\u00fctzung unserer Mandanten in allen Aspekten ihrer T\u00e4tigkeit in dieser Branche. Insbesondere betreuen wir unsere Mandanten bei der Einholung der Finanzierung f\u00fcr die Erweiterung ihrer T\u00e4tigkeit, bei der Sicherung von geistigen Eigentumsrechten und der Vertragsberatung f\u00fcr EPC-Projektabwicklungen.<\/p>\n<p>Insbesondere umfasst unser Beratungsspektrum:<\/p>\n<ul>\n<li>Umfassende Beratung bei der Errichtung und beim Ausbau von Recyclingbetrieben;<\/li>\n<li>Unterst\u00fctzung unserer Mandanten bei Verhandlungen und beim Abschluss von Vertr\u00e4gen im Rahmen ihrer T\u00e4tigkeit;<\/li>\n<li>Beratung zu allen Fragestellungen des Immobilienrechts, insbesondere zur Erf\u00fcllung der Pflichten bez\u00fcglich der sachgerechten Bodenrekultivierung;<\/li>\n<li>Hilfe bei der Einholung der Finanzierung zur Aus\u00fcbung der Gewerbet\u00e4tigkeit;<\/li>\n<li>Beratung zu Angelegenheiten der Sicherung der geistigen Eigentumsrechte unserer Mandanten;<\/li>\n<li>Erfolgreiche F\u00fchrung von Streitigkeiten gegen die Kontrahenten unserer Mandanten.<\/li>\n<\/ul>\n","protected":false},"excerpt":{"rendered":"<p>Die Sorge um die Umwelt liegt uns sehr am Herzen, daher unterst\u00fctzen wir Recyclingunternehmen und alle anderen Unternehmen, die sich [&hellip;]<\/p>\n","protected":false},"author":19,"featured_media":2273,"parent":0,"menu_order":49,"comment_status":"closed","ping_status":"closed","template":"templates\/industries.php","meta":{"_acf_changed":false,"footnotes":""},"class_list":["post-12504","page","type-page","status-publish","has-post-thumbnail","hentry"],"acf":[],"yoast_head":"<!-- This site is optimized with the Yoast SEO plugin v27.4 - https:\/\/yoast.com\/product\/yoast-seo-wordpress\/ -->\n<title>Rechtsberatung f\u00fcr die Recyclingindustrie und &quot;Green Recovery&quot; - Kanzlei JDP<\/title>\n<meta name=\"description\" content=\"Die Kanzlei JDP bietet Rechtsberatung f\u00fcr die Recyclingbranche, insbesondere im Bereich Umweltschutz und nachhaltige Ressourcennutzung.\" \/>\n<meta name=\"robots\" content=\"index, follow, max-snippet:-1, max-image-preview:large, max-video-preview:-1\" \/>\n<link rel=\"canonical\" href=\"https:\/\/jdp-law.pl\/de\/recyclingindustrie-und-green-recovery\/\" \/>\n<meta property=\"og:locale\" content=\"de_DE\" \/>\n<meta property=\"og:type\" content=\"article\" \/>\n<meta property=\"og:title\" content=\"Rechtsberatung f\u00fcr die Recyclingindustrie und &quot;Green Recovery&quot; - Kanzlei JDP\" \/>\n<meta property=\"og:description\" content=\"Die Kanzlei JDP bietet Rechtsberatung f\u00fcr die Recyclingbranche, insbesondere im Bereich Umweltschutz und nachhaltige Ressourcennutzung.\" \/>\n<meta property=\"og:url\" content=\"https:\/\/jdp-law.pl\/de\/recyclingindustrie-und-green-recovery\/\" \/>\n<meta property=\"og:site_name\" content=\"Kanzlei JDP\" \/>\n<meta property=\"article:publisher\" content=\"https:\/\/www.facebook.com\/KancelariaJDP\/\" \/>\n<meta property=\"article:modified_time\" content=\"2025-10-29T11:13:48+00:00\" \/>\n<meta property=\"og:image\" content=\"https:\/\/jdp-law.pl\/wp-content\/uploads\/2021\/03\/Branza-recyklingowa-i-\u201egreen-recovery.jpg\" \/>\n\t<meta property=\"og:image:width\" content=\"538\" \/>\n\t<meta property=\"og:image:height\" content=\"476\" \/>\n\t<meta property=\"og:image:type\" content=\"image\/jpeg\" \/>\n<meta name=\"twitter:card\" content=\"summary_large_image\" \/>\n<meta name=\"twitter:label1\" content=\"Gesch\u00e4tzte Lesezeit\" \/>\n\t<meta name=\"twitter:data1\" content=\"2\u00a0Minuten\" \/>\n<script type=\"application\/ld+json\" class=\"yoast-schema-graph\">{\"@context\":\"https:\\\/\\\/schema.org\",\"@graph\":[{\"@type\":\"WebPage\",\"@id\":\"https:\\\/\\\/jdp-law.pl\\\/de\\\/recyclingindustrie-und-green-recovery\\\/\",\"url\":\"https:\\\/\\\/jdp-law.pl\\\/de\\\/recyclingindustrie-und-green-recovery\\\/\",\"name\":\"Rechtsberatung f\u00fcr die Recyclingindustrie und \\\"Green Recovery\\\" - Kanzlei JDP\",\"isPartOf\":{\"@id\":\"https:\\\/\\\/jdp-law.pl\\\/de\\\/#website\"},\"primaryImageOfPage\":{\"@id\":\"https:\\\/\\\/jdp-law.pl\\\/de\\\/recyclingindustrie-und-green-recovery\\\/#primaryimage\"},\"image\":{\"@id\":\"https:\\\/\\\/jdp-law.pl\\\/de\\\/recyclingindustrie-und-green-recovery\\\/#primaryimage\"},\"thumbnailUrl\":\"https:\\\/\\\/jdp-law.pl\\\/wp-content\\\/uploads\\\/2021\\\/03\\\/Branza-recyklingowa-i-\u201egreen-recovery.jpg\",\"datePublished\":\"2024-10-23T19:34:02+00:00\",\"dateModified\":\"2025-10-29T11:13:48+00:00\",\"description\":\"Die Kanzlei JDP bietet Rechtsberatung f\u00fcr die Recyclingbranche, insbesondere im Bereich Umweltschutz und nachhaltige Ressourcennutzung.\",\"breadcrumb\":{\"@id\":\"https:\\\/\\\/jdp-law.pl\\\/de\\\/recyclingindustrie-und-green-recovery\\\/#breadcrumb\"},\"inLanguage\":\"de\",\"potentialAction\":[{\"@type\":\"ReadAction\",\"target\":[\"https:\\\/\\\/jdp-law.pl\\\/de\\\/recyclingindustrie-und-green-recovery\\\/\"]}]},{\"@type\":\"ImageObject\",\"inLanguage\":\"de\",\"@id\":\"https:\\\/\\\/jdp-law.pl\\\/de\\\/recyclingindustrie-und-green-recovery\\\/#primaryimage\",\"url\":\"https:\\\/\\\/jdp-law.pl\\\/wp-content\\\/uploads\\\/2021\\\/03\\\/Branza-recyklingowa-i-\u201egreen-recovery.jpg\",\"contentUrl\":\"https:\\\/\\\/jdp-law.pl\\\/wp-content\\\/uploads\\\/2021\\\/03\\\/Branza-recyklingowa-i-\u201egreen-recovery.jpg\",\"width\":538,\"height\":476},{\"@type\":\"BreadcrumbList\",\"@id\":\"https:\\\/\\\/jdp-law.pl\\\/de\\\/recyclingindustrie-und-green-recovery\\\/#breadcrumb\",\"itemListElement\":[{\"@type\":\"ListItem\",\"position\":1,\"name\":\"Startseite\",\"item\":\"https:\\\/\\\/jdp-law.pl\\\/de\\\/\"},{\"@type\":\"ListItem\",\"position\":2,\"name\":\"Recyclingindustrie und &#8222;Green Recovery&#8221;\"}]},{\"@type\":\"WebSite\",\"@id\":\"https:\\\/\\\/jdp-law.pl\\\/de\\\/#website\",\"url\":\"https:\\\/\\\/jdp-law.pl\\\/de\\\/\",\"name\":\"Kanzlei JDP\",\"description\":\"Wir beraten polnische und internationale Konzerne im Bereich Infrastruktur, Vergaberecht, Immobilien, Transport, Bauwesen, Handel, Produktion und Bankdienstleistungen.\",\"publisher\":{\"@id\":\"https:\\\/\\\/jdp-law.pl\\\/de\\\/#organization\"},\"potentialAction\":[{\"@type\":\"SearchAction\",\"target\":{\"@type\":\"EntryPoint\",\"urlTemplate\":\"https:\\\/\\\/jdp-law.pl\\\/de\\\/?s={search_term_string}\"},\"query-input\":{\"@type\":\"PropertyValueSpecification\",\"valueRequired\":true,\"valueName\":\"search_term_string\"}}],\"inLanguage\":\"de\"},{\"@type\":\"Organization\",\"@id\":\"https:\\\/\\\/jdp-law.pl\\\/de\\\/#organization\",\"name\":\"JDP DRAPA\u0141A CHOMIUK & PARTNERS Sp. k.\",\"url\":\"https:\\\/\\\/jdp-law.pl\\\/de\\\/\",\"logo\":{\"@type\":\"ImageObject\",\"inLanguage\":\"de\",\"@id\":\"https:\\\/\\\/jdp-law.pl\\\/de\\\/#\\\/schema\\\/logo\\\/image\\\/\",\"url\":\"https:\\\/\\\/jdp-law.pl\\\/wp-content\\\/uploads\\\/2024\\\/01\\\/logo-jdp-graph.jpg\",\"contentUrl\":\"https:\\\/\\\/jdp-law.pl\\\/wp-content\\\/uploads\\\/2024\\\/01\\\/logo-jdp-graph.jpg\",\"width\":696,\"height\":696,\"caption\":\"JDP DRAPA\u0141A CHOMIUK & PARTNERS Sp. k.\"},\"image\":{\"@id\":\"https:\\\/\\\/jdp-law.pl\\\/de\\\/#\\\/schema\\\/logo\\\/image\\\/\"},\"sameAs\":[\"https:\\\/\\\/www.facebook.com\\\/KancelariaJDP\\\/\",\"https:\\\/\\\/pl.linkedin.com\\\/company\\\/jara-drapala-&-partners\",\"https:\\\/\\\/www.youtube.com\\\/@jdp-law\"],\"legalName\":\"JDP DRAPA\u0141A CHOMIUK & PARTNERS Sp. k.\",\"email\":\"office@jdp-law.pl\",\"telephone\":\"+48 22 246 00 30\",\"faxNumber\":\"+48 22 246 00 31\",\"alternateName\":\"Kanzlei JDP\",\"description\":\"Kanzlei JDP. Wir beraten polnische und internationale Konzerne im Bereich Infrastruktur, Vergaberecht, Immobilien, Transport, Bauwesen, Handel, Produktion und Bankdienstleistungen.\",\"address\":{\"@type\":\"PostalAddress\",\"streetAddress\":\"ul. Bonifraterska 17\",\"addressLocality\":\"Warschau\",\"addressCountry\":\"PL\",\"addressRegion\":\"Masowien\",\"postalCode\":\"00-203\"},\"contactPoint\":{\"@type\":\"ContactPoint\",\"contactType\":\"B\u00fcro\",\"telephone\":\"+48 22 246 00 30\",\"email\":\"office@jdp-law.pl\"}}]}<\/script>\n<!-- \/ Yoast SEO plugin. -->","yoast_head_json":{"title":"Rechtsberatung f\u00fcr die Recyclingindustrie und \"Green Recovery\" - Kanzlei JDP","description":"Die Kanzlei JDP bietet Rechtsberatung f\u00fcr die Recyclingbranche, insbesondere im Bereich Umweltschutz und nachhaltige Ressourcennutzung.","robots":{"index":"index","follow":"follow","max-snippet":"max-snippet:-1","max-image-preview":"max-image-preview:large","max-video-preview":"max-video-preview:-1"},"canonical":"https:\/\/jdp-law.pl\/de\/recyclingindustrie-und-green-recovery\/","og_locale":"de_DE","og_type":"article","og_title":"Rechtsberatung f\u00fcr die Recyclingindustrie und \"Green Recovery\" - Kanzlei JDP","og_description":"Die Kanzlei JDP bietet Rechtsberatung f\u00fcr die Recyclingbranche, insbesondere im Bereich Umweltschutz und nachhaltige Ressourcennutzung.","og_url":"https:\/\/jdp-law.pl\/de\/recyclingindustrie-und-green-recovery\/","og_site_name":"Kanzlei JDP","article_publisher":"https:\/\/www.facebook.com\/KancelariaJDP\/","article_modified_time":"2025-10-29T11:13:48+00:00","og_image":[{"width":538,"height":476,"url":"https:\/\/jdp-law.pl\/wp-content\/uploads\/2021\/03\/Branza-recyklingowa-i-\u201egreen-recovery.jpg","type":"image\/jpeg"}],"twitter_card":"summary_large_image","twitter_misc":{"Gesch\u00e4tzte Lesezeit":"2\u00a0Minuten"},"schema":{"@context":"https:\/\/schema.org","@graph":[{"@type":"WebPage","@id":"https:\/\/jdp-law.pl\/de\/recyclingindustrie-und-green-recovery\/","url":"https:\/\/jdp-law.pl\/de\/recyclingindustrie-und-green-recovery\/","name":"Rechtsberatung f\u00fcr die Recyclingindustrie und \"Green Recovery\" - Kanzlei JDP","isPartOf":{"@id":"https:\/\/jdp-law.pl\/de\/#website"},"primaryImageOfPage":{"@id":"https:\/\/jdp-law.pl\/de\/recyclingindustrie-und-green-recovery\/#primaryimage"},"image":{"@id":"https:\/\/jdp-law.pl\/de\/recyclingindustrie-und-green-recovery\/#primaryimage"},"thumbnailUrl":"https:\/\/jdp-law.pl\/wp-content\/uploads\/2021\/03\/Branza-recyklingowa-i-\u201egreen-recovery.jpg","datePublished":"2024-10-23T19:34:02+00:00","dateModified":"2025-10-29T11:13:48+00:00","description":"Die Kanzlei JDP bietet Rechtsberatung f\u00fcr die Recyclingbranche, insbesondere im Bereich Umweltschutz und nachhaltige Ressourcennutzung.","breadcrumb":{"@id":"https:\/\/jdp-law.pl\/de\/recyclingindustrie-und-green-recovery\/#breadcrumb"},"inLanguage":"de","potentialAction":[{"@type":"ReadAction","target":["https:\/\/jdp-law.pl\/de\/recyclingindustrie-und-green-recovery\/"]}]},{"@type":"ImageObject","inLanguage":"de","@id":"https:\/\/jdp-law.pl\/de\/recyclingindustrie-und-green-recovery\/#primaryimage","url":"https:\/\/jdp-law.pl\/wp-content\/uploads\/2021\/03\/Branza-recyklingowa-i-\u201egreen-recovery.jpg","contentUrl":"https:\/\/jdp-law.pl\/wp-content\/uploads\/2021\/03\/Branza-recyklingowa-i-\u201egreen-recovery.jpg","width":538,"height":476},{"@type":"BreadcrumbList","@id":"https:\/\/jdp-law.pl\/de\/recyclingindustrie-und-green-recovery\/#breadcrumb","itemListElement":[{"@type":"ListItem","position":1,"name":"Startseite","item":"https:\/\/jdp-law.pl\/de\/"},{"@type":"ListItem","position":2,"name":"Recyclingindustrie und &#8222;Green Recovery&#8221;"}]},{"@type":"WebSite","@id":"https:\/\/jdp-law.pl\/de\/#website","url":"https:\/\/jdp-law.pl\/de\/","name":"Kanzlei JDP","description":"Wir beraten polnische und internationale Konzerne im Bereich Infrastruktur, Vergaberecht, Immobilien, Transport, Bauwesen, Handel, Produktion und Bankdienstleistungen.","publisher":{"@id":"https:\/\/jdp-law.pl\/de\/#organization"},"potentialAction":[{"@type":"SearchAction","target":{"@type":"EntryPoint","urlTemplate":"https:\/\/jdp-law.pl\/de\/?s={search_term_string}"},"query-input":{"@type":"PropertyValueSpecification","valueRequired":true,"valueName":"search_term_string"}}],"inLanguage":"de"},{"@type":"Organization","@id":"https:\/\/jdp-law.pl\/de\/#organization","name":"JDP DRAPA\u0141A CHOMIUK & PARTNERS Sp. k.","url":"https:\/\/jdp-law.pl\/de\/","logo":{"@type":"ImageObject","inLanguage":"de","@id":"https:\/\/jdp-law.pl\/de\/#\/schema\/logo\/image\/","url":"https:\/\/jdp-law.pl\/wp-content\/uploads\/2024\/01\/logo-jdp-graph.jpg","contentUrl":"https:\/\/jdp-law.pl\/wp-content\/uploads\/2024\/01\/logo-jdp-graph.jpg","width":696,"height":696,"caption":"JDP DRAPA\u0141A CHOMIUK & PARTNERS Sp. k."},"image":{"@id":"https:\/\/jdp-law.pl\/de\/#\/schema\/logo\/image\/"},"sameAs":["https:\/\/www.facebook.com\/KancelariaJDP\/","https:\/\/pl.linkedin.com\/company\/jara-drapala-&-partners","https:\/\/www.youtube.com\/@jdp-law"],"legalName":"JDP DRAPA\u0141A CHOMIUK & PARTNERS Sp. k.","email":"office@jdp-law.pl","telephone":"+48 22 246 00 30","faxNumber":"+48 22 246 00 31","alternateName":"Kanzlei JDP","description":"Kanzlei JDP. Wir beraten polnische und internationale Konzerne im Bereich Infrastruktur, Vergaberecht, Immobilien, Transport, Bauwesen, Handel, Produktion und Bankdienstleistungen.","address":{"@type":"PostalAddress","streetAddress":"ul. Bonifraterska 17","addressLocality":"Warschau","addressCountry":"PL","addressRegion":"Masowien","postalCode":"00-203"},"contactPoint":{"@type":"ContactPoint","contactType":"B\u00fcro","telephone":"+48 22 246 00 30","email":"office@jdp-law.pl"}}]}},"_links":{"self":[{"href":"https:\/\/jdp-law.pl\/de\/wp-json\/wp\/v2\/pages\/12504","targetHints":{"allow":["GET"]}}],"collection":[{"href":"https:\/\/jdp-law.pl\/de\/wp-json\/wp\/v2\/pages"}],"about":[{"href":"https:\/\/jdp-law.pl\/de\/wp-json\/wp\/v2\/types\/page"}],"author":[{"embeddable":true,"href":"https:\/\/jdp-law.pl\/de\/wp-json\/wp\/v2\/users\/19"}],"replies":[{"embeddable":true,"href":"https:\/\/jdp-law.pl\/de\/wp-json\/wp\/v2\/comments?post=12504"}],"version-history":[{"count":7,"href":"https:\/\/jdp-law.pl\/de\/wp-json\/wp\/v2\/pages\/12504\/revisions"}],"predecessor-version":[{"id":14586,"href":"https:\/\/jdp-law.pl\/de\/wp-json\/wp\/v2\/pages\/12504\/revisions\/14586"}],"wp:featuredmedia":[{"embeddable":true,"href":"https:\/\/jdp-law.pl\/de\/wp-json\/wp\/v2\/media\/2273"}],"wp:attachment":[{"href":"https:\/\/jdp-law.pl\/de\/wp-json\/wp\/v2\/media?parent=12504"}],"curies":[{"name":"wp","href":"https:\/\/api.w.org\/{rel}","templated":true}]}}