{"id":12521,"date":"2024-10-23T21:34:02","date_gmt":"2024-10-23T19:34:02","guid":{"rendered":"https:\/\/jdp-law.pl\/?page_id=12521"},"modified":"2024-10-23T21:34:02","modified_gmt":"2024-10-23T19:34:02","slug":"landwirtschaft-und-lebensmittelindustrie","status":"publish","type":"page","link":"https:\/\/jdp-law.pl\/de\/landwirtschaft-und-lebensmittelindustrie\/","title":{"rendered":"Landwirtschaft und Lebensmittelindustrie"},"content":{"rendered":"<p>Seit mehreren Jahren sind wir ein verl\u00e4sslicher Partner f\u00fcr Unternehmen aus der Landwirtschaft und der Lebensmittelindustrie. Wir beraten die Gruppen landwirtschaftlicher Hersteller zu regulatorischen Fragen und Registerfragen sowie zu ihrer laufenden T\u00e4tigkeit, indem wir unseren Rechtsbeistand beim Unternehmenskauf und -verkauf, beim Erwerb und bei der Ver\u00e4u\u00dferung von einzelnen Verm\u00f6gensgegenst\u00e4nden sowie von organisierten Unternehmensteilen bieten. Wir f\u00fchren Transaktionen im Bereich der Ver\u00e4u\u00dferung und des Erwerbs landwirtschaftlicher Grundst\u00fccke einschlie\u00dflich einer umfassenden Pr\u00fcfung der Rechtslage der jeweiligen Grundst\u00fccke durch. Wir sind auf die Beratung von Unternehmen spezialisiert, die sich mit dem Obst- und Gem\u00fcsevertrieb besch\u00e4ftigen. Unsere fundierten Branchenkenntnisse erm\u00f6glichen uns eine erfolgreiche Begleitung rechtlicher Abl\u00e4ufe im Zusammenhang mit dem Vertrieb und der Entsorgung von landwirtschaftlichen Produkten und Lebensmitteln. Wir unterst\u00fctzen unsere Mandanten bei der Erf\u00fcllung ihrer Pflichten im Rahmen der Abfall- und Verpackungswirtschaft. Das Portfolio unserer Mandanten umfasst u.a. anerkannte Hersteller von Speise\u00e4pfeln, Chinakohl und Spargeln.<\/p>\n<p>Insbesondere umfasst unser Beratungsspektrum:<\/p>\n<ul>\n<li>Umfassenden Rechtsbeistand bei der Errichtung von Produktionsbetrieben;<\/li>\n<li>Erarbeitung von L\u00f6sungen f\u00fcr die Restrukturierung der Gewerbet\u00e4tigkeit und Umsetzung von Strategien hinsichtlich des Unternehmenskaufs sowie des Erwerbs einzelner Verm\u00f6gensgegenst\u00e4nde;<\/li>\n<li>Beratung zum Erwerb technologischer Linien, Anlagen und Maschinen;<\/li>\n<li>Aufsetzen von Vertr\u00e4gen \u00fcber die Aushilfe bei der Ernte unter Ber\u00fccksichtigung der Aspekte der Sozialversicherung;<\/li>\n<li>Laufende Rechts- und Steuerberatung;<\/li>\n<li>Entwicklung und Umsetzung rechtlicher und steuerrechtlicher Konzepte f\u00fcr eine sichere Unternehmensf\u00fchrung in Polen.<\/li>\n<\/ul>\n","protected":false},"excerpt":{"rendered":"<p>Seit mehreren Jahren sind wir ein verl\u00e4sslicher Partner f\u00fcr Unternehmen aus der Landwirtschaft und der Lebensmittelindustrie. Wir beraten die Gruppen [&hellip;]<\/p>\n","protected":false},"author":19,"featured_media":2279,"parent":0,"menu_order":54,"comment_status":"closed","ping_status":"closed","template":"templates\/industries.php","meta":{"_acf_changed":false,"footnotes":""},"class_list":["post-12521","page","type-page","status-publish","has-post-thumbnail","hentry"],"acf":[],"yoast_head":"<!-- This site is optimized with the Yoast SEO plugin v27.4 - https:\/\/yoast.com\/product\/yoast-seo-wordpress\/ -->\n<title>Rechtsberatung f\u00fcr die Landwirtschafts- und Lebensmittelindustrie - Kanzlei JDP<\/title>\n<meta name=\"description\" content=\"Die Kanzlei JDP ist ein vertrauensw\u00fcrdiger Partner f\u00fcr Unternehmer in der Landwirtschafts- und Lebensmittelbranche und bietet Unterst\u00fctzung in regulatorischen Angelegenheiten, Registrierungen sowie bei Transaktionen zur \u00dcbernahme und Ver\u00e4u\u00dfertung von Unternehmen.\" \/>\n<meta name=\"robots\" content=\"index, follow, max-snippet:-1, max-image-preview:large, max-video-preview:-1\" \/>\n<link rel=\"canonical\" href=\"https:\/\/jdp-law.pl\/de\/landwirtschaft-und-lebensmittelindustrie\/\" \/>\n<meta property=\"og:locale\" content=\"de_DE\" \/>\n<meta property=\"og:type\" content=\"article\" \/>\n<meta property=\"og:title\" content=\"Rechtsberatung f\u00fcr die Landwirtschafts- und Lebensmittelindustrie - Kanzlei JDP\" \/>\n<meta property=\"og:description\" content=\"Die Kanzlei JDP ist ein vertrauensw\u00fcrdiger Partner f\u00fcr Unternehmer in der Landwirtschafts- und Lebensmittelbranche und bietet Unterst\u00fctzung in regulatorischen Angelegenheiten, Registrierungen sowie bei Transaktionen zur \u00dcbernahme und Ver\u00e4u\u00dfertung von Unternehmen.\" \/>\n<meta property=\"og:url\" content=\"https:\/\/jdp-law.pl\/de\/landwirtschaft-und-lebensmittelindustrie\/\" \/>\n<meta property=\"og:site_name\" content=\"Kanzlei JDP\" \/>\n<meta property=\"article:publisher\" content=\"https:\/\/www.facebook.com\/KancelariaJDP\/\" \/>\n<meta property=\"og:image\" content=\"https:\/\/jdp-law.pl\/wp-content\/uploads\/2021\/03\/Branza-rolno-spozywcza.jpg\" \/>\n\t<meta property=\"og:image:width\" content=\"538\" \/>\n\t<meta property=\"og:image:height\" content=\"476\" \/>\n\t<meta property=\"og:image:type\" content=\"image\/jpeg\" \/>\n<meta name=\"twitter:card\" content=\"summary_large_image\" \/>\n<meta name=\"twitter:label1\" content=\"Gesch\u00e4tzte Lesezeit\" \/>\n\t<meta name=\"twitter:data1\" content=\"2\u00a0Minuten\" \/>\n<script type=\"application\/ld+json\" class=\"yoast-schema-graph\">{\"@context\":\"https:\\\/\\\/schema.org\",\"@graph\":[{\"@type\":\"WebPage\",\"@id\":\"https:\\\/\\\/jdp-law.pl\\\/de\\\/landwirtschaft-und-lebensmittelindustrie\\\/\",\"url\":\"https:\\\/\\\/jdp-law.pl\\\/de\\\/landwirtschaft-und-lebensmittelindustrie\\\/\",\"name\":\"Rechtsberatung f\u00fcr die Landwirtschafts- und Lebensmittelindustrie - Kanzlei JDP\",\"isPartOf\":{\"@id\":\"https:\\\/\\\/jdp-law.pl\\\/de\\\/#website\"},\"primaryImageOfPage\":{\"@id\":\"https:\\\/\\\/jdp-law.pl\\\/de\\\/landwirtschaft-und-lebensmittelindustrie\\\/#primaryimage\"},\"image\":{\"@id\":\"https:\\\/\\\/jdp-law.pl\\\/de\\\/landwirtschaft-und-lebensmittelindustrie\\\/#primaryimage\"},\"thumbnailUrl\":\"https:\\\/\\\/jdp-law.pl\\\/wp-content\\\/uploads\\\/2021\\\/03\\\/Branza-rolno-spozywcza.jpg\",\"datePublished\":\"2024-10-23T19:34:02+00:00\",\"description\":\"Die Kanzlei JDP ist ein vertrauensw\u00fcrdiger Partner f\u00fcr Unternehmer in der Landwirtschafts- und Lebensmittelbranche und bietet Unterst\u00fctzung in regulatorischen Angelegenheiten, Registrierungen sowie bei Transaktionen zur \u00dcbernahme und Ver\u00e4u\u00dfertung von Unternehmen.\",\"breadcrumb\":{\"@id\":\"https:\\\/\\\/jdp-law.pl\\\/de\\\/landwirtschaft-und-lebensmittelindustrie\\\/#breadcrumb\"},\"inLanguage\":\"de\",\"potentialAction\":[{\"@type\":\"ReadAction\",\"target\":[\"https:\\\/\\\/jdp-law.pl\\\/de\\\/landwirtschaft-und-lebensmittelindustrie\\\/\"]}]},{\"@type\":\"ImageObject\",\"inLanguage\":\"de\",\"@id\":\"https:\\\/\\\/jdp-law.pl\\\/de\\\/landwirtschaft-und-lebensmittelindustrie\\\/#primaryimage\",\"url\":\"https:\\\/\\\/jdp-law.pl\\\/wp-content\\\/uploads\\\/2021\\\/03\\\/Branza-rolno-spozywcza.jpg\",\"contentUrl\":\"https:\\\/\\\/jdp-law.pl\\\/wp-content\\\/uploads\\\/2021\\\/03\\\/Branza-rolno-spozywcza.jpg\",\"width\":538,\"height\":476},{\"@type\":\"BreadcrumbList\",\"@id\":\"https:\\\/\\\/jdp-law.pl\\\/de\\\/landwirtschaft-und-lebensmittelindustrie\\\/#breadcrumb\",\"itemListElement\":[{\"@type\":\"ListItem\",\"position\":1,\"name\":\"Startseite\",\"item\":\"https:\\\/\\\/jdp-law.pl\\\/de\\\/\"},{\"@type\":\"ListItem\",\"position\":2,\"name\":\"Landwirtschaft und Lebensmittelindustrie\"}]},{\"@type\":\"WebSite\",\"@id\":\"https:\\\/\\\/jdp-law.pl\\\/de\\\/#website\",\"url\":\"https:\\\/\\\/jdp-law.pl\\\/de\\\/\",\"name\":\"Kanzlei JDP\",\"description\":\"Wir beraten polnische und internationale Konzerne im Bereich Infrastruktur, Vergaberecht, Immobilien, Transport, Bauwesen, Handel, Produktion und Bankdienstleistungen.\",\"publisher\":{\"@id\":\"https:\\\/\\\/jdp-law.pl\\\/de\\\/#organization\"},\"potentialAction\":[{\"@type\":\"SearchAction\",\"target\":{\"@type\":\"EntryPoint\",\"urlTemplate\":\"https:\\\/\\\/jdp-law.pl\\\/de\\\/?s={search_term_string}\"},\"query-input\":{\"@type\":\"PropertyValueSpecification\",\"valueRequired\":true,\"valueName\":\"search_term_string\"}}],\"inLanguage\":\"de\"},{\"@type\":\"Organization\",\"@id\":\"https:\\\/\\\/jdp-law.pl\\\/de\\\/#organization\",\"name\":\"JDP DRAPA\u0141A CHOMIUK & PARTNERS Sp. k.\",\"url\":\"https:\\\/\\\/jdp-law.pl\\\/de\\\/\",\"logo\":{\"@type\":\"ImageObject\",\"inLanguage\":\"de\",\"@id\":\"https:\\\/\\\/jdp-law.pl\\\/de\\\/#\\\/schema\\\/logo\\\/image\\\/\",\"url\":\"https:\\\/\\\/jdp-law.pl\\\/wp-content\\\/uploads\\\/2024\\\/01\\\/logo-jdp-graph.jpg\",\"contentUrl\":\"https:\\\/\\\/jdp-law.pl\\\/wp-content\\\/uploads\\\/2024\\\/01\\\/logo-jdp-graph.jpg\",\"width\":696,\"height\":696,\"caption\":\"JDP DRAPA\u0141A CHOMIUK & PARTNERS Sp. k.\"},\"image\":{\"@id\":\"https:\\\/\\\/jdp-law.pl\\\/de\\\/#\\\/schema\\\/logo\\\/image\\\/\"},\"sameAs\":[\"https:\\\/\\\/www.facebook.com\\\/KancelariaJDP\\\/\",\"https:\\\/\\\/pl.linkedin.com\\\/company\\\/jara-drapala-&-partners\",\"https:\\\/\\\/www.youtube.com\\\/@jdp-law\"],\"legalName\":\"JDP DRAPA\u0141A CHOMIUK & PARTNERS Sp. k.\",\"email\":\"office@jdp-law.pl\",\"telephone\":\"+48 22 246 00 30\",\"faxNumber\":\"+48 22 246 00 31\",\"alternateName\":\"Kanzlei JDP\",\"description\":\"Kanzlei JDP. Wir beraten polnische und internationale Konzerne im Bereich Infrastruktur, Vergaberecht, Immobilien, Transport, Bauwesen, Handel, Produktion und Bankdienstleistungen.\",\"address\":{\"@type\":\"PostalAddress\",\"streetAddress\":\"ul. Bonifraterska 17\",\"addressLocality\":\"Warschau\",\"addressCountry\":\"PL\",\"addressRegion\":\"Masowien\",\"postalCode\":\"00-203\"},\"contactPoint\":{\"@type\":\"ContactPoint\",\"contactType\":\"B\u00fcro\",\"telephone\":\"+48 22 246 00 30\",\"email\":\"office@jdp-law.pl\"}}]}<\/script>\n<!-- \/ Yoast SEO plugin. -->","yoast_head_json":{"title":"Rechtsberatung f\u00fcr die Landwirtschafts- und Lebensmittelindustrie - Kanzlei JDP","description":"Die Kanzlei JDP ist ein vertrauensw\u00fcrdiger Partner f\u00fcr Unternehmer in der Landwirtschafts- und Lebensmittelbranche und bietet Unterst\u00fctzung in regulatorischen Angelegenheiten, Registrierungen sowie bei Transaktionen zur \u00dcbernahme und Ver\u00e4u\u00dfertung von Unternehmen.","robots":{"index":"index","follow":"follow","max-snippet":"max-snippet:-1","max-image-preview":"max-image-preview:large","max-video-preview":"max-video-preview:-1"},"canonical":"https:\/\/jdp-law.pl\/de\/landwirtschaft-und-lebensmittelindustrie\/","og_locale":"de_DE","og_type":"article","og_title":"Rechtsberatung f\u00fcr die Landwirtschafts- und Lebensmittelindustrie - Kanzlei JDP","og_description":"Die Kanzlei JDP ist ein vertrauensw\u00fcrdiger Partner f\u00fcr Unternehmer in der Landwirtschafts- und Lebensmittelbranche und bietet Unterst\u00fctzung in regulatorischen Angelegenheiten, Registrierungen sowie bei Transaktionen zur \u00dcbernahme und Ver\u00e4u\u00dfertung von Unternehmen.","og_url":"https:\/\/jdp-law.pl\/de\/landwirtschaft-und-lebensmittelindustrie\/","og_site_name":"Kanzlei JDP","article_publisher":"https:\/\/www.facebook.com\/KancelariaJDP\/","og_image":[{"width":538,"height":476,"url":"https:\/\/jdp-law.pl\/wp-content\/uploads\/2021\/03\/Branza-rolno-spozywcza.jpg","type":"image\/jpeg"}],"twitter_card":"summary_large_image","twitter_misc":{"Gesch\u00e4tzte Lesezeit":"2\u00a0Minuten"},"schema":{"@context":"https:\/\/schema.org","@graph":[{"@type":"WebPage","@id":"https:\/\/jdp-law.pl\/de\/landwirtschaft-und-lebensmittelindustrie\/","url":"https:\/\/jdp-law.pl\/de\/landwirtschaft-und-lebensmittelindustrie\/","name":"Rechtsberatung f\u00fcr die Landwirtschafts- und Lebensmittelindustrie - Kanzlei JDP","isPartOf":{"@id":"https:\/\/jdp-law.pl\/de\/#website"},"primaryImageOfPage":{"@id":"https:\/\/jdp-law.pl\/de\/landwirtschaft-und-lebensmittelindustrie\/#primaryimage"},"image":{"@id":"https:\/\/jdp-law.pl\/de\/landwirtschaft-und-lebensmittelindustrie\/#primaryimage"},"thumbnailUrl":"https:\/\/jdp-law.pl\/wp-content\/uploads\/2021\/03\/Branza-rolno-spozywcza.jpg","datePublished":"2024-10-23T19:34:02+00:00","description":"Die Kanzlei JDP ist ein vertrauensw\u00fcrdiger Partner f\u00fcr Unternehmer in der Landwirtschafts- und Lebensmittelbranche und bietet Unterst\u00fctzung in regulatorischen Angelegenheiten, Registrierungen sowie bei Transaktionen zur \u00dcbernahme und Ver\u00e4u\u00dfertung von Unternehmen.","breadcrumb":{"@id":"https:\/\/jdp-law.pl\/de\/landwirtschaft-und-lebensmittelindustrie\/#breadcrumb"},"inLanguage":"de","potentialAction":[{"@type":"ReadAction","target":["https:\/\/jdp-law.pl\/de\/landwirtschaft-und-lebensmittelindustrie\/"]}]},{"@type":"ImageObject","inLanguage":"de","@id":"https:\/\/jdp-law.pl\/de\/landwirtschaft-und-lebensmittelindustrie\/#primaryimage","url":"https:\/\/jdp-law.pl\/wp-content\/uploads\/2021\/03\/Branza-rolno-spozywcza.jpg","contentUrl":"https:\/\/jdp-law.pl\/wp-content\/uploads\/2021\/03\/Branza-rolno-spozywcza.jpg","width":538,"height":476},{"@type":"BreadcrumbList","@id":"https:\/\/jdp-law.pl\/de\/landwirtschaft-und-lebensmittelindustrie\/#breadcrumb","itemListElement":[{"@type":"ListItem","position":1,"name":"Startseite","item":"https:\/\/jdp-law.pl\/de\/"},{"@type":"ListItem","position":2,"name":"Landwirtschaft und Lebensmittelindustrie"}]},{"@type":"WebSite","@id":"https:\/\/jdp-law.pl\/de\/#website","url":"https:\/\/jdp-law.pl\/de\/","name":"Kanzlei JDP","description":"Wir beraten polnische und internationale Konzerne im Bereich Infrastruktur, Vergaberecht, Immobilien, Transport, Bauwesen, Handel, Produktion und Bankdienstleistungen.","publisher":{"@id":"https:\/\/jdp-law.pl\/de\/#organization"},"potentialAction":[{"@type":"SearchAction","target":{"@type":"EntryPoint","urlTemplate":"https:\/\/jdp-law.pl\/de\/?s={search_term_string}"},"query-input":{"@type":"PropertyValueSpecification","valueRequired":true,"valueName":"search_term_string"}}],"inLanguage":"de"},{"@type":"Organization","@id":"https:\/\/jdp-law.pl\/de\/#organization","name":"JDP DRAPA\u0141A CHOMIUK & PARTNERS Sp. k.","url":"https:\/\/jdp-law.pl\/de\/","logo":{"@type":"ImageObject","inLanguage":"de","@id":"https:\/\/jdp-law.pl\/de\/#\/schema\/logo\/image\/","url":"https:\/\/jdp-law.pl\/wp-content\/uploads\/2024\/01\/logo-jdp-graph.jpg","contentUrl":"https:\/\/jdp-law.pl\/wp-content\/uploads\/2024\/01\/logo-jdp-graph.jpg","width":696,"height":696,"caption":"JDP DRAPA\u0141A CHOMIUK & PARTNERS Sp. k."},"image":{"@id":"https:\/\/jdp-law.pl\/de\/#\/schema\/logo\/image\/"},"sameAs":["https:\/\/www.facebook.com\/KancelariaJDP\/","https:\/\/pl.linkedin.com\/company\/jara-drapala-&-partners","https:\/\/www.youtube.com\/@jdp-law"],"legalName":"JDP DRAPA\u0141A CHOMIUK & PARTNERS Sp. k.","email":"office@jdp-law.pl","telephone":"+48 22 246 00 30","faxNumber":"+48 22 246 00 31","alternateName":"Kanzlei JDP","description":"Kanzlei JDP. Wir beraten polnische und internationale Konzerne im Bereich Infrastruktur, Vergaberecht, Immobilien, Transport, Bauwesen, Handel, Produktion und Bankdienstleistungen.","address":{"@type":"PostalAddress","streetAddress":"ul. Bonifraterska 17","addressLocality":"Warschau","addressCountry":"PL","addressRegion":"Masowien","postalCode":"00-203"},"contactPoint":{"@type":"ContactPoint","contactType":"B\u00fcro","telephone":"+48 22 246 00 30","email":"office@jdp-law.pl"}}]}},"_links":{"self":[{"href":"https:\/\/jdp-law.pl\/de\/wp-json\/wp\/v2\/pages\/12521","targetHints":{"allow":["GET"]}}],"collection":[{"href":"https:\/\/jdp-law.pl\/de\/wp-json\/wp\/v2\/pages"}],"about":[{"href":"https:\/\/jdp-law.pl\/de\/wp-json\/wp\/v2\/types\/page"}],"author":[{"embeddable":true,"href":"https:\/\/jdp-law.pl\/de\/wp-json\/wp\/v2\/users\/19"}],"replies":[{"embeddable":true,"href":"https:\/\/jdp-law.pl\/de\/wp-json\/wp\/v2\/comments?post=12521"}],"version-history":[{"count":2,"href":"https:\/\/jdp-law.pl\/de\/wp-json\/wp\/v2\/pages\/12521\/revisions"}],"predecessor-version":[{"id":12523,"href":"https:\/\/jdp-law.pl\/de\/wp-json\/wp\/v2\/pages\/12521\/revisions\/12523"}],"wp:featuredmedia":[{"embeddable":true,"href":"https:\/\/jdp-law.pl\/de\/wp-json\/wp\/v2\/media\/2279"}],"wp:attachment":[{"href":"https:\/\/jdp-law.pl\/de\/wp-json\/wp\/v2\/media?parent=12521"}],"curies":[{"name":"wp","href":"https:\/\/api.w.org\/{rel}","templated":true}]}}