{"id":14527,"date":"2025-10-14T13:21:55","date_gmt":"2025-10-14T11:21:55","guid":{"rendered":"https:\/\/jdp-law.pl\/?page_id=14527"},"modified":"2025-10-14T13:23:39","modified_gmt":"2025-10-14T11:23:39","slug":"telekommunikationsbranche","status":"publish","type":"page","link":"https:\/\/jdp-law.pl\/de\/telekommunikationsbranche\/","title":{"rendered":"Telekommunikation"},"content":{"rendered":"<p>Die Telekommunikationsbranche ist heute einer der am schnellsten wachsenden Wirtschaftszweige, in dem Recht, Technologie und Wirtschaft auf vielen Ebenen miteinander verschmelzen. Projekte in diesem Bereich erfordern nicht nur Kenntnisse des Vertrags- und Regulierungsrecht, sondern auch Unterst\u00fctzung in Fragen des Steuerrechts, der Compliance, DSGVO oder Finanzierung.<\/p>\n<p><strong>Das Team der JDP bietet umfassende Rechtsberatung f\u00fcr Unternehmen der Telekommunikationsbranche und unterst\u00fctzt sie unter anderem in folgenden Bereichen:<\/strong><\/p>\n<ul>\n<li><strong>Vertr\u00e4ge und Verhandlungen<\/strong> \u2013 Vorbereitung, Verhandlung und Umsetzung von Vertr\u00e4gen im Telekommunikationssektor, einschlie\u00dflich Ausschreibungsverfahren<\/li>\n<li><strong>Infrastrukturinvestitionen<\/strong> \u2013 Beratung beim Aufbau und der Implementierung von Telekommunikationssystemen, beim Erwerb von Immobilienrechten und bei der Auswahl optimaler Rechtswege<\/li>\n<li><strong>Streitigkeiten und Anspr\u00fcche<\/strong> \u2013 Forderungsmanagement, Vertretung in Gerichts-, und Schiedsverfahren sowie vor der Nationalen Berufungskammer <strong>(<\/strong><em>Krajowa Izba Odwo\u0142awcza, KIO<\/em>)<\/li>\n<li><strong> Regulierung und Compliance<\/strong> \u2013 Unterst\u00fctzung in Verfahren vor dem Pr\u00e4sidenten des Amtes f\u00fcr elektronische Kommunikation (<em>Urz\u0105d Komunikacji Elektronicznej, UKE<\/em>), Beratung im Bereich des \u00f6ffentlichen Vergaberechts, des Datenschutzes (DSGVO) und EU-Vorschriften<\/li>\n<li><strong> Transaktionen und Steuern<\/strong> \u2013 Beratung bei Transaktionen im Zusammenhang mit Telekommunikationsunternehmen und deren Verm\u00f6genswerten, Infrastruktur-Due Diligence, Steuer- und Finanzberatung (einschlie\u00dflich POPC- und FERC-Projekten).<\/li>\n<\/ul>\n<p>Dank unseres interdisziplin\u00e4ren Ansatzes verbinden wir die rechtliche mit der gesch\u00e4ftlichen Perspektive, wodurch wir unsere Mandanten bei der Umsetzung selbst komplexester Telekommunikationsprojekte unterst\u00fctzen k\u00f6nnen.<\/p>\n<p>Zu den wichtigsten Erfahrungen der Juristen der JDP im Bereich Telekommunikationsrecht geh\u00f6ren unter anderem:<\/p>\n<ul>\n<li>Rechtsberatung f\u00fcr den Generalunternehmer des GSM-R-Systems; Auftraggeber: PKP Polskie Linie Kolejowe S.A., Projektwert: ca. 2,8 Mrd. PLN<\/li>\n<li>Rechtsberatung f\u00fcr den Generalunternehmer des GSM-R-Systems auf der Eisenbahnstrecke E-65<\/li>\n<li>Beratung der Generalunternehmer f\u00fcr die Systeme des Zentralen Dynamischen Fahrgastinformationssystems (CSDIP)<\/li>\n<li>Beratung des K\u00e4ufers eines Unternehmens im Zusammenhang mit der Abrechnung von POPC- und FERC Projekten<\/li>\n<li>Beratung des K\u00e4ufers eines Unternehmens im Zusammenhang mit der \u00dcberpr\u00fcfung der Rechtm\u00e4\u00dfigkeit der errichteten Telekommunikationsnetze.<\/li>\n<\/ul>\n","protected":false},"excerpt":{"rendered":"<p>Die Telekommunikationsbranche ist heute einer der am schnellsten wachsenden Wirtschaftszweige, in dem Recht, Technologie und Wirtschaft auf vielen Ebenen miteinander [&hellip;]<\/p>\n","protected":false},"author":19,"featured_media":14445,"parent":0,"menu_order":73,"comment_status":"closed","ping_status":"closed","template":"templates\/industries.php","meta":{"_acf_changed":false,"footnotes":""},"class_list":["post-14527","page","type-page","status-publish","has-post-thumbnail","hentry"],"acf":[],"yoast_head":"<!-- This site is optimized with the Yoast SEO plugin v27.4 - https:\/\/yoast.com\/product\/yoast-seo-wordpress\/ -->\n<title>Telekommunikation - Kanzlei JDP<\/title>\n<meta name=\"robots\" content=\"index, follow, max-snippet:-1, max-image-preview:large, max-video-preview:-1\" \/>\n<link rel=\"canonical\" href=\"https:\/\/jdp-law.pl\/de\/telekommunikationsbranche\/\" \/>\n<meta property=\"og:locale\" content=\"de_DE\" \/>\n<meta property=\"og:type\" content=\"article\" \/>\n<meta property=\"og:title\" content=\"Telekommunikation - Kanzlei JDP\" \/>\n<meta property=\"og:description\" content=\"Die Telekommunikationsbranche ist heute einer der am schnellsten wachsenden Wirtschaftszweige, in dem Recht, Technologie und Wirtschaft auf vielen Ebenen miteinander [&hellip;]\" \/>\n<meta property=\"og:url\" content=\"https:\/\/jdp-law.pl\/de\/telekommunikationsbranche\/\" \/>\n<meta property=\"og:site_name\" content=\"Kanzlei JDP\" \/>\n<meta property=\"article:publisher\" content=\"https:\/\/www.facebook.com\/KancelariaJDP\/\" \/>\n<meta property=\"article:modified_time\" content=\"2025-10-14T11:23:39+00:00\" \/>\n<meta property=\"og:image\" content=\"https:\/\/jdp-law.pl\/wp-content\/uploads\/2025\/10\/branza-telekomunikacyjna.jpg\" \/>\n\t<meta property=\"og:image:width\" content=\"538\" \/>\n\t<meta property=\"og:image:height\" content=\"476\" \/>\n\t<meta property=\"og:image:type\" content=\"image\/jpeg\" \/>\n<meta name=\"twitter:card\" content=\"summary_large_image\" \/>\n<meta name=\"twitter:label1\" content=\"Gesch\u00e4tzte Lesezeit\" \/>\n\t<meta name=\"twitter:data1\" content=\"2\u00a0Minuten\" \/>\n<script type=\"application\/ld+json\" class=\"yoast-schema-graph\">{\"@context\":\"https:\\\/\\\/schema.org\",\"@graph\":[{\"@type\":\"WebPage\",\"@id\":\"https:\\\/\\\/jdp-law.pl\\\/de\\\/telekommunikationsbranche\\\/\",\"url\":\"https:\\\/\\\/jdp-law.pl\\\/de\\\/telekommunikationsbranche\\\/\",\"name\":\"Telekommunikation - Kanzlei JDP\",\"isPartOf\":{\"@id\":\"https:\\\/\\\/jdp-law.pl\\\/de\\\/#website\"},\"primaryImageOfPage\":{\"@id\":\"https:\\\/\\\/jdp-law.pl\\\/de\\\/telekommunikationsbranche\\\/#primaryimage\"},\"image\":{\"@id\":\"https:\\\/\\\/jdp-law.pl\\\/de\\\/telekommunikationsbranche\\\/#primaryimage\"},\"thumbnailUrl\":\"https:\\\/\\\/jdp-law.pl\\\/wp-content\\\/uploads\\\/2025\\\/10\\\/branza-telekomunikacyjna.jpg\",\"datePublished\":\"2025-10-14T11:21:55+00:00\",\"dateModified\":\"2025-10-14T11:23:39+00:00\",\"breadcrumb\":{\"@id\":\"https:\\\/\\\/jdp-law.pl\\\/de\\\/telekommunikationsbranche\\\/#breadcrumb\"},\"inLanguage\":\"de\",\"potentialAction\":[{\"@type\":\"ReadAction\",\"target\":[\"https:\\\/\\\/jdp-law.pl\\\/de\\\/telekommunikationsbranche\\\/\"]}]},{\"@type\":\"ImageObject\",\"inLanguage\":\"de\",\"@id\":\"https:\\\/\\\/jdp-law.pl\\\/de\\\/telekommunikationsbranche\\\/#primaryimage\",\"url\":\"https:\\\/\\\/jdp-law.pl\\\/wp-content\\\/uploads\\\/2025\\\/10\\\/branza-telekomunikacyjna.jpg\",\"contentUrl\":\"https:\\\/\\\/jdp-law.pl\\\/wp-content\\\/uploads\\\/2025\\\/10\\\/branza-telekomunikacyjna.jpg\",\"width\":538,\"height\":476},{\"@type\":\"BreadcrumbList\",\"@id\":\"https:\\\/\\\/jdp-law.pl\\\/de\\\/telekommunikationsbranche\\\/#breadcrumb\",\"itemListElement\":[{\"@type\":\"ListItem\",\"position\":1,\"name\":\"Startseite\",\"item\":\"https:\\\/\\\/jdp-law.pl\\\/de\\\/\"},{\"@type\":\"ListItem\",\"position\":2,\"name\":\"Telekommunikation\"}]},{\"@type\":\"WebSite\",\"@id\":\"https:\\\/\\\/jdp-law.pl\\\/de\\\/#website\",\"url\":\"https:\\\/\\\/jdp-law.pl\\\/de\\\/\",\"name\":\"Kanzlei JDP\",\"description\":\"Wir beraten polnische und internationale Konzerne im Bereich Infrastruktur, Vergaberecht, Immobilien, Transport, Bauwesen, Handel, Produktion und Bankdienstleistungen.\",\"publisher\":{\"@id\":\"https:\\\/\\\/jdp-law.pl\\\/de\\\/#organization\"},\"potentialAction\":[{\"@type\":\"SearchAction\",\"target\":{\"@type\":\"EntryPoint\",\"urlTemplate\":\"https:\\\/\\\/jdp-law.pl\\\/de\\\/?s={search_term_string}\"},\"query-input\":{\"@type\":\"PropertyValueSpecification\",\"valueRequired\":true,\"valueName\":\"search_term_string\"}}],\"inLanguage\":\"de\"},{\"@type\":\"Organization\",\"@id\":\"https:\\\/\\\/jdp-law.pl\\\/de\\\/#organization\",\"name\":\"JDP DRAPA\u0141A CHOMIUK & PARTNERS Sp. k.\",\"url\":\"https:\\\/\\\/jdp-law.pl\\\/de\\\/\",\"logo\":{\"@type\":\"ImageObject\",\"inLanguage\":\"de\",\"@id\":\"https:\\\/\\\/jdp-law.pl\\\/de\\\/#\\\/schema\\\/logo\\\/image\\\/\",\"url\":\"https:\\\/\\\/jdp-law.pl\\\/wp-content\\\/uploads\\\/2024\\\/01\\\/logo-jdp-graph.jpg\",\"contentUrl\":\"https:\\\/\\\/jdp-law.pl\\\/wp-content\\\/uploads\\\/2024\\\/01\\\/logo-jdp-graph.jpg\",\"width\":696,\"height\":696,\"caption\":\"JDP DRAPA\u0141A CHOMIUK & PARTNERS Sp. k.\"},\"image\":{\"@id\":\"https:\\\/\\\/jdp-law.pl\\\/de\\\/#\\\/schema\\\/logo\\\/image\\\/\"},\"sameAs\":[\"https:\\\/\\\/www.facebook.com\\\/KancelariaJDP\\\/\",\"https:\\\/\\\/pl.linkedin.com\\\/company\\\/jara-drapala-&-partners\",\"https:\\\/\\\/www.youtube.com\\\/@jdp-law\"],\"legalName\":\"JDP DRAPA\u0141A CHOMIUK & PARTNERS Sp. k.\",\"email\":\"office@jdp-law.pl\",\"telephone\":\"+48 22 246 00 30\",\"faxNumber\":\"+48 22 246 00 31\",\"alternateName\":\"Kanzlei JDP\",\"description\":\"Kanzlei JDP. Wir beraten polnische und internationale Konzerne im Bereich Infrastruktur, Vergaberecht, Immobilien, Transport, Bauwesen, Handel, Produktion und Bankdienstleistungen.\",\"address\":{\"@type\":\"PostalAddress\",\"streetAddress\":\"ul. Bonifraterska 17\",\"addressLocality\":\"Warschau\",\"addressCountry\":\"PL\",\"addressRegion\":\"Masowien\",\"postalCode\":\"00-203\"},\"contactPoint\":{\"@type\":\"ContactPoint\",\"contactType\":\"B\u00fcro\",\"telephone\":\"+48 22 246 00 30\",\"email\":\"office@jdp-law.pl\"}}]}<\/script>\n<!-- \/ Yoast SEO plugin. -->","yoast_head_json":{"title":"Telekommunikation - Kanzlei JDP","robots":{"index":"index","follow":"follow","max-snippet":"max-snippet:-1","max-image-preview":"max-image-preview:large","max-video-preview":"max-video-preview:-1"},"canonical":"https:\/\/jdp-law.pl\/de\/telekommunikationsbranche\/","og_locale":"de_DE","og_type":"article","og_title":"Telekommunikation - Kanzlei JDP","og_description":"Die Telekommunikationsbranche ist heute einer der am schnellsten wachsenden Wirtschaftszweige, in dem Recht, Technologie und Wirtschaft auf vielen Ebenen miteinander [&hellip;]","og_url":"https:\/\/jdp-law.pl\/de\/telekommunikationsbranche\/","og_site_name":"Kanzlei JDP","article_publisher":"https:\/\/www.facebook.com\/KancelariaJDP\/","article_modified_time":"2025-10-14T11:23:39+00:00","og_image":[{"width":538,"height":476,"url":"https:\/\/jdp-law.pl\/wp-content\/uploads\/2025\/10\/branza-telekomunikacyjna.jpg","type":"image\/jpeg"}],"twitter_card":"summary_large_image","twitter_misc":{"Gesch\u00e4tzte Lesezeit":"2\u00a0Minuten"},"schema":{"@context":"https:\/\/schema.org","@graph":[{"@type":"WebPage","@id":"https:\/\/jdp-law.pl\/de\/telekommunikationsbranche\/","url":"https:\/\/jdp-law.pl\/de\/telekommunikationsbranche\/","name":"Telekommunikation - Kanzlei JDP","isPartOf":{"@id":"https:\/\/jdp-law.pl\/de\/#website"},"primaryImageOfPage":{"@id":"https:\/\/jdp-law.pl\/de\/telekommunikationsbranche\/#primaryimage"},"image":{"@id":"https:\/\/jdp-law.pl\/de\/telekommunikationsbranche\/#primaryimage"},"thumbnailUrl":"https:\/\/jdp-law.pl\/wp-content\/uploads\/2025\/10\/branza-telekomunikacyjna.jpg","datePublished":"2025-10-14T11:21:55+00:00","dateModified":"2025-10-14T11:23:39+00:00","breadcrumb":{"@id":"https:\/\/jdp-law.pl\/de\/telekommunikationsbranche\/#breadcrumb"},"inLanguage":"de","potentialAction":[{"@type":"ReadAction","target":["https:\/\/jdp-law.pl\/de\/telekommunikationsbranche\/"]}]},{"@type":"ImageObject","inLanguage":"de","@id":"https:\/\/jdp-law.pl\/de\/telekommunikationsbranche\/#primaryimage","url":"https:\/\/jdp-law.pl\/wp-content\/uploads\/2025\/10\/branza-telekomunikacyjna.jpg","contentUrl":"https:\/\/jdp-law.pl\/wp-content\/uploads\/2025\/10\/branza-telekomunikacyjna.jpg","width":538,"height":476},{"@type":"BreadcrumbList","@id":"https:\/\/jdp-law.pl\/de\/telekommunikationsbranche\/#breadcrumb","itemListElement":[{"@type":"ListItem","position":1,"name":"Startseite","item":"https:\/\/jdp-law.pl\/de\/"},{"@type":"ListItem","position":2,"name":"Telekommunikation"}]},{"@type":"WebSite","@id":"https:\/\/jdp-law.pl\/de\/#website","url":"https:\/\/jdp-law.pl\/de\/","name":"Kanzlei JDP","description":"Wir beraten polnische und internationale Konzerne im Bereich Infrastruktur, Vergaberecht, Immobilien, Transport, Bauwesen, Handel, Produktion und Bankdienstleistungen.","publisher":{"@id":"https:\/\/jdp-law.pl\/de\/#organization"},"potentialAction":[{"@type":"SearchAction","target":{"@type":"EntryPoint","urlTemplate":"https:\/\/jdp-law.pl\/de\/?s={search_term_string}"},"query-input":{"@type":"PropertyValueSpecification","valueRequired":true,"valueName":"search_term_string"}}],"inLanguage":"de"},{"@type":"Organization","@id":"https:\/\/jdp-law.pl\/de\/#organization","name":"JDP DRAPA\u0141A CHOMIUK & PARTNERS Sp. k.","url":"https:\/\/jdp-law.pl\/de\/","logo":{"@type":"ImageObject","inLanguage":"de","@id":"https:\/\/jdp-law.pl\/de\/#\/schema\/logo\/image\/","url":"https:\/\/jdp-law.pl\/wp-content\/uploads\/2024\/01\/logo-jdp-graph.jpg","contentUrl":"https:\/\/jdp-law.pl\/wp-content\/uploads\/2024\/01\/logo-jdp-graph.jpg","width":696,"height":696,"caption":"JDP DRAPA\u0141A CHOMIUK & PARTNERS Sp. k."},"image":{"@id":"https:\/\/jdp-law.pl\/de\/#\/schema\/logo\/image\/"},"sameAs":["https:\/\/www.facebook.com\/KancelariaJDP\/","https:\/\/pl.linkedin.com\/company\/jara-drapala-&-partners","https:\/\/www.youtube.com\/@jdp-law"],"legalName":"JDP DRAPA\u0141A CHOMIUK & PARTNERS Sp. k.","email":"office@jdp-law.pl","telephone":"+48 22 246 00 30","faxNumber":"+48 22 246 00 31","alternateName":"Kanzlei JDP","description":"Kanzlei JDP. Wir beraten polnische und internationale Konzerne im Bereich Infrastruktur, Vergaberecht, Immobilien, Transport, Bauwesen, Handel, Produktion und Bankdienstleistungen.","address":{"@type":"PostalAddress","streetAddress":"ul. Bonifraterska 17","addressLocality":"Warschau","addressCountry":"PL","addressRegion":"Masowien","postalCode":"00-203"},"contactPoint":{"@type":"ContactPoint","contactType":"B\u00fcro","telephone":"+48 22 246 00 30","email":"office@jdp-law.pl"}}]}},"_links":{"self":[{"href":"https:\/\/jdp-law.pl\/de\/wp-json\/wp\/v2\/pages\/14527","targetHints":{"allow":["GET"]}}],"collection":[{"href":"https:\/\/jdp-law.pl\/de\/wp-json\/wp\/v2\/pages"}],"about":[{"href":"https:\/\/jdp-law.pl\/de\/wp-json\/wp\/v2\/types\/page"}],"author":[{"embeddable":true,"href":"https:\/\/jdp-law.pl\/de\/wp-json\/wp\/v2\/users\/19"}],"replies":[{"embeddable":true,"href":"https:\/\/jdp-law.pl\/de\/wp-json\/wp\/v2\/comments?post=14527"}],"version-history":[{"count":3,"href":"https:\/\/jdp-law.pl\/de\/wp-json\/wp\/v2\/pages\/14527\/revisions"}],"predecessor-version":[{"id":14530,"href":"https:\/\/jdp-law.pl\/de\/wp-json\/wp\/v2\/pages\/14527\/revisions\/14530"}],"wp:featuredmedia":[{"embeddable":true,"href":"https:\/\/jdp-law.pl\/de\/wp-json\/wp\/v2\/media\/14445"}],"wp:attachment":[{"href":"https:\/\/jdp-law.pl\/de\/wp-json\/wp\/v2\/media?parent=14527"}],"curies":[{"name":"wp","href":"https:\/\/api.w.org\/{rel}","templated":true}]}}