{"id":14839,"date":"2025-12-10T21:10:30","date_gmt":"2025-12-10T20:10:30","guid":{"rendered":"https:\/\/jdp-law.pl\/?page_id=14839"},"modified":"2025-12-16T13:52:56","modified_gmt":"2025-12-16T12:52:56","slug":"medtech","status":"publish","type":"page","link":"https:\/\/jdp-law.pl\/de\/medtech\/","title":{"rendered":"MedTech"},"content":{"rendered":"<p>Wir unterst\u00fctzen Mandanten aus der MedTech-Branche dabei, die Kontrolle \u00fcber Technologien zu behalten, vertrauliche Informationen zu sch\u00fctzen und Betriebsgeheimnisse zu sichern. Unsere Erfahrung umfasst sowohl Projekte, bei denen die Zusammenarbeit mit Gesch\u00e4ftspartnern eine notwendige Voraussetzung f\u00fcr die Erf\u00fcllung regulatorischer Anforderungen ist, als auch Vorhaben, bei denen die Wahrung der Exklusivit\u00e4t der entwickelten technologischen L\u00f6sungen von entscheidender Bedeutung ist.<\/p>\n<p>Wir entwickeln und implementieren umfassende Rechtsstrategien, die es Unternehmen erm\u00f6glichen, ihre langfristigen strategischen Ziele zu erreichen. Dank unserer fundierten Kenntnisse des Marktes f\u00fcr Medizintechnik in Verbindung mit unserem Verst\u00e4ndnis der gesch\u00e4ftlichen Rahmenbedingungen k\u00f6nnen wir Rechtsdienstleistungen anbieten, die genau auf die Besonderheiten der T\u00e4tigkeit unserer Mandanten zugeschnitten sind.<\/p>\n<p>Wir reagieren auf die rechtlichen Herausforderungen des Sektors und beraten in Bereichen wie IP-Strategie und -Vermarktung, sichere Zusammenarbeit mit Partnern,\u00a0 Vertrags- und Gesellschaftsrecht, Arbeitsrecht und Steuern.<\/p>\n<ul>\n<li>Wir entwickeln Strategien zum Schutz des geistigen Eigentums in Unternehmen, die auf das jeweilige Gesch\u00e4ftsmodell zugeschnitten sind.<\/li>\n<li>Wir erstellen Kommerzialisierungsszenarien, die Aspekte des geistigen Eigentums, vertragliche, steuerliche, finanzielle und unternehmerische Aspekte ber\u00fccksichtigen.<\/li>\n<li>Wir betreuen den gesamten Prozess der Vertragsvorbereitung \u2013 wir pr\u00fcfen Entw\u00fcrfe, bewerten Risiken, schlagen L\u00f6sungen vor und verhandeln Vertr\u00e4ge, sowohl national als auch international.<\/li>\n<li>Wir erstellen eine umfassende Informationssicherheitspolitik, die die Grunds\u00e4tze f\u00fcr das Vorgehen festlegt.<\/li>\n<li>Wir vertreten unsere Mandanten in Gerichts- und Verwaltungsverfahren, die Verst\u00f6\u00dfe gegen das Recht des geistigen Eigentums und unlauteren Wettbewerb betreffen.<\/li>\n<\/ul>\n","protected":false},"excerpt":{"rendered":"<p>Wir unterst\u00fctzen Mandanten aus der MedTech-Branche dabei, die Kontrolle \u00fcber Technologien zu behalten, vertrauliche Informationen zu sch\u00fctzen und Betriebsgeheimnisse zu [&hellip;]<\/p>\n","protected":false},"author":19,"featured_media":14847,"parent":0,"menu_order":128,"comment_status":"closed","ping_status":"closed","template":"templates\/industries.php","meta":{"_acf_changed":false,"footnotes":""},"class_list":["post-14839","page","type-page","status-publish","has-post-thumbnail","hentry"],"acf":[],"yoast_head":"<!-- This site is optimized with the Yoast SEO plugin v27.6 - https:\/\/yoast.com\/product\/yoast-seo-wordpress\/ -->\n<title>MedTech - Kanzlei JDP<\/title>\n<meta name=\"robots\" content=\"index, follow, max-snippet:-1, max-image-preview:large, max-video-preview:-1\" \/>\n<link rel=\"canonical\" href=\"https:\/\/jdp-law.pl\/de\/medtech\/\" \/>\n<meta property=\"og:locale\" content=\"de_DE\" \/>\n<meta property=\"og:type\" content=\"article\" \/>\n<meta property=\"og:title\" content=\"MedTech - Kanzlei JDP\" \/>\n<meta property=\"og:description\" content=\"Wir unterst\u00fctzen Mandanten aus der MedTech-Branche dabei, die Kontrolle \u00fcber Technologien zu behalten, vertrauliche Informationen zu sch\u00fctzen und Betriebsgeheimnisse zu [&hellip;]\" \/>\n<meta property=\"og:url\" content=\"https:\/\/jdp-law.pl\/de\/medtech\/\" \/>\n<meta property=\"og:site_name\" content=\"Kanzlei JDP\" \/>\n<meta property=\"article:publisher\" content=\"https:\/\/www.facebook.com\/KancelariaJDP\/\" \/>\n<meta property=\"article:modified_time\" content=\"2025-12-16T12:52:56+00:00\" \/>\n<meta property=\"og:image\" content=\"https:\/\/jdp-law.pl\/wp-content\/uploads\/2025\/12\/branza-medtech-kancelaria-jdp.jpg\" \/>\n\t<meta property=\"og:image:width\" content=\"538\" \/>\n\t<meta property=\"og:image:height\" content=\"476\" \/>\n\t<meta property=\"og:image:type\" content=\"image\/jpeg\" \/>\n<meta name=\"twitter:card\" content=\"summary_large_image\" \/>\n<meta name=\"twitter:label1\" content=\"Gesch\u00e4tzte Lesezeit\" \/>\n\t<meta name=\"twitter:data1\" content=\"2\u00a0Minuten\" \/>\n<script type=\"application\/ld+json\" class=\"yoast-schema-graph\">{\"@context\":\"https:\\\/\\\/schema.org\",\"@graph\":[{\"@type\":\"WebPage\",\"@id\":\"https:\\\/\\\/jdp-law.pl\\\/de\\\/medtech\\\/\",\"url\":\"https:\\\/\\\/jdp-law.pl\\\/de\\\/medtech\\\/\",\"name\":\"MedTech - Kanzlei JDP\",\"isPartOf\":{\"@id\":\"https:\\\/\\\/jdp-law.pl\\\/de\\\/#website\"},\"primaryImageOfPage\":{\"@id\":\"https:\\\/\\\/jdp-law.pl\\\/de\\\/medtech\\\/#primaryimage\"},\"image\":{\"@id\":\"https:\\\/\\\/jdp-law.pl\\\/de\\\/medtech\\\/#primaryimage\"},\"thumbnailUrl\":\"https:\\\/\\\/jdp-law.pl\\\/wp-content\\\/uploads\\\/2025\\\/12\\\/branza-medtech-kancelaria-jdp.jpg\",\"datePublished\":\"2025-12-10T20:10:30+00:00\",\"dateModified\":\"2025-12-16T12:52:56+00:00\",\"breadcrumb\":{\"@id\":\"https:\\\/\\\/jdp-law.pl\\\/de\\\/medtech\\\/#breadcrumb\"},\"inLanguage\":\"de\",\"potentialAction\":[{\"@type\":\"ReadAction\",\"target\":[\"https:\\\/\\\/jdp-law.pl\\\/de\\\/medtech\\\/\"]}]},{\"@type\":\"ImageObject\",\"inLanguage\":\"de\",\"@id\":\"https:\\\/\\\/jdp-law.pl\\\/de\\\/medtech\\\/#primaryimage\",\"url\":\"https:\\\/\\\/jdp-law.pl\\\/wp-content\\\/uploads\\\/2025\\\/12\\\/branza-medtech-kancelaria-jdp.jpg\",\"contentUrl\":\"https:\\\/\\\/jdp-law.pl\\\/wp-content\\\/uploads\\\/2025\\\/12\\\/branza-medtech-kancelaria-jdp.jpg\",\"width\":538,\"height\":476,\"caption\":\"https:\\\/\\\/jdp-law.pl\\\/wp-content\\\/uploads\\\/2025\\\/12\\\/branza-medtech-kancelaria-jdp.jpg.jpg\"},{\"@type\":\"BreadcrumbList\",\"@id\":\"https:\\\/\\\/jdp-law.pl\\\/de\\\/medtech\\\/#breadcrumb\",\"itemListElement\":[{\"@type\":\"ListItem\",\"position\":1,\"name\":\"Startseite\",\"item\":\"https:\\\/\\\/jdp-law.pl\\\/de\\\/\"},{\"@type\":\"ListItem\",\"position\":2,\"name\":\"MedTech\"}]},{\"@type\":\"WebSite\",\"@id\":\"https:\\\/\\\/jdp-law.pl\\\/de\\\/#website\",\"url\":\"https:\\\/\\\/jdp-law.pl\\\/de\\\/\",\"name\":\"Kanzlei JDP\",\"description\":\"Wir beraten polnische und internationale Konzerne im Bereich Infrastruktur, Vergaberecht, Immobilien, Transport, Bauwesen, Handel, Produktion und Bankdienstleistungen.\",\"publisher\":{\"@id\":\"https:\\\/\\\/jdp-law.pl\\\/de\\\/#organization\"},\"potentialAction\":[{\"@type\":\"SearchAction\",\"target\":{\"@type\":\"EntryPoint\",\"urlTemplate\":\"https:\\\/\\\/jdp-law.pl\\\/de\\\/?s={search_term_string}\"},\"query-input\":{\"@type\":\"PropertyValueSpecification\",\"valueRequired\":true,\"valueName\":\"search_term_string\"}}],\"inLanguage\":\"de\"},{\"@type\":\"Organization\",\"@id\":\"https:\\\/\\\/jdp-law.pl\\\/de\\\/#organization\",\"name\":\"JDP DRAPA\u0141A CHOMIUK & PARTNERS Sp. k.\",\"url\":\"https:\\\/\\\/jdp-law.pl\\\/de\\\/\",\"logo\":{\"@type\":\"ImageObject\",\"inLanguage\":\"de\",\"@id\":\"https:\\\/\\\/jdp-law.pl\\\/de\\\/#\\\/schema\\\/logo\\\/image\\\/\",\"url\":\"https:\\\/\\\/jdp-law.pl\\\/wp-content\\\/uploads\\\/2024\\\/01\\\/logo-jdp-graph.jpg\",\"contentUrl\":\"https:\\\/\\\/jdp-law.pl\\\/wp-content\\\/uploads\\\/2024\\\/01\\\/logo-jdp-graph.jpg\",\"width\":696,\"height\":696,\"caption\":\"JDP DRAPA\u0141A CHOMIUK & PARTNERS Sp. k.\"},\"image\":{\"@id\":\"https:\\\/\\\/jdp-law.pl\\\/de\\\/#\\\/schema\\\/logo\\\/image\\\/\"},\"sameAs\":[\"https:\\\/\\\/www.facebook.com\\\/KancelariaJDP\\\/\",\"https:\\\/\\\/pl.linkedin.com\\\/company\\\/jara-drapala-&-partners\",\"https:\\\/\\\/www.youtube.com\\\/@jdp-law\"],\"legalName\":\"JDP DRAPA\u0141A CHOMIUK & PARTNERS Sp. k.\",\"email\":\"office@jdp-law.pl\",\"telephone\":\"+48 22 246 00 30\",\"faxNumber\":\"+48 22 246 00 31\",\"alternateName\":\"Kanzlei JDP\",\"description\":\"Kanzlei JDP. Wir beraten polnische und internationale Konzerne im Bereich Infrastruktur, Vergaberecht, Immobilien, Transport, Bauwesen, Handel, Produktion und Bankdienstleistungen.\",\"address\":{\"@type\":\"PostalAddress\",\"streetAddress\":\"ul. Bonifraterska 17\",\"addressLocality\":\"Warschau\",\"addressCountry\":\"PL\",\"addressRegion\":\"Masowien\",\"postalCode\":\"00-203\"},\"contactPoint\":{\"@type\":\"ContactPoint\",\"contactType\":\"B\u00fcro\",\"telephone\":\"+48 22 246 00 30\",\"email\":\"office@jdp-law.pl\"}}]}<\/script>\n<!-- \/ Yoast SEO plugin. -->","yoast_head_json":{"title":"MedTech - Kanzlei JDP","robots":{"index":"index","follow":"follow","max-snippet":"max-snippet:-1","max-image-preview":"max-image-preview:large","max-video-preview":"max-video-preview:-1"},"canonical":"https:\/\/jdp-law.pl\/de\/medtech\/","og_locale":"de_DE","og_type":"article","og_title":"MedTech - Kanzlei JDP","og_description":"Wir unterst\u00fctzen Mandanten aus der MedTech-Branche dabei, die Kontrolle \u00fcber Technologien zu behalten, vertrauliche Informationen zu sch\u00fctzen und Betriebsgeheimnisse zu [&hellip;]","og_url":"https:\/\/jdp-law.pl\/de\/medtech\/","og_site_name":"Kanzlei JDP","article_publisher":"https:\/\/www.facebook.com\/KancelariaJDP\/","article_modified_time":"2025-12-16T12:52:56+00:00","og_image":[{"width":538,"height":476,"url":"https:\/\/jdp-law.pl\/wp-content\/uploads\/2025\/12\/branza-medtech-kancelaria-jdp.jpg","type":"image\/jpeg"}],"twitter_card":"summary_large_image","twitter_misc":{"Gesch\u00e4tzte Lesezeit":"2\u00a0Minuten"},"schema":{"@context":"https:\/\/schema.org","@graph":[{"@type":"WebPage","@id":"https:\/\/jdp-law.pl\/de\/medtech\/","url":"https:\/\/jdp-law.pl\/de\/medtech\/","name":"MedTech - Kanzlei JDP","isPartOf":{"@id":"https:\/\/jdp-law.pl\/de\/#website"},"primaryImageOfPage":{"@id":"https:\/\/jdp-law.pl\/de\/medtech\/#primaryimage"},"image":{"@id":"https:\/\/jdp-law.pl\/de\/medtech\/#primaryimage"},"thumbnailUrl":"https:\/\/jdp-law.pl\/wp-content\/uploads\/2025\/12\/branza-medtech-kancelaria-jdp.jpg","datePublished":"2025-12-10T20:10:30+00:00","dateModified":"2025-12-16T12:52:56+00:00","breadcrumb":{"@id":"https:\/\/jdp-law.pl\/de\/medtech\/#breadcrumb"},"inLanguage":"de","potentialAction":[{"@type":"ReadAction","target":["https:\/\/jdp-law.pl\/de\/medtech\/"]}]},{"@type":"ImageObject","inLanguage":"de","@id":"https:\/\/jdp-law.pl\/de\/medtech\/#primaryimage","url":"https:\/\/jdp-law.pl\/wp-content\/uploads\/2025\/12\/branza-medtech-kancelaria-jdp.jpg","contentUrl":"https:\/\/jdp-law.pl\/wp-content\/uploads\/2025\/12\/branza-medtech-kancelaria-jdp.jpg","width":538,"height":476,"caption":"https:\/\/jdp-law.pl\/wp-content\/uploads\/2025\/12\/branza-medtech-kancelaria-jdp.jpg.jpg"},{"@type":"BreadcrumbList","@id":"https:\/\/jdp-law.pl\/de\/medtech\/#breadcrumb","itemListElement":[{"@type":"ListItem","position":1,"name":"Startseite","item":"https:\/\/jdp-law.pl\/de\/"},{"@type":"ListItem","position":2,"name":"MedTech"}]},{"@type":"WebSite","@id":"https:\/\/jdp-law.pl\/de\/#website","url":"https:\/\/jdp-law.pl\/de\/","name":"Kanzlei JDP","description":"Wir beraten polnische und internationale Konzerne im Bereich Infrastruktur, Vergaberecht, Immobilien, Transport, Bauwesen, Handel, Produktion und Bankdienstleistungen.","publisher":{"@id":"https:\/\/jdp-law.pl\/de\/#organization"},"potentialAction":[{"@type":"SearchAction","target":{"@type":"EntryPoint","urlTemplate":"https:\/\/jdp-law.pl\/de\/?s={search_term_string}"},"query-input":{"@type":"PropertyValueSpecification","valueRequired":true,"valueName":"search_term_string"}}],"inLanguage":"de"},{"@type":"Organization","@id":"https:\/\/jdp-law.pl\/de\/#organization","name":"JDP DRAPA\u0141A CHOMIUK & PARTNERS Sp. k.","url":"https:\/\/jdp-law.pl\/de\/","logo":{"@type":"ImageObject","inLanguage":"de","@id":"https:\/\/jdp-law.pl\/de\/#\/schema\/logo\/image\/","url":"https:\/\/jdp-law.pl\/wp-content\/uploads\/2024\/01\/logo-jdp-graph.jpg","contentUrl":"https:\/\/jdp-law.pl\/wp-content\/uploads\/2024\/01\/logo-jdp-graph.jpg","width":696,"height":696,"caption":"JDP DRAPA\u0141A CHOMIUK & PARTNERS Sp. k."},"image":{"@id":"https:\/\/jdp-law.pl\/de\/#\/schema\/logo\/image\/"},"sameAs":["https:\/\/www.facebook.com\/KancelariaJDP\/","https:\/\/pl.linkedin.com\/company\/jara-drapala-&-partners","https:\/\/www.youtube.com\/@jdp-law"],"legalName":"JDP DRAPA\u0141A CHOMIUK & PARTNERS Sp. k.","email":"office@jdp-law.pl","telephone":"+48 22 246 00 30","faxNumber":"+48 22 246 00 31","alternateName":"Kanzlei JDP","description":"Kanzlei JDP. Wir beraten polnische und internationale Konzerne im Bereich Infrastruktur, Vergaberecht, Immobilien, Transport, Bauwesen, Handel, Produktion und Bankdienstleistungen.","address":{"@type":"PostalAddress","streetAddress":"ul. Bonifraterska 17","addressLocality":"Warschau","addressCountry":"PL","addressRegion":"Masowien","postalCode":"00-203"},"contactPoint":{"@type":"ContactPoint","contactType":"B\u00fcro","telephone":"+48 22 246 00 30","email":"office@jdp-law.pl"}}]}},"_links":{"self":[{"href":"https:\/\/jdp-law.pl\/de\/wp-json\/wp\/v2\/pages\/14839","targetHints":{"allow":["GET"]}}],"collection":[{"href":"https:\/\/jdp-law.pl\/de\/wp-json\/wp\/v2\/pages"}],"about":[{"href":"https:\/\/jdp-law.pl\/de\/wp-json\/wp\/v2\/types\/page"}],"author":[{"embeddable":true,"href":"https:\/\/jdp-law.pl\/de\/wp-json\/wp\/v2\/users\/19"}],"replies":[{"embeddable":true,"href":"https:\/\/jdp-law.pl\/de\/wp-json\/wp\/v2\/comments?post=14839"}],"version-history":[{"count":3,"href":"https:\/\/jdp-law.pl\/de\/wp-json\/wp\/v2\/pages\/14839\/revisions"}],"predecessor-version":[{"id":14870,"href":"https:\/\/jdp-law.pl\/de\/wp-json\/wp\/v2\/pages\/14839\/revisions\/14870"}],"wp:featuredmedia":[{"embeddable":true,"href":"https:\/\/jdp-law.pl\/de\/wp-json\/wp\/v2\/media\/14847"}],"wp:attachment":[{"href":"https:\/\/jdp-law.pl\/de\/wp-json\/wp\/v2\/media?parent=14839"}],"curies":[{"name":"wp","href":"https:\/\/api.w.org\/{rel}","templated":true}]}}