{"id":3107,"date":"2021-03-21T14:07:13","date_gmt":"2021-03-21T13:07:13","guid":{"rendered":"https:\/\/jdp-law.pl\/?page_id=3107"},"modified":"2026-01-21T10:51:46","modified_gmt":"2026-01-21T09:51:46","slug":"information-zur-verarbeitung-personenbezogener-daten-newsletter","status":"publish","type":"page","link":"https:\/\/jdp-law.pl\/de\/information-zur-verarbeitung-personenbezogener-daten-newsletter\/","title":{"rendered":"Information zur Verarbeitung personenbezogener Daten f\u00fcr Newsletter-Subskribenten"},"content":{"rendered":"<p>mitgeteilt gem\u00e4\u00df Art. 13 der Verordnung (EU) 2016\/679 des Europ\u00e4ischen Parlaments und des Rates vom 27. April 2016 zum Schutz nat\u00fcrlicher Personen bei der Verarbeitung personenbezogener Daten, zum freien Datenverkehr und zur Aufhebung der Richtlinie 95\/46\/EG (Datenschutz-Grundverordnung), Abl. EU.L.2016.119.1 (nachfolgend: \u201e<strong>DSGVO<\/strong>\u201c)<\/p>\n<p><strong>1. F\u00dcR DIE DATENVERARBEITUNG VERANTWORTLICHER <\/strong><\/p>\n<p>Der Verantwortliche der personenbezogenen Daten ist \u201e<strong>JDP Drapa\u0142a Chomiuk &amp; Partners<\/strong>\u201c sp\u00f3\u0142ka komandytowa [Kommanditgesellschaft] mit Sitz in Warschau, ul. Bonifraterska 17, 00-203 Warschau, eingetragen im Unternehmerregister des Landesgerichtsregisters durch das Amtsgericht f\u00fcr die Hauptstadt Warschau, XII. Wirtschaftsabteilung des Landesgerichtsregisters unter der Nummer KRS: 0001145849, unter Verwendung folgender Nummern: REGON [Gewerbenummer]: 140887753, NIP [UID]: 7010056483 (im Folgenden \u201e<strong>Verantwortlicher<\/strong>\u201c oder \u201e<strong>JDP<\/strong>\u201c).<\/p>\n<p>Der Verantwortliche verf\u00fcgt \u00fcber eine Website unter <a href=\"https:\/\/jdp-law.pl\/de\/\">www.jdp-law.pl<\/a>. Neben dem postalischen und pers\u00f6nlichen Kontakt unter seiner Gesch\u00e4ftsadresse ist er auch per E-Mail unter folgender Adresse erreichbar: <a href=\"mailto:office@jdp-law.pl\">office@jdp-law.pl<\/a>.<\/p>\n<p><strong>2. ZWECK UND RECHTLICHE GRUNDLAGE DER VERARBEITUNG PERSONENBEZOGENER DATEN <\/strong><strong>\u00a0<\/strong><\/p>\n<p>Die personenbezogenen Daten werden verarbeitet, um \u00fcber die BERUFSAUS\u00dcBUNG UND GESCH\u00c4FTST\u00c4TIGKEIT VON JDP zu INFORMIEREN, was u.a. den Versand von Newslettern, Alerts, Informationen \u00fcber Schulungen und andere Veranstaltungen aufgrund einer freiwillig erteilten Einwilligung geh\u00f6rt, die uns durch Ausf\u00fcllen des Newsletter-Formulars und Anklicken \u201eSenden\u201c erteilt wird (Art. 6 Abs. 1 Buchst. a DSGVO).<\/p>\n<p><strong>3. EMPF\u00c4NGER VON DATEN UND \u00dcBERTRAGUNG VON PERSONENBEZOGENEN DATEN AUSSERHALB DES EWR<\/strong><\/p>\n<ol>\n<li>Personenbezogene Daten k\u00f6nnen aufgrund abgeschlossener Vertr\u00e4ge an mit der JDP zusammenarbeitende Unternehmen \u00fcbermittelt werden. Insbesondere k\u00f6nnen Daten an Unternehmen weitergegeben werden, die Informationsunterst\u00fctzungsdienste f\u00fcr den Verantwortlichen erbringen (z.B. Unternehmen, die den Versand von Newslettern, Briefen, Einladungen oder anderen Mitteilungen und Materialien im Namen der JDP organisieren), Unternehmen, die IT-Supportdienstleistungen f\u00fcr JDP erbringen, einschlie\u00dflich Wartung und Instandhaltung von IT-Systemen, Daten-Hosting und Cloud-Dienste, Anbieter von Dienstleistungen im Bereich E-Mails, Archivierung und Dokumentenvernichtung, Post- oder Kurierdienstleister, Beratungsunternehmen, mit denen JDP zusammenarbeitet. Dar\u00fcber hinaus k\u00f6nnen personenbezogene Daten an Beh\u00f6rden oder \u00f6ffentliche Stellen (oder solche, die \u00f6ffentliche Aufgaben wahrnehmen) \u00fcbermittelt werden, die nach geltendem Recht zum Erhalt von Daten berechtigt sind.<\/li>\n<li>Personenbezogene Daten werden in der Regel nicht au\u00dferhalb des Europ\u00e4ischen Wirtschaftsraumes \u00fcbertragen. Sollte jedoch eine solche \u00dcbertragung personenbezogener Daten in der Zukunft stattfinden &#8211; was unter anderem im Zusammenhang mit der m\u00f6glichen Nutzung von IT-L\u00f6sungen des Verantwortlichen, die auf Cloud-L\u00f6sungen basieren oder von einem Servicecenter au\u00dferhalb des Europ\u00e4ischen Wirtschaftsraums betreut werden, geschehen kann &#8211; sorgt der Verantwortliche f\u00fcr einen Mechanismus, der im Einklang mit dem Recht der Europ\u00e4ischen Union die \u00dcbertragung legalisiert und angemessene Garantien zum Schutz personenbezogener Daten sicherstellt. Die betroffenen Personen werden im Voraus \u00fcber eine solche \u00dcbertragung informiert.<\/li>\n<\/ol>\n<p><strong>4. DAUER DER AUFBEWAHRUNG PERSONENBEZOGENER<\/strong> <strong>DATEN<\/strong><strong>\u00a0<\/strong><\/p>\n<p>Die personenbezogenen Daten werden bis zum wirksamen Widerruf der Einwilligung f\u00fcr die Datenverarbeitung zu einem bestimmten Zweck oder bis zum Verzicht auf die \u00dcbersendung von Newsletters oder anderen Materialien aufbewahrt.<\/p>\n<p><strong>5. FREIWILLIGKEIT DER ANGABE PERSONENBEZOGENER DATEN<\/strong><\/p>\n<p>Die Angabe personenbezogener Daten zum Zwecke der Informierung \u00fcber die Berufsaus\u00fcbung und die Gesch\u00e4ftst\u00e4tigkeit der JDP ist freiwillig. Andernfalls wird die Nutzung der vorgesehenen Formen der Informierung \u00fcber die Berufsaus\u00fcbung und die Gesch\u00e4ftst\u00e4tigkeit der JDP nicht m\u00f6glich sein.<\/p>\n<p><strong>6. PROFILING UND AUTOMATISIERTE ENTSCHEIDUNGEN<\/strong><\/p>\n<p>Die f\u00fcr die hier beschriebenen Zwecke verarbeiteten Daten werden nicht dem Profiling unterzogen und es werden keine automatisierten Entscheidungen gegen\u00fcber den betroffenen Personen getroffen.<\/p>\n<p><strong>7. RECHTE DER BETROFFENEN PERSONEN<\/strong><\/p>\n<ol>\n<li>In Bezug auf die Verarbeitung personenbezogener Daten durch die JDP haben die Betroffenen die folgenden Rechte:\n<ol type=\"a\">\n<li>aufgrund von Art. 15 poln. DSGVO \u2013 das Zugriffsrecht auf ihre personenbezogenen Daten;<\/li>\n<li>aufgrund von Art. 16 poln. DSGVO \u2013 das Recht auf Berichtigung ihrer personenbezogenen Daten;<\/li>\n<li>aufgrund von Art. 17 poln. DSGVO \u2013 das Recht auf L\u00f6schung ihrer personenbezogenen Daten;<\/li>\n<li>aufgrund von Art. 18 poln. DSGVO \u2013 das Recht auf Beschr\u00e4nkung der Verarbeitung ihrer personenbezogen Daten;<\/li>\n<li>das Recht, die Einwilligung jederzeit zu widerrufen, sofern die Verarbeitung auf einer zuvor erteilten Einwilligung beruht; der Widerruf der Einwilligung f\u00fcr die Datenverarbeitung ber\u00fchrt nicht die Rechtm\u00e4\u00dfigkeit der Verarbeitung, die aufgrund der vor dem Widerruf erteilten Einwilligung erfolgt ist;<\/li>\n<\/ol>\n<\/li>\n<li>Die vorgenannten Rechte k\u00f6nnen durch eine entsprechende Anfrage an den f\u00fcr die Verarbeitung Verantwortlichen unter den in Absatz 1 \u201eF\u00fcr die Verarbeitung Verantwortlicher\u201c am Anfang dieser Information angegebenen Kontaktadressen ausge\u00fcbt werden. Im Falle von Newslettern ist es ferner m\u00f6glich, zu der Adresse zu gehen, die die Abmeldung von dieser Form des Mailings gestattet, indem man auf den entsprechenden Link klickt, der sich am Ende einer jeden Nachricht befindet. Die Abgabe einer solchen Erkl\u00e4rung wird als Widerruf der Einwilligung oder als Ausdruck des Widerspruchs gegen die Versandart, auf die sich die Erkl\u00e4rung bezieht, verstanden.<\/li>\n<li>In Bezug auf die Verarbeitung personenbezogener Daten durch JDP haben die betroffenen Personen auch das Recht, sich bei der zust\u00e4ndigen Aufsichtsbeh\u00f6rde zu beschweren, insbesondere in dem Land ihres gew\u00f6hnlichen Aufenthalts, ihres Arbeitsplatzes oder des Ortes, an dem der behauptete Versto\u00df begangen wurde. In Polen ist die Aufsichtsbeh\u00f6rde der Pr\u00e4sident des Amtes f\u00fcr den Schutz personenbezogener Daten, ul. Stawki 2, 00-193 Warschau.<\/li>\n<\/ol>\n","protected":false},"excerpt":{"rendered":"<p>mitgeteilt gem\u00e4\u00df Art. 13 der Verordnung (EU) 2016\/679 des Europ\u00e4ischen Parlaments und des Rates vom 27. April 2016 zum Schutz [&hellip;]<\/p>\n","protected":false},"author":1,"featured_media":0,"parent":0,"menu_order":186,"comment_status":"closed","ping_status":"closed","template":"","meta":{"_acf_changed":false,"footnotes":""},"class_list":["post-3107","page","type-page","status-publish","hentry"],"acf":[],"yoast_head":"<!-- This site is optimized with the Yoast SEO plugin v27.5 - https:\/\/yoast.com\/product\/yoast-seo-wordpress\/ -->\n<title>Information zur Verarbeitung personenbezogener Daten f\u00fcr Newsletter-Subskribenten - Kanzlei JDP<\/title>\n<meta name=\"robots\" content=\"noindex, follow\" \/>\n<meta property=\"og:locale\" content=\"de_DE\" \/>\n<meta property=\"og:type\" content=\"article\" \/>\n<meta property=\"og:title\" content=\"Information zur Verarbeitung personenbezogener Daten f\u00fcr Newsletter-Subskribenten - Kanzlei JDP\" \/>\n<meta property=\"og:description\" content=\"mitgeteilt gem\u00e4\u00df Art. 13 der Verordnung (EU) 2016\/679 des Europ\u00e4ischen Parlaments und des Rates vom 27. April 2016 zum Schutz [&hellip;]\" \/>\n<meta property=\"og:url\" content=\"https:\/\/jdp-law.pl\/de\/information-zur-verarbeitung-personenbezogener-daten-newsletter\/\" \/>\n<meta property=\"og:site_name\" content=\"Kanzlei JDP\" \/>\n<meta property=\"article:publisher\" content=\"https:\/\/www.facebook.com\/KancelariaJDP\/\" \/>\n<meta property=\"article:modified_time\" content=\"2026-01-21T09:51:46+00:00\" \/>\n<meta property=\"og:image\" content=\"https:\/\/jdp-law.pl\/wp-content\/uploads\/2024\/01\/logo-jdp-graph-og-image-default.jpg\" \/>\n\t<meta property=\"og:image:width\" content=\"1200\" \/>\n\t<meta property=\"og:image:height\" content=\"675\" \/>\n\t<meta property=\"og:image:type\" content=\"image\/jpeg\" \/>\n<meta name=\"twitter:card\" content=\"summary_large_image\" \/>\n<meta name=\"twitter:label1\" content=\"Gesch\u00e4tzte Lesezeit\" \/>\n\t<meta name=\"twitter:data1\" content=\"5\u00a0Minuten\" \/>\n<script type=\"application\/ld+json\" class=\"yoast-schema-graph\">{\"@context\":\"https:\\\/\\\/schema.org\",\"@graph\":[{\"@type\":\"WebPage\",\"@id\":\"https:\\\/\\\/jdp-law.pl\\\/de\\\/information-zur-verarbeitung-personenbezogener-daten-newsletter\\\/\",\"url\":\"https:\\\/\\\/jdp-law.pl\\\/de\\\/information-zur-verarbeitung-personenbezogener-daten-newsletter\\\/\",\"name\":\"Information zur Verarbeitung personenbezogener Daten f\u00fcr Newsletter-Subskribenten - Kanzlei JDP\",\"isPartOf\":{\"@id\":\"https:\\\/\\\/jdp-law.pl\\\/de\\\/#website\"},\"datePublished\":\"2021-03-21T13:07:13+00:00\",\"dateModified\":\"2026-01-21T09:51:46+00:00\",\"breadcrumb\":{\"@id\":\"https:\\\/\\\/jdp-law.pl\\\/de\\\/information-zur-verarbeitung-personenbezogener-daten-newsletter\\\/#breadcrumb\"},\"inLanguage\":\"de\",\"potentialAction\":[{\"@type\":\"ReadAction\",\"target\":[\"https:\\\/\\\/jdp-law.pl\\\/de\\\/information-zur-verarbeitung-personenbezogener-daten-newsletter\\\/\"]}]},{\"@type\":\"BreadcrumbList\",\"@id\":\"https:\\\/\\\/jdp-law.pl\\\/de\\\/information-zur-verarbeitung-personenbezogener-daten-newsletter\\\/#breadcrumb\",\"itemListElement\":[{\"@type\":\"ListItem\",\"position\":1,\"name\":\"Startseite\",\"item\":\"https:\\\/\\\/jdp-law.pl\\\/de\\\/\"},{\"@type\":\"ListItem\",\"position\":2,\"name\":\"Information zur Verarbeitung personenbezogener Daten f\u00fcr Newsletter-Subskribenten\"}]},{\"@type\":\"WebSite\",\"@id\":\"https:\\\/\\\/jdp-law.pl\\\/de\\\/#website\",\"url\":\"https:\\\/\\\/jdp-law.pl\\\/de\\\/\",\"name\":\"Kanzlei JDP\",\"description\":\"Wir beraten polnische und internationale Konzerne im Bereich Infrastruktur, Vergaberecht, Immobilien, Transport, Bauwesen, Handel, Produktion und Bankdienstleistungen.\",\"publisher\":{\"@id\":\"https:\\\/\\\/jdp-law.pl\\\/de\\\/#organization\"},\"potentialAction\":[{\"@type\":\"SearchAction\",\"target\":{\"@type\":\"EntryPoint\",\"urlTemplate\":\"https:\\\/\\\/jdp-law.pl\\\/de\\\/?s={search_term_string}\"},\"query-input\":{\"@type\":\"PropertyValueSpecification\",\"valueRequired\":true,\"valueName\":\"search_term_string\"}}],\"inLanguage\":\"de\"},{\"@type\":\"Organization\",\"@id\":\"https:\\\/\\\/jdp-law.pl\\\/de\\\/#organization\",\"name\":\"JDP DRAPA\u0141A CHOMIUK & PARTNERS Sp. k.\",\"url\":\"https:\\\/\\\/jdp-law.pl\\\/de\\\/\",\"logo\":{\"@type\":\"ImageObject\",\"inLanguage\":\"de\",\"@id\":\"https:\\\/\\\/jdp-law.pl\\\/de\\\/#\\\/schema\\\/logo\\\/image\\\/\",\"url\":\"https:\\\/\\\/jdp-law.pl\\\/wp-content\\\/uploads\\\/2024\\\/01\\\/logo-jdp-graph.jpg\",\"contentUrl\":\"https:\\\/\\\/jdp-law.pl\\\/wp-content\\\/uploads\\\/2024\\\/01\\\/logo-jdp-graph.jpg\",\"width\":696,\"height\":696,\"caption\":\"JDP DRAPA\u0141A CHOMIUK & PARTNERS Sp. k.\"},\"image\":{\"@id\":\"https:\\\/\\\/jdp-law.pl\\\/de\\\/#\\\/schema\\\/logo\\\/image\\\/\"},\"sameAs\":[\"https:\\\/\\\/www.facebook.com\\\/KancelariaJDP\\\/\",\"https:\\\/\\\/pl.linkedin.com\\\/company\\\/jara-drapala-&-partners\",\"https:\\\/\\\/www.youtube.com\\\/@jdp-law\"],\"legalName\":\"JDP DRAPA\u0141A CHOMIUK & PARTNERS Sp. k.\",\"email\":\"office@jdp-law.pl\",\"telephone\":\"+48 22 246 00 30\",\"faxNumber\":\"+48 22 246 00 31\",\"alternateName\":\"Kanzlei JDP\",\"description\":\"Kanzlei JDP. Wir beraten polnische und internationale Konzerne im Bereich Infrastruktur, Vergaberecht, Immobilien, Transport, Bauwesen, Handel, Produktion und Bankdienstleistungen.\",\"address\":{\"@type\":\"PostalAddress\",\"streetAddress\":\"ul. Bonifraterska 17\",\"addressLocality\":\"Warschau\",\"addressCountry\":\"PL\",\"addressRegion\":\"Masowien\",\"postalCode\":\"00-203\"},\"contactPoint\":{\"@type\":\"ContactPoint\",\"contactType\":\"B\u00fcro\",\"telephone\":\"+48 22 246 00 30\",\"email\":\"office@jdp-law.pl\"}}]}<\/script>\n<!-- \/ Yoast SEO plugin. -->","yoast_head_json":{"title":"Information zur Verarbeitung personenbezogener Daten f\u00fcr Newsletter-Subskribenten - Kanzlei JDP","robots":{"index":"noindex","follow":"follow"},"og_locale":"de_DE","og_type":"article","og_title":"Information zur Verarbeitung personenbezogener Daten f\u00fcr Newsletter-Subskribenten - Kanzlei JDP","og_description":"mitgeteilt gem\u00e4\u00df Art. 13 der Verordnung (EU) 2016\/679 des Europ\u00e4ischen Parlaments und des Rates vom 27. April 2016 zum Schutz [&hellip;]","og_url":"https:\/\/jdp-law.pl\/de\/information-zur-verarbeitung-personenbezogener-daten-newsletter\/","og_site_name":"Kanzlei JDP","article_publisher":"https:\/\/www.facebook.com\/KancelariaJDP\/","article_modified_time":"2026-01-21T09:51:46+00:00","og_image":[{"width":1200,"height":675,"url":"https:\/\/jdp-law.pl\/wp-content\/uploads\/2024\/01\/logo-jdp-graph-og-image-default.jpg","type":"image\/jpeg"}],"twitter_card":"summary_large_image","twitter_misc":{"Gesch\u00e4tzte Lesezeit":"5\u00a0Minuten"},"schema":{"@context":"https:\/\/schema.org","@graph":[{"@type":"WebPage","@id":"https:\/\/jdp-law.pl\/de\/information-zur-verarbeitung-personenbezogener-daten-newsletter\/","url":"https:\/\/jdp-law.pl\/de\/information-zur-verarbeitung-personenbezogener-daten-newsletter\/","name":"Information zur Verarbeitung personenbezogener Daten f\u00fcr Newsletter-Subskribenten - Kanzlei JDP","isPartOf":{"@id":"https:\/\/jdp-law.pl\/de\/#website"},"datePublished":"2021-03-21T13:07:13+00:00","dateModified":"2026-01-21T09:51:46+00:00","breadcrumb":{"@id":"https:\/\/jdp-law.pl\/de\/information-zur-verarbeitung-personenbezogener-daten-newsletter\/#breadcrumb"},"inLanguage":"de","potentialAction":[{"@type":"ReadAction","target":["https:\/\/jdp-law.pl\/de\/information-zur-verarbeitung-personenbezogener-daten-newsletter\/"]}]},{"@type":"BreadcrumbList","@id":"https:\/\/jdp-law.pl\/de\/information-zur-verarbeitung-personenbezogener-daten-newsletter\/#breadcrumb","itemListElement":[{"@type":"ListItem","position":1,"name":"Startseite","item":"https:\/\/jdp-law.pl\/de\/"},{"@type":"ListItem","position":2,"name":"Information zur Verarbeitung personenbezogener Daten f\u00fcr Newsletter-Subskribenten"}]},{"@type":"WebSite","@id":"https:\/\/jdp-law.pl\/de\/#website","url":"https:\/\/jdp-law.pl\/de\/","name":"Kanzlei JDP","description":"Wir beraten polnische und internationale Konzerne im Bereich Infrastruktur, Vergaberecht, Immobilien, Transport, Bauwesen, Handel, Produktion und Bankdienstleistungen.","publisher":{"@id":"https:\/\/jdp-law.pl\/de\/#organization"},"potentialAction":[{"@type":"SearchAction","target":{"@type":"EntryPoint","urlTemplate":"https:\/\/jdp-law.pl\/de\/?s={search_term_string}"},"query-input":{"@type":"PropertyValueSpecification","valueRequired":true,"valueName":"search_term_string"}}],"inLanguage":"de"},{"@type":"Organization","@id":"https:\/\/jdp-law.pl\/de\/#organization","name":"JDP DRAPA\u0141A CHOMIUK & PARTNERS Sp. k.","url":"https:\/\/jdp-law.pl\/de\/","logo":{"@type":"ImageObject","inLanguage":"de","@id":"https:\/\/jdp-law.pl\/de\/#\/schema\/logo\/image\/","url":"https:\/\/jdp-law.pl\/wp-content\/uploads\/2024\/01\/logo-jdp-graph.jpg","contentUrl":"https:\/\/jdp-law.pl\/wp-content\/uploads\/2024\/01\/logo-jdp-graph.jpg","width":696,"height":696,"caption":"JDP DRAPA\u0141A CHOMIUK & PARTNERS Sp. k."},"image":{"@id":"https:\/\/jdp-law.pl\/de\/#\/schema\/logo\/image\/"},"sameAs":["https:\/\/www.facebook.com\/KancelariaJDP\/","https:\/\/pl.linkedin.com\/company\/jara-drapala-&-partners","https:\/\/www.youtube.com\/@jdp-law"],"legalName":"JDP DRAPA\u0141A CHOMIUK & PARTNERS Sp. k.","email":"office@jdp-law.pl","telephone":"+48 22 246 00 30","faxNumber":"+48 22 246 00 31","alternateName":"Kanzlei JDP","description":"Kanzlei JDP. Wir beraten polnische und internationale Konzerne im Bereich Infrastruktur, Vergaberecht, Immobilien, Transport, Bauwesen, Handel, Produktion und Bankdienstleistungen.","address":{"@type":"PostalAddress","streetAddress":"ul. Bonifraterska 17","addressLocality":"Warschau","addressCountry":"PL","addressRegion":"Masowien","postalCode":"00-203"},"contactPoint":{"@type":"ContactPoint","contactType":"B\u00fcro","telephone":"+48 22 246 00 30","email":"office@jdp-law.pl"}}]}},"_links":{"self":[{"href":"https:\/\/jdp-law.pl\/de\/wp-json\/wp\/v2\/pages\/3107","targetHints":{"allow":["GET"]}}],"collection":[{"href":"https:\/\/jdp-law.pl\/de\/wp-json\/wp\/v2\/pages"}],"about":[{"href":"https:\/\/jdp-law.pl\/de\/wp-json\/wp\/v2\/types\/page"}],"author":[{"embeddable":true,"href":"https:\/\/jdp-law.pl\/de\/wp-json\/wp\/v2\/users\/1"}],"replies":[{"embeddable":true,"href":"https:\/\/jdp-law.pl\/de\/wp-json\/wp\/v2\/comments?post=3107"}],"version-history":[{"count":3,"href":"https:\/\/jdp-law.pl\/de\/wp-json\/wp\/v2\/pages\/3107\/revisions"}],"predecessor-version":[{"id":502311235,"href":"https:\/\/jdp-law.pl\/de\/wp-json\/wp\/v2\/pages\/3107\/revisions\/502311235"}],"wp:attachment":[{"href":"https:\/\/jdp-law.pl\/de\/wp-json\/wp\/v2\/media?parent=3107"}],"curies":[{"name":"wp","href":"https:\/\/api.w.org\/{rel}","templated":true}]}}