{"id":329,"date":"2021-02-27T15:41:35","date_gmt":"2021-02-27T14:41:35","guid":{"rendered":"https:\/\/jdp-law.pl\/?page_id=329"},"modified":"2026-01-21T10:38:11","modified_gmt":"2026-01-21T09:38:11","slug":"datenschutz-dsgvo-informationsklausel","status":"publish","type":"page","link":"https:\/\/jdp-law.pl\/de\/datenschutz-dsgvo-informationsklausel\/","title":{"rendered":"Datenschutzhinweise \/ DSGVO-Informationsklausel"},"content":{"rendered":"<p><strong>DATENSCHUTZ<\/strong><\/p>\n<p>Die f\u00fcr die Datenverarbeitung Verantwortliche ist <strong>JDP DRAPA\u0141A CHOMIUK &amp; PARTNERS Sp. k.<\/strong> (nachstehend: \u201e<strong>JDP<\/strong>\u201d) mit Sitz in Warszawa in der ul. Bonifraterska 17 (00-203). Die durch JDP erhobenen personenbezogenen Daten werden gem\u00e4\u00df den Vorschriften \u00fcber den Datenschutz verarbeitet, darunter gem\u00e4\u00df der Verordnung (EU) 2016\/679 des Europ\u00e4ischen Parlaments und des Rates vom 27. April 2016 zum Schutz nat\u00fcrlicher Personen bei der Verarbeitung personenbezogener Daten, zum freien Datenverkehr und zur Aufhebung der Richtlinie 95\/46\/EG (Datenschutz-Grundverordnung) (\u201eDSGVO\u201c) und gem\u00e4\u00df den polnischen Vorschriften, die in Verbindung mit der DSGVO erlassen wurden, darunter gem\u00e4\u00df dem Datenschutzgesetz vom 10. Mai 2018 (GBl. vom 2018, Pos. 1000 m.w.\u00c4). JDP behandelt personenbezogene Daten als vertrauliche Informationen und sch\u00fctzt sie vor unbefugtem Zugang oder Zugriff durch Dritte gem\u00e4\u00df den in den vorgenannten Rechtsakten festgelegten Grunds\u00e4tzen.<\/p>\n<p>JDP verarbeitet personenbezogene Daten der Kontrahenten (darunter der Kunden) und der Gesch\u00e4ftskontakte in dem Umfang und zu dem Zweck, welche die Ankn\u00fcpfung und Aufrechterhaltung von Gesch\u00e4ftsbeziehungen (darunter auch durch Versand von eigenen Marketingmaterialien), die Erf\u00fcllung der f\u00fcr die Parteien verbindlichen Vertr\u00e4ge, insbesondere im Bereich der Rechtsberatung, sowie die Erf\u00fcllung der der Verantwortlichen obliegenden gesetzlichen Pflichten erm\u00f6glichen.<\/p>\n<p><strong>Grundlagen der Datenverarbeitung<\/strong><\/p>\n<p>JDP verarbeitet personenbezogene Daten:<\/p>\n<ol>\n<li>aufgrund der Einwilligung der betroffenen Person,<\/li>\n<li>wenn die Verarbeitung f\u00fcr die Erf\u00fcllung eines Vertrags, dessen Vertragsparteien die betroffene Person und JDP sind, oder zur Durchf\u00fchrung vorvertraglicher Ma\u00dfnahmen durch JDP erforderlich ist, die auf Anfrage der betroffenen Person erfolgen,<\/li>\n<li>wenn die Verarbeitung zur Erf\u00fcllung einer rechtlichen Verpflichtung erforderlich ist, der JDP als die Verantwortliche unterliegt,<\/li>\n<li>wenn die Verarbeitung erforderlich ist, um lebenswichtige Interessen der betroffenen Person oder einer anderen nat\u00fcrlichen Person zu sch\u00fctzen,<\/li>\n<li>wenn die Verarbeitung zu den Zwecken erforderlich ist, die sich aus den rechtlich begr\u00fcndeten und durch JDP oder durch einen Dritten abgewickelten Interessen ergeben, mit Ausnahme von Situationen, wo die den Datenschutz erfordernden Interessen bzw. die grundlegenden Rechte und Freiheiten der betroffenen Person \u00fcberwiegen.<\/li>\n<\/ol>\n<p>Die Grundlage der Verarbeitung personenbezogener Daten von Kontrahenten der Gesellschaft besteht grunds\u00e4tzlich in Erf\u00fcllung der f\u00fcr die Parteien verbindlichen Vertr\u00e4ge oder in der Durchf\u00fchrung vorvertraglicher Ma\u00dfnahmen durch JDP auf Anfrage der betroffenen Person (Art. 6 Abs. 1 lit. b DSGVO). Die Verarbeitung personenbezogener Daten der Bevollm\u00e4chtigten und Mitarbeiter der Kontrahenten von JDP erfolgt zur Wahrung der berechtigten Interessen von JDP oder dieses Kontrahenten (Art. 6 Abs. 1 lit. f DSGVO), bestehend darin, dass der Vertragsschluss und die anschlie\u00dfende Vertragserf\u00fcllung erm\u00f6glicht werden.<\/p>\n<p><strong>Kategorien der verarbeiteten personenbezogenen Daten<\/strong><\/p>\n<p>JDP verarbeitet insbesondere folgende Kategorien personenbezogener Daten:<\/p>\n<ol>\n<li>Vorname (Vornamen) und Nachname,<\/li>\n<li>Adresse,<\/li>\n<li>Telefonnummer,<\/li>\n<li>E-Mail-Adresse,<\/li>\n<li>pers\u00f6nliche Identifikationsnummer PESEL,<\/li>\n<li>Firma,<\/li>\n<li>Steuernummer NIP,<\/li>\n<li>statistische Unternehmensnummer REGON,<\/li>\n<li>Bankrechnung.<\/li>\n<\/ol>\n<p>JDP darf auch andere Kategorien personenbezogener Daten verarbeiten, wenn das f\u00fcr die Erf\u00fcllung eines bestimmten Zwecks der Verarbeitung personenbezogener Daten erforderlich und mit den anwendbaren Datenschutzvorschriften vereinbar ist.<\/p>\n<p>Zwecks Verarbeitung personenbezogener Daten werden bei JDP weder Kopien der Personalausweise noch Kopien sonstiger Personaldokumente (z.B. F\u00fchrerschein), die personenbezogene Daten in einer beliebigen Form enthalten, gespeichert, es sei denn, dass dies den Zwecken der Verarbeitung entspricht bzw. gem\u00e4\u00df den anwendbaren Rechtsvorschriften zul\u00e4ssig ist.<\/p>\n<p><strong>Verarbeitung besonderer personenbezogener Daten<\/strong><\/p>\n<p>Die Verarbeitung personenbezogener Daten, aus denen die rassische und ethnische Herkunft, politische Meinungen, religi\u00f6se oder weltanschauliche \u00dcberzeugungen oder die Gewerkschaftszugeh\u00f6rigkeit hervorgehen, sowie die Verarbeitung von genetischen Daten, biometrischen Daten zur eindeutigen Identifizierung einer nat\u00fcrlichen Person, Gesundheitsdaten oder Daten zum Sexualleben oder der sexuellen Orientierung sowie die Verarbeitung personenbezogener Daten \u00fcber strafrechtliche Verurteilungen und Straftaten oder damit zusammenh\u00e4ngende Sicherungsma\u00dfregeln durch JDP ist ausschlie\u00dflich in den in Art. 9 und 10 DSGVO oder in sonstigen besonderen Rechtsvorschriften ausdr\u00fccklich genannten F\u00e4llen zul\u00e4ssig.<\/p>\n<p><strong>Rechte der betroffenen Personen<\/strong><\/p>\n<p>Jede Person, deren personenbezogene Daten bei JDP verarbeitet werden, steht das Recht auf Kontrolle der Verarbeitung ihrer personenbezogenen Daten zu, und insbesondere das Recht auf:<\/p>\n<ol>\n<li>ausf\u00fchrliche Auskunft, ob ihre personenbezogenen Daten verarbeitet werden und das Recht auf Auskunft \u00fcber die vollst\u00e4ndige Firma und Adresse der Gesellschaft,<\/li>\n<li>Auskunft \u00fcber den Zweck, Umfang, die Art und Weise sowie die Kategorien der verarbeiteten personenbezogenen Daten,<\/li>\n<li>Auskunft dar\u00fcber, seit wann ihre personenbezogenen Daten verarbeitet werden und das Recht auf Angabe des Inhalts dieser Daten in einer allgemein verst\u00e4ndlichen Form,<\/li>\n<li>Auskunft \u00fcber die Quelle, aus der die personenbezogenen Daten dieser Person stammen,<\/li>\n<li>Auskunft \u00fcber die Art und Weise der Bereitstellung personenbezogener Daten, insbesondere das Recht auf Auskunft \u00fcber die Empf\u00e4nger oder Kategorien von Empf\u00e4ngern, gegen\u00fcber denen die personenbezogenen Daten offengelegt werden,<\/li>\n<li>Erg\u00e4nzung, Aktualisierung, Berichtigung personenbezogener Daten, vor\u00fcbergehende bzw. dauerhafte Einstellung der Datenverarbeitung bzw. L\u00f6schung der Daten, wenn sie nicht vollst\u00e4ndig, nicht mehr aktuell oder falsch sind, wenn sie unter Verletzung der Datenschutzvorschriften erhoben wurden, oder wenn sie f\u00fcr die Erf\u00fcllung des Zwecks, f\u00fcr den sie erhoben wurden, nicht mehr notwendig sind.<\/li>\n<\/ol>\n<p>Personen, deren Daten durch JDP aufgrund des berechtigten Interesses der Verantwortlichen verarbeitet werden, steht das Recht auf Widerspruch gegen die Verarbeitung personenbezogener Daten zu.<\/p>\n<p>Auf Antrag der betroffenen Person ist JDP verpflichtet, innerhalb von maximal 30 Tagen ab Eingang des Antrags die vorgenannten Informationen in einer allgemein verst\u00e4ndlichen Form zu \u00fcbermitteln.<\/p>\n<p>Au\u00dferdem steht der betroffenen Person in Verbindung mit der Verarbeitung personenbezogener Daten durch JDP das Beschwerderecht bei dem Leiter der Datenschutzbeh\u00f6rde zu.<\/p>\n<p><strong>\u00dcbermittlung personenbezogener Daten an Dritte<\/strong><\/p>\n<p>JDP ist berechtigt, personenbezogene Daten bei vorliegender Zustimmung der betroffenen Person anderen Unternehmen bzw. Beh\u00f6rden bereitzustellen. Ferner ist JDP zur Bereitstellung personenbezogener Daten berechtigt, wenn eine andere, in den DSGVO-Vorschriften vorgesehene Voraussetzung besteht, wonach eine solche Bereitstellung zul\u00e4ssig und rechtm\u00e4\u00dfig ist, insbesondere wenn die Bereitstellung personenbezogener Daten f\u00fcr die Vertragserf\u00fcllung erforderlich ist, wenn die betroffene Person Partei dieses Vertrags ist.<\/p>\n<p><strong>Kontakt<\/strong><\/p>\n<p>Bei R\u00fcckfragen bez\u00fcglich der Verarbeitung personenbezogener Daten wenden Sie sich bitte an JDP unter der folgenden E-Mail-Adresse: <strong><a href=\"mailto:office@jdp-law.pl\">office@jdp-law.pl<\/a><\/strong>.<\/p>\n<p><a class=\"btn-link\" href=\"https:\/\/jdp-law.pl\/wp-content\/uploads\/2021\/03\/datenschutzhinweise-de.pdf\" target=\"_blank\" rel=\"noopener nofollow\">Herunterladen PDF<\/a><\/p>\n","protected":false},"excerpt":{"rendered":"<p>DATENSCHUTZ Die f\u00fcr die Datenverarbeitung Verantwortliche ist JDP DRAPA\u0141A CHOMIUK &amp; PARTNERS Sp. k. (nachstehend: \u201eJDP\u201d) mit Sitz in Warszawa [&hellip;]<\/p>\n","protected":false},"author":1,"featured_media":0,"parent":0,"menu_order":229,"comment_status":"closed","ping_status":"open","template":"","meta":{"_acf_changed":false,"footnotes":""},"class_list":["post-329","page","type-page","status-publish","hentry"],"acf":[],"yoast_head":"<!-- This site is optimized with the Yoast SEO plugin v27.6 - https:\/\/yoast.com\/product\/yoast-seo-wordpress\/ -->\n<title>Datenschutzhinweise \/ DSGVO-Informationsklausel - Kanzlei JDP<\/title>\n<meta name=\"robots\" content=\"noindex, follow\" \/>\n<meta property=\"og:locale\" content=\"de_DE\" \/>\n<meta property=\"og:type\" content=\"article\" \/>\n<meta property=\"og:title\" content=\"Datenschutzhinweise \/ DSGVO-Informationsklausel - Kanzlei JDP\" \/>\n<meta property=\"og:description\" content=\"DATENSCHUTZ Die f\u00fcr die Datenverarbeitung Verantwortliche ist JDP DRAPA\u0141A CHOMIUK &amp; PARTNERS Sp. k. (nachstehend: \u201eJDP\u201d) mit Sitz in Warszawa [&hellip;]\" \/>\n<meta property=\"og:url\" content=\"https:\/\/jdp-law.pl\/de\/datenschutz-dsgvo-informationsklausel\/\" \/>\n<meta property=\"og:site_name\" content=\"Kanzlei JDP\" \/>\n<meta property=\"article:publisher\" content=\"https:\/\/www.facebook.com\/KancelariaJDP\/\" \/>\n<meta property=\"article:modified_time\" content=\"2026-01-21T09:38:11+00:00\" \/>\n<meta property=\"og:image\" content=\"http:\/\/false\" \/>\n<meta name=\"twitter:card\" content=\"summary_large_image\" \/>\n<meta name=\"twitter:label1\" content=\"Gesch\u00e4tzte Lesezeit\" \/>\n\t<meta name=\"twitter:data1\" content=\"6\u00a0Minuten\" \/>\n<script type=\"application\/ld+json\" class=\"yoast-schema-graph\">{\"@context\":\"https:\\\/\\\/schema.org\",\"@graph\":[{\"@type\":\"WebPage\",\"@id\":\"https:\\\/\\\/jdp-law.pl\\\/de\\\/datenschutz-dsgvo-informationsklausel\\\/\",\"url\":\"https:\\\/\\\/jdp-law.pl\\\/de\\\/datenschutz-dsgvo-informationsklausel\\\/\",\"name\":\"Datenschutzhinweise \\\/ DSGVO-Informationsklausel - Kanzlei JDP\",\"isPartOf\":{\"@id\":\"https:\\\/\\\/jdp-law.pl\\\/de\\\/#website\"},\"datePublished\":\"2021-02-27T14:41:35+00:00\",\"dateModified\":\"2026-01-21T09:38:11+00:00\",\"breadcrumb\":{\"@id\":\"https:\\\/\\\/jdp-law.pl\\\/de\\\/datenschutz-dsgvo-informationsklausel\\\/#breadcrumb\"},\"inLanguage\":\"de\",\"potentialAction\":[{\"@type\":\"ReadAction\",\"target\":[\"https:\\\/\\\/jdp-law.pl\\\/de\\\/datenschutz-dsgvo-informationsklausel\\\/\"]}]},{\"@type\":\"BreadcrumbList\",\"@id\":\"https:\\\/\\\/jdp-law.pl\\\/de\\\/datenschutz-dsgvo-informationsklausel\\\/#breadcrumb\",\"itemListElement\":[{\"@type\":\"ListItem\",\"position\":1,\"name\":\"Startseite\",\"item\":\"https:\\\/\\\/jdp-law.pl\\\/de\\\/\"},{\"@type\":\"ListItem\",\"position\":2,\"name\":\"Datenschutzhinweise \\\/ DSGVO-Informationsklausel\"}]},{\"@type\":\"WebSite\",\"@id\":\"https:\\\/\\\/jdp-law.pl\\\/de\\\/#website\",\"url\":\"https:\\\/\\\/jdp-law.pl\\\/de\\\/\",\"name\":\"Kanzlei JDP\",\"description\":\"Wir beraten polnische und internationale Konzerne im Bereich Infrastruktur, Vergaberecht, Immobilien, Transport, Bauwesen, Handel, Produktion und Bankdienstleistungen.\",\"publisher\":{\"@id\":\"https:\\\/\\\/jdp-law.pl\\\/de\\\/#organization\"},\"potentialAction\":[{\"@type\":\"SearchAction\",\"target\":{\"@type\":\"EntryPoint\",\"urlTemplate\":\"https:\\\/\\\/jdp-law.pl\\\/de\\\/?s={search_term_string}\"},\"query-input\":{\"@type\":\"PropertyValueSpecification\",\"valueRequired\":true,\"valueName\":\"search_term_string\"}}],\"inLanguage\":\"de\"},{\"@type\":\"Organization\",\"@id\":\"https:\\\/\\\/jdp-law.pl\\\/de\\\/#organization\",\"name\":\"JDP DRAPA\u0141A CHOMIUK & PARTNERS Sp. k.\",\"url\":\"https:\\\/\\\/jdp-law.pl\\\/de\\\/\",\"logo\":{\"@type\":\"ImageObject\",\"inLanguage\":\"de\",\"@id\":\"https:\\\/\\\/jdp-law.pl\\\/de\\\/#\\\/schema\\\/logo\\\/image\\\/\",\"url\":\"https:\\\/\\\/jdp-law.pl\\\/wp-content\\\/uploads\\\/2024\\\/01\\\/logo-jdp-graph.jpg\",\"contentUrl\":\"https:\\\/\\\/jdp-law.pl\\\/wp-content\\\/uploads\\\/2024\\\/01\\\/logo-jdp-graph.jpg\",\"width\":696,\"height\":696,\"caption\":\"JDP DRAPA\u0141A CHOMIUK & PARTNERS Sp. k.\"},\"image\":{\"@id\":\"https:\\\/\\\/jdp-law.pl\\\/de\\\/#\\\/schema\\\/logo\\\/image\\\/\"},\"sameAs\":[\"https:\\\/\\\/www.facebook.com\\\/KancelariaJDP\\\/\",\"https:\\\/\\\/pl.linkedin.com\\\/company\\\/jara-drapala-&-partners\",\"https:\\\/\\\/www.youtube.com\\\/@jdp-law\"],\"legalName\":\"JDP DRAPA\u0141A CHOMIUK & PARTNERS Sp. k.\",\"email\":\"office@jdp-law.pl\",\"telephone\":\"+48 22 246 00 30\",\"faxNumber\":\"+48 22 246 00 31\",\"alternateName\":\"Kanzlei JDP\",\"description\":\"Kanzlei JDP. Wir beraten polnische und internationale Konzerne im Bereich Infrastruktur, Vergaberecht, Immobilien, Transport, Bauwesen, Handel, Produktion und Bankdienstleistungen.\",\"address\":{\"@type\":\"PostalAddress\",\"streetAddress\":\"ul. Bonifraterska 17\",\"addressLocality\":\"Warschau\",\"addressCountry\":\"PL\",\"addressRegion\":\"Masowien\",\"postalCode\":\"00-203\"},\"contactPoint\":{\"@type\":\"ContactPoint\",\"contactType\":\"B\u00fcro\",\"telephone\":\"+48 22 246 00 30\",\"email\":\"office@jdp-law.pl\"}}]}<\/script>\n<!-- \/ Yoast SEO plugin. -->","yoast_head_json":{"title":"Datenschutzhinweise \/ DSGVO-Informationsklausel - Kanzlei JDP","robots":{"index":"noindex","follow":"follow"},"og_locale":"de_DE","og_type":"article","og_title":"Datenschutzhinweise \/ DSGVO-Informationsklausel - Kanzlei JDP","og_description":"DATENSCHUTZ Die f\u00fcr die Datenverarbeitung Verantwortliche ist JDP DRAPA\u0141A CHOMIUK &amp; PARTNERS Sp. k. (nachstehend: \u201eJDP\u201d) mit Sitz in Warszawa [&hellip;]","og_url":"https:\/\/jdp-law.pl\/de\/datenschutz-dsgvo-informationsklausel\/","og_site_name":"Kanzlei JDP","article_publisher":"https:\/\/www.facebook.com\/KancelariaJDP\/","article_modified_time":"2026-01-21T09:38:11+00:00","og_image":[{"url":"false","type":"","width":"","height":""}],"twitter_card":"summary_large_image","twitter_misc":{"Gesch\u00e4tzte Lesezeit":"6\u00a0Minuten"},"schema":{"@context":"https:\/\/schema.org","@graph":[{"@type":"WebPage","@id":"https:\/\/jdp-law.pl\/de\/datenschutz-dsgvo-informationsklausel\/","url":"https:\/\/jdp-law.pl\/de\/datenschutz-dsgvo-informationsklausel\/","name":"Datenschutzhinweise \/ DSGVO-Informationsklausel - Kanzlei JDP","isPartOf":{"@id":"https:\/\/jdp-law.pl\/de\/#website"},"datePublished":"2021-02-27T14:41:35+00:00","dateModified":"2026-01-21T09:38:11+00:00","breadcrumb":{"@id":"https:\/\/jdp-law.pl\/de\/datenschutz-dsgvo-informationsklausel\/#breadcrumb"},"inLanguage":"de","potentialAction":[{"@type":"ReadAction","target":["https:\/\/jdp-law.pl\/de\/datenschutz-dsgvo-informationsklausel\/"]}]},{"@type":"BreadcrumbList","@id":"https:\/\/jdp-law.pl\/de\/datenschutz-dsgvo-informationsklausel\/#breadcrumb","itemListElement":[{"@type":"ListItem","position":1,"name":"Startseite","item":"https:\/\/jdp-law.pl\/de\/"},{"@type":"ListItem","position":2,"name":"Datenschutzhinweise \/ DSGVO-Informationsklausel"}]},{"@type":"WebSite","@id":"https:\/\/jdp-law.pl\/de\/#website","url":"https:\/\/jdp-law.pl\/de\/","name":"Kanzlei JDP","description":"Wir beraten polnische und internationale Konzerne im Bereich Infrastruktur, Vergaberecht, Immobilien, Transport, Bauwesen, Handel, Produktion und Bankdienstleistungen.","publisher":{"@id":"https:\/\/jdp-law.pl\/de\/#organization"},"potentialAction":[{"@type":"SearchAction","target":{"@type":"EntryPoint","urlTemplate":"https:\/\/jdp-law.pl\/de\/?s={search_term_string}"},"query-input":{"@type":"PropertyValueSpecification","valueRequired":true,"valueName":"search_term_string"}}],"inLanguage":"de"},{"@type":"Organization","@id":"https:\/\/jdp-law.pl\/de\/#organization","name":"JDP DRAPA\u0141A CHOMIUK & PARTNERS Sp. k.","url":"https:\/\/jdp-law.pl\/de\/","logo":{"@type":"ImageObject","inLanguage":"de","@id":"https:\/\/jdp-law.pl\/de\/#\/schema\/logo\/image\/","url":"https:\/\/jdp-law.pl\/wp-content\/uploads\/2024\/01\/logo-jdp-graph.jpg","contentUrl":"https:\/\/jdp-law.pl\/wp-content\/uploads\/2024\/01\/logo-jdp-graph.jpg","width":696,"height":696,"caption":"JDP DRAPA\u0141A CHOMIUK & PARTNERS Sp. k."},"image":{"@id":"https:\/\/jdp-law.pl\/de\/#\/schema\/logo\/image\/"},"sameAs":["https:\/\/www.facebook.com\/KancelariaJDP\/","https:\/\/pl.linkedin.com\/company\/jara-drapala-&-partners","https:\/\/www.youtube.com\/@jdp-law"],"legalName":"JDP DRAPA\u0141A CHOMIUK & PARTNERS Sp. k.","email":"office@jdp-law.pl","telephone":"+48 22 246 00 30","faxNumber":"+48 22 246 00 31","alternateName":"Kanzlei JDP","description":"Kanzlei JDP. Wir beraten polnische und internationale Konzerne im Bereich Infrastruktur, Vergaberecht, Immobilien, Transport, Bauwesen, Handel, Produktion und Bankdienstleistungen.","address":{"@type":"PostalAddress","streetAddress":"ul. Bonifraterska 17","addressLocality":"Warschau","addressCountry":"PL","addressRegion":"Masowien","postalCode":"00-203"},"contactPoint":{"@type":"ContactPoint","contactType":"B\u00fcro","telephone":"+48 22 246 00 30","email":"office@jdp-law.pl"}}]}},"_links":{"self":[{"href":"https:\/\/jdp-law.pl\/de\/wp-json\/wp\/v2\/pages\/329","targetHints":{"allow":["GET"]}}],"collection":[{"href":"https:\/\/jdp-law.pl\/de\/wp-json\/wp\/v2\/pages"}],"about":[{"href":"https:\/\/jdp-law.pl\/de\/wp-json\/wp\/v2\/types\/page"}],"author":[{"embeddable":true,"href":"https:\/\/jdp-law.pl\/de\/wp-json\/wp\/v2\/users\/1"}],"replies":[{"embeddable":true,"href":"https:\/\/jdp-law.pl\/de\/wp-json\/wp\/v2\/comments?post=329"}],"version-history":[{"count":3,"href":"https:\/\/jdp-law.pl\/de\/wp-json\/wp\/v2\/pages\/329\/revisions"}],"predecessor-version":[{"id":502311224,"href":"https:\/\/jdp-law.pl\/de\/wp-json\/wp\/v2\/pages\/329\/revisions\/502311224"}],"wp:attachment":[{"href":"https:\/\/jdp-law.pl\/de\/wp-json\/wp\/v2\/media?parent=329"}],"curies":[{"name":"wp","href":"https:\/\/api.w.org\/{rel}","templated":true}]}}