{"id":12417,"date":"2024-10-23T21:46:19","date_gmt":"2024-10-23T19:46:19","guid":{"rendered":"https:\/\/jdp-law.pl\/?page_id=12417"},"modified":"2025-09-16T23:47:48","modified_gmt":"2025-09-16T21:47:48","slug":"infrastructure-and-construction","status":"publish","type":"page","link":"https:\/\/jdp-law.pl\/en\/infrastructure-and-construction\/","title":{"rendered":"Infrastructure and construction industry"},"content":{"rendered":"<p>On the Polish legal market we are one of the leaders in providing legal advice to general contractors, subcontractors, investors and design companies implementing complex construction and infrastructure investments (roads, engineering, large-scale projects, power engineering, public utility facilities, sports facilities, industrial facilities). We have been advising our clients for 20 years on the largest infrastructure and construction projects in Poland and representing parties in related court and arbitration disputes.<\/p>\n<p>In The Legal 500, an international ranking of law firms, (for 2018, 2019 and 2020), our law firm was recognised as a\u00a0<em>Leading Firm<\/em>\u00a0(Top Tier) in the\u00a0<em>Construction\/Construction disputes<\/em>\u00a0category<em>,<\/em>\u00a0and Prof. Przemys\u0142aw Drapa\u0142a was awarded the\u00a0<em>Leading<\/em>\u00a0<em>Individual in Poland\u00a0<\/em>title in this category.<\/p>\n<p>Our lawyers have unique experience in disputes concerning (i) remuneration increases due to unpredictable market changes (e.g., increase in prices of materials and services in the construction market); (ii) claims of the parties arising in connection with withdrawal from a contract, and (iii) prohibition of payment under a bank guarantee (unjustified drawing on the guarantee).<\/p>\n<p>Moreover, we successfully advise our clients on matters concerning, among others, claims for delays in construction site handover, faulty design documentation, payment and increase of remuneration, settlement of completed additional and substitute works, general construction costs, charged liquidated damages, performance of warranty or guarantees of quality, as well as other claims arising in the course of the execution of construction investment projects.<\/p>\n<p>Selected projects:<\/p>\n<h2>Road and bridge infrastructure:<\/h2>\n<ul>\n<li>Advising a general contractor constructing a section of the S-7 expressway (Zakopianka) with the longest tunnel in Poland, contracting authority: General Directorate for National Roads and Motorways (GDDKiA); project value: over PLN 1 billion;<\/li>\n<li>Advising a general contractor constructing the S-5 (Wroc\u0142aw-Pozna\u0144) expressway section; contracting authority: General Directorate for National Road and Motorways (GDDKiA), project value: over PLN 1 billion;<\/li>\n<li>Advising a general contractor extending the S-8 expressway (M\u0119\u017cenin-Je\u017cewo section); contracting authority: General Directorate for National Road and Motorways (GDDKiA); project value: over PLN 440 million;<\/li>\n<li>Advising a general contractor extending the S-8 expressway (Wi\u015bniewo-M\u0119\u017cenin section); contracting authority: General Directorate for National Road and Motorways (GDDKiA); project value: over PLN 434 million;<\/li>\n<li>Advising a general contractor constructing a S-6 expressway section (Nowogard-P\u0142oty); contracting authority: General Directorate for National Road and Motorways (GDDKiA); project value: almost PLN 400 million;<\/li>\n<li>Advising a general contractor constructing a S-51 expressway section (Olsztyn-Olsztynek); contracting authority: General Directorate for National Road and Motorways (GDDKiA); project value: over PLN 321 million;<\/li>\n<li>Advising and representing a general contractor in a dispute concerning the construction of the A4 motorway (Tarn\u00f3w-Rzesz\u00f3w); total value of claims: over PLN 208 million.<\/li>\n<\/ul>\n<h2>Railway infrastructure:<\/h2>\n<ul>\n<li>Advising a consortium of contractors and legal assistance regarding claims in connection with the construction of Rail Baltica (E75 Czy\u017cew-Bia\u0142ystok); project value: PLN 3 billion;<\/li>\n<li>Advising a consortium of contractors constructing the GSM-R system within a railway line across Poland; contracting authority: PKP Polskie Linie Kolejowe S.A., project value: approx. PLN 2.8 billion;<\/li>\n<li>Advising a general contractor constructing \u0141\u00f3dzki Tunel \u015arednicowy (cross-city tunnel in \u0141\u00f3d\u017a); contracting authority: PKP Polskie Linie Kolejowe S.A.; project value: over PLN\u00a01.6 billion;<\/li>\n<li>Advising a general contractor performing two tasks as part of the construction of the Szczecin Metropolitan Railway; project value: over PLN 600 million;<\/li>\n<li>Advising a general contractor on the performance of works regarding railway line 8 (Warka-Radom section); project value: over PLN 500 million;<\/li>\n<li>Advising a general contractor modernising sections of railway lines 61 and 700 (Cz\u0119stochowa-Fosowskie); contracting authority: PKP Polskie Linie Kolejowe S.A., project value: over PLN 270 million;<\/li>\n<li>Advising a general contractor constructing the Warsaw West-Warsaw Ok\u0119cie railway line (rail connection to the Ok\u0119cie airport); contracting authority: PKP Polskie Linie Kolejowe S.A., project value: over PLN 230 million;<\/li>\n<li>Advising a general contractor constructing a section of railway line 213 (Reda-Hel); project value: over PLN 114 million;<\/li>\n<li>Representing a railway vehicle manufacturer in arbitration proceedings before the Polish Chamber of Commerce; value in dispute: over PLN 104 million;<\/li>\n<li>Advising a general contractor modernising and revitalising a section of railway line 201; contracting authority: PKP Polskie Linie Kolejowe S.A., project value: over PLN 100 million.<\/li>\n<\/ul>\n<h2>Energy Infrastructure:<\/h2>\n<ul>\n<li>Advising an investor in connection with the EPC performance of an investment project involving the construction of a power plant with a 600 MWe gas-steam unit; project value: over PLN 1.6 billion;<\/li>\n<li>Advising an investor on the execution of production facilities (polypropylene, propylene glycol) and on investment projects of Grupa Azoty; project values: PLN 1.6\u20136.5 billion;<\/li>\n<li>Advising a general contractor modernising a boiler furnace system in units 7\u201312 in the PGE Be\u0142chat\u00f3w Power Plant; contracting entity: PGE GiEK; project value: over PLN 1.9 billion;<\/li>\n<li>Advising a leader of a construction of general contractors extending a LNG terminal; contracting entity: Gaz-System;<\/li>\n<li>Advising a consortium of Polish and foreign companies on the EPC modernisation of units 4\u20136 in the Tur\u00f3w Power Plant; contracting entity: PGE GiEK; project value: over PLN 625 million;<\/li>\n<li>Advising a general contractor constructing a Baltic Pipe section; contracting entity: Gaz-System, project value: approx. PLN 550 million;<\/li>\n<li>Advising a general contractor in connection with amending an EPC agreement \u2013 new 1,075 MW supercritical unit in the Kozienice Power Plant; project value approx. PLN 5.1 billion.<\/li>\n<\/ul>\n<h2>Industrial facilities \/ Large-scale construction projects:<\/h2>\n<ul>\n<li>Advising general contractors constructing the National Stadium in Warsaw; contracting authority: State Treasury \u2013 Ministry of Sports and Tourism and the National Sports Centre (SPV); project value: over PLN 1.5 billion;<\/li>\n<li>Advising a private investor (European manufacturer from the metal and road maintenance sector) throughout the entire process of preparing and constructing the largest hot-dip galvanising plant in Central and Eastern Europe, located in Inowroc\u0142aw;<\/li>\n<li>Advising a private investor (global manufacturer from the automotive industry) in connection with the expansion of production plants in Tychy and K\u0119dzierzyn-Ko\u017ale;<\/li>\n<li>Advising a private investor (European group from the medical device manufacturing sector) on the expansion and modernisation of its production plant;<\/li>\n<li>Advising a private investor (manufacturer of hygiene products) on the expansion of a production plant in Klucze;<\/li>\n<li>Advising general contractors constructing the stadium in Gda\u0144sk (Arena Gda\u0144sk); contracting authority: City of Gda\u0144sk and BIEG 2012 Sp. z o.o.; project value: over PLN 780 million;<\/li>\n<li>Advising a leading general contractor in connection with the development of one of the largest passenger terminals in Poland; contract value: approximately PLN 370 million;<\/li>\n<li>Advising a private investor (foreign manufacturer of medical devices) in connection with the expansion of its production plant in K\u0142obuck<u>;<\/u><\/li>\n<li>Advising American operators of data centres in connection with projects in Poland;<\/li>\n<li>Advising a leading group in Europe and Asia on the expansion of a tobacco drying plant with an innovative production line;<\/li>\n<li>Contract counselling for a Polish company implementing an investment project (an exhibition pavilion) in Italy, as well as representing the company in a number of litigations.<\/li>\n<\/ul>\n<h2>Water infrastructure:<\/h2>\n<ul>\n<li>Advising general contractors modernising the Nysa water reservoir with regard to flood safety in litigation with a public contracting authority;<\/li>\n<li>Advising a general contractor constructing a yacht marina in Szczecin in litigation with a public contracting authority;<\/li>\n<li>Advising a general contractor executing the programme and spatial concept and comprehensive technical documentation for the restoration of the Ko\u017cuszna Canal river;<\/li>\n<li>Advising a general contractor modernising and improving the Flood Canal and the Old Oder River in litigation with a public contracting authority;<\/li>\n<li>Advising a general contractor modernising the \u015awinouj\u015bcie-Szczecin waterway (the Piast Canal and Mielin Canal) in litigation with a public contracting authority.<\/li>\n<\/ul>\n","protected":false},"excerpt":{"rendered":"<p>On the Polish legal market we are one of the leaders in providing legal advice to general contractors, subcontractors, investors [&hellip;]<\/p>\n","protected":false},"author":19,"featured_media":2245,"parent":0,"menu_order":26,"comment_status":"closed","ping_status":"closed","template":"templates\/industries.php","meta":{"_acf_changed":false,"footnotes":""},"class_list":["post-12417","page","type-page","status-publish","has-post-thumbnail","hentry"],"acf":[],"yoast_head":"<!-- This site is optimized with the Yoast SEO plugin v27.4 - https:\/\/yoast.com\/product\/yoast-seo-wordpress\/ -->\n<title>Infrastructure and Construction Industry- Legal Advisory - JDP Law Firm<\/title>\n<meta name=\"description\" content=\"JDP Law Firm provides legal advisory services in infrastructure and construction. We support investors and contractors at every stage of the project.\" \/>\n<meta name=\"robots\" content=\"index, follow, max-snippet:-1, max-image-preview:large, max-video-preview:-1\" \/>\n<link rel=\"canonical\" href=\"https:\/\/jdp-law.pl\/en\/infrastructure-and-construction\/\" \/>\n<meta property=\"og:locale\" content=\"en_US\" \/>\n<meta property=\"og:type\" content=\"article\" \/>\n<meta property=\"og:title\" content=\"Infrastructure and Construction Industry- Legal Advisory - JDP Law Firm\" \/>\n<meta property=\"og:description\" content=\"JDP Law Firm provides legal advisory services in infrastructure and construction. We support investors and contractors at every stage of the project.\" \/>\n<meta property=\"og:url\" content=\"https:\/\/jdp-law.pl\/en\/infrastructure-and-construction\/\" \/>\n<meta property=\"og:site_name\" content=\"JDP Law Firm\" \/>\n<meta property=\"article:publisher\" content=\"https:\/\/www.facebook.com\/KancelariaJDP\/\" \/>\n<meta property=\"article:modified_time\" content=\"2025-09-16T21:47:48+00:00\" \/>\n<meta property=\"og:image\" content=\"https:\/\/jdp-law.pl\/wp-content\/uploads\/2021\/03\/Infrastruktura-i-budownictwo.jpg\" \/>\n\t<meta property=\"og:image:width\" content=\"538\" \/>\n\t<meta property=\"og:image:height\" content=\"476\" \/>\n\t<meta property=\"og:image:type\" content=\"image\/jpeg\" \/>\n<meta name=\"twitter:card\" content=\"summary_large_image\" \/>\n<meta name=\"twitter:label1\" content=\"Est. reading time\" \/>\n\t<meta name=\"twitter:data1\" content=\"8 minutes\" \/>\n<script type=\"application\/ld+json\" class=\"yoast-schema-graph\">{\"@context\":\"https:\\\/\\\/schema.org\",\"@graph\":[{\"@type\":\"WebPage\",\"@id\":\"https:\\\/\\\/jdp-law.pl\\\/en\\\/infrastructure-and-construction\\\/\",\"url\":\"https:\\\/\\\/jdp-law.pl\\\/en\\\/infrastructure-and-construction\\\/\",\"name\":\"Infrastructure and Construction Industry- Legal Advisory - JDP Law Firm\",\"isPartOf\":{\"@id\":\"https:\\\/\\\/jdp-law.pl\\\/en\\\/#website\"},\"primaryImageOfPage\":{\"@id\":\"https:\\\/\\\/jdp-law.pl\\\/en\\\/infrastructure-and-construction\\\/#primaryimage\"},\"image\":{\"@id\":\"https:\\\/\\\/jdp-law.pl\\\/en\\\/infrastructure-and-construction\\\/#primaryimage\"},\"thumbnailUrl\":\"https:\\\/\\\/jdp-law.pl\\\/wp-content\\\/uploads\\\/2021\\\/03\\\/Infrastruktura-i-budownictwo.jpg\",\"datePublished\":\"2024-10-23T19:46:19+00:00\",\"dateModified\":\"2025-09-16T21:47:48+00:00\",\"description\":\"JDP Law Firm provides legal advisory services in infrastructure and construction. We support investors and contractors at every stage of the project.\",\"breadcrumb\":{\"@id\":\"https:\\\/\\\/jdp-law.pl\\\/en\\\/infrastructure-and-construction\\\/#breadcrumb\"},\"inLanguage\":\"en-US\",\"potentialAction\":[{\"@type\":\"ReadAction\",\"target\":[\"https:\\\/\\\/jdp-law.pl\\\/en\\\/infrastructure-and-construction\\\/\"]}]},{\"@type\":\"ImageObject\",\"inLanguage\":\"en-US\",\"@id\":\"https:\\\/\\\/jdp-law.pl\\\/en\\\/infrastructure-and-construction\\\/#primaryimage\",\"url\":\"https:\\\/\\\/jdp-law.pl\\\/wp-content\\\/uploads\\\/2021\\\/03\\\/Infrastruktura-i-budownictwo.jpg\",\"contentUrl\":\"https:\\\/\\\/jdp-law.pl\\\/wp-content\\\/uploads\\\/2021\\\/03\\\/Infrastruktura-i-budownictwo.jpg\",\"width\":538,\"height\":476},{\"@type\":\"BreadcrumbList\",\"@id\":\"https:\\\/\\\/jdp-law.pl\\\/en\\\/infrastructure-and-construction\\\/#breadcrumb\",\"itemListElement\":[{\"@type\":\"ListItem\",\"position\":1,\"name\":\"Home\",\"item\":\"https:\\\/\\\/jdp-law.pl\\\/en\\\/\"},{\"@type\":\"ListItem\",\"position\":2,\"name\":\"Infrastructure and construction industry\"}]},{\"@type\":\"WebSite\",\"@id\":\"https:\\\/\\\/jdp-law.pl\\\/en\\\/#website\",\"url\":\"https:\\\/\\\/jdp-law.pl\\\/en\\\/\",\"name\":\"JDP Law Firm\",\"description\":\"We advise Polish and foreign large entities across the following sectors: infrastructure, public procurement, real estate, transport, construction, commerce, production, banking.\",\"publisher\":{\"@id\":\"https:\\\/\\\/jdp-law.pl\\\/en\\\/#organization\"},\"potentialAction\":[{\"@type\":\"SearchAction\",\"target\":{\"@type\":\"EntryPoint\",\"urlTemplate\":\"https:\\\/\\\/jdp-law.pl\\\/en\\\/?s={search_term_string}\"},\"query-input\":{\"@type\":\"PropertyValueSpecification\",\"valueRequired\":true,\"valueName\":\"search_term_string\"}}],\"inLanguage\":\"en-US\"},{\"@type\":\"Organization\",\"@id\":\"https:\\\/\\\/jdp-law.pl\\\/en\\\/#organization\",\"name\":\"JDP DRAPA\u0141A CHOMIUK & PARTNERS Sp. k.\",\"url\":\"https:\\\/\\\/jdp-law.pl\\\/en\\\/\",\"logo\":{\"@type\":\"ImageObject\",\"inLanguage\":\"en-US\",\"@id\":\"https:\\\/\\\/jdp-law.pl\\\/en\\\/#\\\/schema\\\/logo\\\/image\\\/\",\"url\":\"https:\\\/\\\/jdp-law.pl\\\/wp-content\\\/uploads\\\/2024\\\/01\\\/logo-jdp-graph.jpg\",\"contentUrl\":\"https:\\\/\\\/jdp-law.pl\\\/wp-content\\\/uploads\\\/2024\\\/01\\\/logo-jdp-graph.jpg\",\"width\":696,\"height\":696,\"caption\":\"JDP DRAPA\u0141A CHOMIUK & PARTNERS Sp. k.\"},\"image\":{\"@id\":\"https:\\\/\\\/jdp-law.pl\\\/en\\\/#\\\/schema\\\/logo\\\/image\\\/\"},\"sameAs\":[\"https:\\\/\\\/www.facebook.com\\\/KancelariaJDP\\\/\",\"https:\\\/\\\/pl.linkedin.com\\\/company\\\/jara-drapala-&-partners\",\"https:\\\/\\\/www.youtube.com\\\/@jdp-law\"],\"legalName\":\"JDP DRAPA\u0141A CHOMIUK & PARTNERS Sp. k.\",\"email\":\"office@jdp-law.pl\",\"telephone\":\"+48 22 246 00 30\",\"faxNumber\":\"+48 22 246 00 31\",\"alternateName\":\"JDP Law Firm\",\"description\":\"JDP Law Firm. We advise Polish and foreign large entities across the following sectors: infrastructure, public procurement, real estate, transport, construction, commerce, production, banking.\",\"address\":{\"@type\":\"PostalAddress\",\"streetAddress\":\"ul. Bonifraterska 17\",\"addressLocality\":\"Warsaw\",\"addressCountry\":\"PL\",\"addressRegion\":\"Masovian\",\"postalCode\":\"00-203\"},\"contactPoint\":{\"@type\":\"ContactPoint\",\"contactType\":\"Office\",\"telephone\":\"+48 22 246 00 30\",\"email\":\"office@jdp-law.pl\"}}]}<\/script>\n<!-- \/ Yoast SEO plugin. -->","yoast_head_json":{"title":"Infrastructure and Construction Industry- Legal Advisory - JDP Law Firm","description":"JDP Law Firm provides legal advisory services in infrastructure and construction. We support investors and contractors at every stage of the project.","robots":{"index":"index","follow":"follow","max-snippet":"max-snippet:-1","max-image-preview":"max-image-preview:large","max-video-preview":"max-video-preview:-1"},"canonical":"https:\/\/jdp-law.pl\/en\/infrastructure-and-construction\/","og_locale":"en_US","og_type":"article","og_title":"Infrastructure and Construction Industry- Legal Advisory - JDP Law Firm","og_description":"JDP Law Firm provides legal advisory services in infrastructure and construction. We support investors and contractors at every stage of the project.","og_url":"https:\/\/jdp-law.pl\/en\/infrastructure-and-construction\/","og_site_name":"JDP Law Firm","article_publisher":"https:\/\/www.facebook.com\/KancelariaJDP\/","article_modified_time":"2025-09-16T21:47:48+00:00","og_image":[{"width":538,"height":476,"url":"https:\/\/jdp-law.pl\/wp-content\/uploads\/2021\/03\/Infrastruktura-i-budownictwo.jpg","type":"image\/jpeg"}],"twitter_card":"summary_large_image","twitter_misc":{"Est. reading time":"8 minutes"},"schema":{"@context":"https:\/\/schema.org","@graph":[{"@type":"WebPage","@id":"https:\/\/jdp-law.pl\/en\/infrastructure-and-construction\/","url":"https:\/\/jdp-law.pl\/en\/infrastructure-and-construction\/","name":"Infrastructure and Construction Industry- Legal Advisory - JDP Law Firm","isPartOf":{"@id":"https:\/\/jdp-law.pl\/en\/#website"},"primaryImageOfPage":{"@id":"https:\/\/jdp-law.pl\/en\/infrastructure-and-construction\/#primaryimage"},"image":{"@id":"https:\/\/jdp-law.pl\/en\/infrastructure-and-construction\/#primaryimage"},"thumbnailUrl":"https:\/\/jdp-law.pl\/wp-content\/uploads\/2021\/03\/Infrastruktura-i-budownictwo.jpg","datePublished":"2024-10-23T19:46:19+00:00","dateModified":"2025-09-16T21:47:48+00:00","description":"JDP Law Firm provides legal advisory services in infrastructure and construction. We support investors and contractors at every stage of the project.","breadcrumb":{"@id":"https:\/\/jdp-law.pl\/en\/infrastructure-and-construction\/#breadcrumb"},"inLanguage":"en-US","potentialAction":[{"@type":"ReadAction","target":["https:\/\/jdp-law.pl\/en\/infrastructure-and-construction\/"]}]},{"@type":"ImageObject","inLanguage":"en-US","@id":"https:\/\/jdp-law.pl\/en\/infrastructure-and-construction\/#primaryimage","url":"https:\/\/jdp-law.pl\/wp-content\/uploads\/2021\/03\/Infrastruktura-i-budownictwo.jpg","contentUrl":"https:\/\/jdp-law.pl\/wp-content\/uploads\/2021\/03\/Infrastruktura-i-budownictwo.jpg","width":538,"height":476},{"@type":"BreadcrumbList","@id":"https:\/\/jdp-law.pl\/en\/infrastructure-and-construction\/#breadcrumb","itemListElement":[{"@type":"ListItem","position":1,"name":"Home","item":"https:\/\/jdp-law.pl\/en\/"},{"@type":"ListItem","position":2,"name":"Infrastructure and construction industry"}]},{"@type":"WebSite","@id":"https:\/\/jdp-law.pl\/en\/#website","url":"https:\/\/jdp-law.pl\/en\/","name":"JDP Law Firm","description":"We advise Polish and foreign large entities across the following sectors: infrastructure, public procurement, real estate, transport, construction, commerce, production, banking.","publisher":{"@id":"https:\/\/jdp-law.pl\/en\/#organization"},"potentialAction":[{"@type":"SearchAction","target":{"@type":"EntryPoint","urlTemplate":"https:\/\/jdp-law.pl\/en\/?s={search_term_string}"},"query-input":{"@type":"PropertyValueSpecification","valueRequired":true,"valueName":"search_term_string"}}],"inLanguage":"en-US"},{"@type":"Organization","@id":"https:\/\/jdp-law.pl\/en\/#organization","name":"JDP DRAPA\u0141A CHOMIUK & PARTNERS Sp. k.","url":"https:\/\/jdp-law.pl\/en\/","logo":{"@type":"ImageObject","inLanguage":"en-US","@id":"https:\/\/jdp-law.pl\/en\/#\/schema\/logo\/image\/","url":"https:\/\/jdp-law.pl\/wp-content\/uploads\/2024\/01\/logo-jdp-graph.jpg","contentUrl":"https:\/\/jdp-law.pl\/wp-content\/uploads\/2024\/01\/logo-jdp-graph.jpg","width":696,"height":696,"caption":"JDP DRAPA\u0141A CHOMIUK & PARTNERS Sp. k."},"image":{"@id":"https:\/\/jdp-law.pl\/en\/#\/schema\/logo\/image\/"},"sameAs":["https:\/\/www.facebook.com\/KancelariaJDP\/","https:\/\/pl.linkedin.com\/company\/jara-drapala-&-partners","https:\/\/www.youtube.com\/@jdp-law"],"legalName":"JDP DRAPA\u0141A CHOMIUK & PARTNERS Sp. k.","email":"office@jdp-law.pl","telephone":"+48 22 246 00 30","faxNumber":"+48 22 246 00 31","alternateName":"JDP Law Firm","description":"JDP Law Firm. We advise Polish and foreign large entities across the following sectors: infrastructure, public procurement, real estate, transport, construction, commerce, production, banking.","address":{"@type":"PostalAddress","streetAddress":"ul. Bonifraterska 17","addressLocality":"Warsaw","addressCountry":"PL","addressRegion":"Masovian","postalCode":"00-203"},"contactPoint":{"@type":"ContactPoint","contactType":"Office","telephone":"+48 22 246 00 30","email":"office@jdp-law.pl"}}]}},"_links":{"self":[{"href":"https:\/\/jdp-law.pl\/en\/wp-json\/wp\/v2\/pages\/12417","targetHints":{"allow":["GET"]}}],"collection":[{"href":"https:\/\/jdp-law.pl\/en\/wp-json\/wp\/v2\/pages"}],"about":[{"href":"https:\/\/jdp-law.pl\/en\/wp-json\/wp\/v2\/types\/page"}],"author":[{"embeddable":true,"href":"https:\/\/jdp-law.pl\/en\/wp-json\/wp\/v2\/users\/19"}],"replies":[{"embeddable":true,"href":"https:\/\/jdp-law.pl\/en\/wp-json\/wp\/v2\/comments?post=12417"}],"version-history":[{"count":9,"href":"https:\/\/jdp-law.pl\/en\/wp-json\/wp\/v2\/pages\/12417\/revisions"}],"predecessor-version":[{"id":14321,"href":"https:\/\/jdp-law.pl\/en\/wp-json\/wp\/v2\/pages\/12417\/revisions\/14321"}],"wp:featuredmedia":[{"embeddable":true,"href":"https:\/\/jdp-law.pl\/en\/wp-json\/wp\/v2\/media\/2245"}],"wp:attachment":[{"href":"https:\/\/jdp-law.pl\/en\/wp-json\/wp\/v2\/media?parent=12417"}],"curies":[{"name":"wp","href":"https:\/\/api.w.org\/{rel}","templated":true}]}}