{"id":3080,"date":"2021-03-21T12:12:36","date_gmt":"2021-03-21T11:12:36","guid":{"rendered":"https:\/\/jdp-law.pl\/?page_id=3080"},"modified":"2021-03-21T12:38:51","modified_gmt":"2021-03-21T11:38:51","slug":"newsletter","status":"publish","type":"page","link":"https:\/\/jdp-law.pl\/en\/newsletter\/","title":{"rendered":"Newsletter"},"content":{"rendered":"\n<div class=\"wpcf7 no-js\" id=\"wpcf7-f3087-o1\" lang=\"pl-PL\" dir=\"ltr\" data-wpcf7-id=\"3087\">\n<div class=\"screen-reader-response\"><p role=\"status\" aria-live=\"polite\" aria-atomic=\"true\"><\/p> <ul><\/ul><\/div>\n<form action=\"\/en\/wp-json\/wp\/v2\/pages\/3080#wpcf7-f3087-o1\" method=\"post\" class=\"wpcf7-form init\" aria-label=\"Formularz kontaktowy\" novalidate=\"novalidate\" data-status=\"init\">\n<fieldset class=\"hidden-fields-container\"><input type=\"hidden\" name=\"_wpcf7\" value=\"3087\" \/><input type=\"hidden\" name=\"_wpcf7_version\" value=\"6.1.5\" \/><input type=\"hidden\" name=\"_wpcf7_locale\" value=\"pl_PL\" \/><input type=\"hidden\" name=\"_wpcf7_unit_tag\" value=\"wpcf7-f3087-o1\" \/><input type=\"hidden\" name=\"_wpcf7_container_post\" value=\"0\" \/><input type=\"hidden\" name=\"_wpcf7_posted_data_hash\" value=\"\" \/><input type=\"hidden\" name=\"_wpcf7_recaptcha_response\" value=\"\" \/>\n<\/fieldset>\n<div class=\"row\">\n\t<div class=\"col-md-6\">\n\t\t<p><label>First name<\/label><span class=\"wpcf7-form-control-wrap\" data-name=\"firstname\"><input size=\"40\" maxlength=\"400\" class=\"wpcf7-form-control wpcf7-text wpcf7-validates-as-required\" aria-required=\"true\" aria-invalid=\"false\" placeholder=\"First name\" value=\"\" type=\"text\" name=\"firstname\" \/><\/span>\n\t\t<\/p>\n\t<\/div>\n\t<div class=\"col-md-6\">\n\t\t<p><label>Last name<\/label><span class=\"wpcf7-form-control-wrap\" data-name=\"lastname\"><input size=\"40\" maxlength=\"400\" class=\"wpcf7-form-control wpcf7-text wpcf7-validates-as-required\" aria-required=\"true\" aria-invalid=\"false\" placeholder=\"Last name\" value=\"\" type=\"text\" name=\"lastname\" \/><\/span>\n\t\t<\/p>\n\t<\/div>\n\t<div class=\"col-md-6\">\n\t\t<p><label>Company name<\/label><span class=\"wpcf7-form-control-wrap\" data-name=\"gr4wp_custom_firma\"><input size=\"40\" maxlength=\"400\" class=\"wpcf7-form-control wpcf7-text wpcf7-validates-as-required\" aria-required=\"true\" aria-invalid=\"false\" placeholder=\"Company name\" value=\"\" type=\"text\" name=\"gr4wp_custom_firma\" \/><\/span>\n\t\t<\/p>\n\t<\/div>\n\t<div class=\"col-md-6\">\n\t\t<p><label>Position<\/label><span class=\"wpcf7-form-control-wrap\" data-name=\"gr4wp_custom_stanowisko_z_wizytowki_stopki\"><input size=\"40\" maxlength=\"400\" class=\"wpcf7-form-control wpcf7-text wpcf7-validates-as-required\" aria-required=\"true\" aria-invalid=\"false\" placeholder=\"Position\" value=\"\" type=\"text\" name=\"gr4wp_custom_stanowisko_z_wizytowki_stopki\" \/><\/span>\n\t\t<\/p>\n\t<\/div>\n\t<div class=\"col-md-6\">\n\t\t<p><label>E-mail address<\/label><span class=\"wpcf7-form-control-wrap\" data-name=\"email\"><input size=\"40\" maxlength=\"400\" class=\"wpcf7-form-control wpcf7-email wpcf7-validates-as-required wpcf7-text wpcf7-validates-as-email\" aria-required=\"true\" aria-invalid=\"false\" placeholder=\"E-mail address\" value=\"\" type=\"email\" name=\"email\" \/><\/span>\n\t\t<\/p>\n\t<\/div>\n\t<div class=\"col-md-6\">\n\t\t<p><label>Mobile phone number<\/label><span class=\"wpcf7-form-control-wrap\" data-name=\"gr4wp_mobile_phone\"><input size=\"40\" maxlength=\"400\" class=\"wpcf7-form-control wpcf7-tel wpcf7-validates-as-required wpcf7-text wpcf7-validates-as-tel\" aria-required=\"true\" aria-invalid=\"false\" placeholder=\"Mobile phone number\" value=\"\" type=\"tel\" name=\"gr4wp_mobile_phone\" \/><\/span>\n\t\t<\/p>\n\t<\/div>\n<\/div>\n<div class=\"selctions-section\">\n\t<p><label class=\"selections-label\">Fields you are interested in:<\/label><span class=\"wpcf7-form-control-wrap\" data-name=\"gr4wp_custom_tematyka\"><span class=\"wpcf7-form-control wpcf7-checkbox wpcf7-validates-as-required\"><span class=\"wpcf7-list-item first\"><label><input type=\"checkbox\" name=\"gr4wp_custom_tematyka[]\" value=\"Post\u0119powania s\u0105dowe i arbitra\u017cowe\" \/><span class=\"wpcf7-list-item-label\">Post\u0119powania s\u0105dowe i arbitra\u017cowe<\/span><\/label><\/span><span class=\"wpcf7-list-item\"><label><input type=\"checkbox\" name=\"gr4wp_custom_tematyka[]\" value=\"Infrastruktura i budownictwo\" \/><span class=\"wpcf7-list-item-label\">Infrastruktura i budownictwo<\/span><\/label><\/span><span class=\"wpcf7-list-item\"><label><input type=\"checkbox\" name=\"gr4wp_custom_tematyka[]\" value=\"Prawo sp\u00f3\u0142ek \/ Transakcje\" \/><span class=\"wpcf7-list-item-label\">Prawo sp\u00f3\u0142ek \/ Transakcje<\/span><\/label><\/span><span class=\"wpcf7-list-item\"><label><input type=\"checkbox\" name=\"gr4wp_custom_tematyka[]\" value=\"Real Estate\" \/><span class=\"wpcf7-list-item-label\">Real Estate<\/span><\/label><\/span><span class=\"wpcf7-list-item\"><label><input type=\"checkbox\" name=\"gr4wp_custom_tematyka[]\" value=\"Prawo zam\u00f3wie\u0144 publicznych\" \/><span class=\"wpcf7-list-item-label\">Prawo zam\u00f3wie\u0144 publicznych<\/span><\/label><\/span><span class=\"wpcf7-list-item\"><label><input type=\"checkbox\" name=\"gr4wp_custom_tematyka[]\" value=\"Prawo pracy\" \/><span class=\"wpcf7-list-item-label\">Prawo pracy<\/span><\/label><\/span><span class=\"wpcf7-list-item\"><label><input type=\"checkbox\" name=\"gr4wp_custom_tematyka[]\" value=\"Ochrona danych osobowych\" \/><span class=\"wpcf7-list-item-label\">Ochrona danych osobowych<\/span><\/label><\/span><span class=\"wpcf7-list-item\"><label><input type=\"checkbox\" name=\"gr4wp_custom_tematyka[]\" value=\"Podatki\" \/><span class=\"wpcf7-list-item-label\">Podatki<\/span><\/label><\/span><span class=\"wpcf7-list-item\"><label><input type=\"checkbox\" name=\"gr4wp_custom_tematyka[]\" value=\"Compliance\" \/><span class=\"wpcf7-list-item-label\">Compliance<\/span><\/label><\/span><span class=\"wpcf7-list-item\"><label><input type=\"checkbox\" name=\"gr4wp_custom_tematyka[]\" value=\"Nowe technologie\" \/><span class=\"wpcf7-list-item-label\">Nowe technologie<\/span><\/label><\/span><span class=\"wpcf7-list-item\"><label><input type=\"checkbox\" name=\"gr4wp_custom_tematyka[]\" value=\"White Collar Crime\" \/><span class=\"wpcf7-list-item-label\">White Collar Crime<\/span><\/label><\/span><span class=\"wpcf7-list-item\"><label><input type=\"checkbox\" name=\"gr4wp_custom_tematyka[]\" value=\"Energetyka i \u017ar\u00f3d\u0142a odnawialne\" \/><span class=\"wpcf7-list-item-label\">Energetyka i \u017ar\u00f3d\u0142a odnawialne<\/span><\/label><\/span><span class=\"wpcf7-list-item\"><label><input type=\"checkbox\" name=\"gr4wp_custom_tematyka[]\" value=\"Prawo konkurencji i ochrona konsument\u00f3w\" \/><span class=\"wpcf7-list-item-label\">Prawo konkurencji i ochrona konsument\u00f3w<\/span><\/label><\/span><span class=\"wpcf7-list-item\"><label><input type=\"checkbox\" name=\"gr4wp_custom_tematyka[]\" value=\"ESG\" \/><span class=\"wpcf7-list-item-label\">ESG<\/span><\/label><\/span><span class=\"wpcf7-list-item last\"><label><input type=\"checkbox\" name=\"gr4wp_custom_tematyka[]\" value=\"Zaznacz wszystkie\" \/><span class=\"wpcf7-list-item-label\">Zaznacz wszystkie<\/span><\/label><\/span><\/span><\/span>\n\t<\/p>\n<\/div>\n<div class=\"agree-section\">\n\t<p><span class=\"wpcf7-form-control-wrap\" data-name=\"gr4wp_custom_www_marketing_consent\"><span class=\"wpcf7-form-control wpcf7-acceptance\"><span class=\"wpcf7-list-item\"><label><input type=\"checkbox\" name=\"gr4wp_custom_www_marketing_consent\" value=\"1\" aria-invalid=\"false\" \/><span class=\"wpcf7-list-item-label\">I would like to receive information on practicing a legal profession and JDP\u2019s activities (newsletters, alerts, information about seminars and other events) from JDP DRAPA\u0141A CHOMIUK & PARTNERS Sp. k. to the indicated email address.<\/span><\/label><\/span><\/span><\/span>\n\t<\/p>\n<\/div>\n<div class=\"info-section\">\n\t<p>By completing this newsletter sign up form with your first and last name, email address, and the fields that interest you, and clicking \u201cSubmit\u201d, you consent to the processing of the entered personal data by JDP DRAPA\u0141A CHOMIUK & PARTNERS Sp. k. for the purposes of informing you about practicing a legal profession and JDP\u2019s activities (newsletters, alerts, information about seminars and other events).<br \/>\nYou can revoke your consent at any time which will not affect the lawfulness of processing based on the consent before it has been revoked.<br \/>\nThe controller of your data is JDP DRAPA\u0141A CHOMIUK & PARTNERS Sp. k. with its registered office in Warsaw, ul. Bonifraterska 17, 00-203. We process your personal data for the purposes of, among other things, informing you about practicing a legal profession and JDP\u2019s activities. You will find more information on the processing of personal data, including your rights, in our <a href=\"https:\/\/jdp-law.pl\/en\/privacy-notice-newsletter\/\" target=\"_blank\">privacy notice<\/a>.\n\t<\/p>\n<\/div>\n<p><label>\n\t<input class=\"wpcf7-form-control wpcf7-hidden\" value=\"EN\" type=\"hidden\" name=\"gr4wp_custom_jezyk\" \/><\/label>\n<\/p>\n<p><label>\n\t<input class=\"wpcf7-form-control wpcf7-hidden\" value=\"newsletter_zapisy_przez_www\" type=\"hidden\" name=\"gr4wp_tag\" \/><\/label>\n<\/p>\n<p class=\"required-info\"><i>All form fields are required<\/i>\n<\/p>\n<p style=\"display:flex;align-items: center;\"><input class=\"wpcf7-form-control wpcf7-submit has-spinner btn-link\" type=\"submit\" value=\"Submit\" \/>\n<\/p><div class=\"wpcf7-response-output\" aria-hidden=\"true\"><\/div>\n<\/form>\n<\/div>\n\n","protected":false},"excerpt":{"rendered":"","protected":false},"author":1,"featured_media":0,"parent":0,"menu_order":187,"comment_status":"closed","ping_status":"closed","template":"","meta":{"_acf_changed":false,"footnotes":""},"class_list":["post-3080","page","type-page","status-publish","hentry"],"acf":[],"yoast_head":"<!-- This site is optimized with the Yoast SEO plugin v27.4 - https:\/\/yoast.com\/product\/yoast-seo-wordpress\/ -->\n<title>Newsletter - JDP Law Firm<\/title>\n<meta name=\"robots\" content=\"index, follow, max-snippet:-1, max-image-preview:large, max-video-preview:-1\" \/>\n<link rel=\"canonical\" href=\"https:\/\/jdp-law.pl\/en\/newsletter\/\" \/>\n<meta property=\"og:locale\" content=\"en_US\" \/>\n<meta property=\"og:type\" content=\"article\" \/>\n<meta property=\"og:title\" content=\"Newsletter - JDP Law Firm\" \/>\n<meta property=\"og:url\" content=\"https:\/\/jdp-law.pl\/en\/newsletter\/\" \/>\n<meta property=\"og:site_name\" content=\"JDP Law Firm\" \/>\n<meta property=\"article:publisher\" content=\"https:\/\/www.facebook.com\/KancelariaJDP\/\" \/>\n<meta property=\"article:modified_time\" content=\"2021-03-21T11:38:51+00:00\" \/>\n<meta property=\"og:image\" content=\"https:\/\/jdp-law.pl\/wp-content\/uploads\/2024\/01\/logo-jdp-graph-og-image-default.jpg\" \/>\n\t<meta property=\"og:image:width\" content=\"1200\" \/>\n\t<meta property=\"og:image:height\" content=\"675\" \/>\n\t<meta property=\"og:image:type\" content=\"image\/jpeg\" \/>\n<meta name=\"twitter:card\" content=\"summary_large_image\" \/>\n<meta name=\"twitter:label1\" content=\"Est. reading time\" \/>\n\t<meta name=\"twitter:data1\" content=\"1 minute\" \/>\n<script type=\"application\/ld+json\" class=\"yoast-schema-graph\">{\"@context\":\"https:\\\/\\\/schema.org\",\"@graph\":[{\"@type\":\"WebPage\",\"@id\":\"https:\\\/\\\/jdp-law.pl\\\/en\\\/newsletter\\\/\",\"url\":\"https:\\\/\\\/jdp-law.pl\\\/en\\\/newsletter\\\/\",\"name\":\"Newsletter - JDP Law Firm\",\"isPartOf\":{\"@id\":\"https:\\\/\\\/jdp-law.pl\\\/en\\\/#website\"},\"datePublished\":\"2021-03-21T11:12:36+00:00\",\"dateModified\":\"2021-03-21T11:38:51+00:00\",\"breadcrumb\":{\"@id\":\"https:\\\/\\\/jdp-law.pl\\\/en\\\/newsletter\\\/#breadcrumb\"},\"inLanguage\":\"en-US\",\"potentialAction\":[{\"@type\":\"ReadAction\",\"target\":[\"https:\\\/\\\/jdp-law.pl\\\/en\\\/newsletter\\\/\"]}]},{\"@type\":\"BreadcrumbList\",\"@id\":\"https:\\\/\\\/jdp-law.pl\\\/en\\\/newsletter\\\/#breadcrumb\",\"itemListElement\":[{\"@type\":\"ListItem\",\"position\":1,\"name\":\"Home\",\"item\":\"https:\\\/\\\/jdp-law.pl\\\/en\\\/\"},{\"@type\":\"ListItem\",\"position\":2,\"name\":\"Newsletter\"}]},{\"@type\":\"WebSite\",\"@id\":\"https:\\\/\\\/jdp-law.pl\\\/en\\\/#website\",\"url\":\"https:\\\/\\\/jdp-law.pl\\\/en\\\/\",\"name\":\"JDP Law Firm\",\"description\":\"We advise Polish and foreign large entities across the following sectors: infrastructure, public procurement, real estate, transport, construction, commerce, production, banking.\",\"publisher\":{\"@id\":\"https:\\\/\\\/jdp-law.pl\\\/en\\\/#organization\"},\"potentialAction\":[{\"@type\":\"SearchAction\",\"target\":{\"@type\":\"EntryPoint\",\"urlTemplate\":\"https:\\\/\\\/jdp-law.pl\\\/en\\\/?s={search_term_string}\"},\"query-input\":{\"@type\":\"PropertyValueSpecification\",\"valueRequired\":true,\"valueName\":\"search_term_string\"}}],\"inLanguage\":\"en-US\"},{\"@type\":\"Organization\",\"@id\":\"https:\\\/\\\/jdp-law.pl\\\/en\\\/#organization\",\"name\":\"JDP DRAPA\u0141A CHOMIUK & PARTNERS Sp. k.\",\"url\":\"https:\\\/\\\/jdp-law.pl\\\/en\\\/\",\"logo\":{\"@type\":\"ImageObject\",\"inLanguage\":\"en-US\",\"@id\":\"https:\\\/\\\/jdp-law.pl\\\/en\\\/#\\\/schema\\\/logo\\\/image\\\/\",\"url\":\"https:\\\/\\\/jdp-law.pl\\\/wp-content\\\/uploads\\\/2024\\\/01\\\/logo-jdp-graph.jpg\",\"contentUrl\":\"https:\\\/\\\/jdp-law.pl\\\/wp-content\\\/uploads\\\/2024\\\/01\\\/logo-jdp-graph.jpg\",\"width\":696,\"height\":696,\"caption\":\"JDP DRAPA\u0141A CHOMIUK & PARTNERS Sp. k.\"},\"image\":{\"@id\":\"https:\\\/\\\/jdp-law.pl\\\/en\\\/#\\\/schema\\\/logo\\\/image\\\/\"},\"sameAs\":[\"https:\\\/\\\/www.facebook.com\\\/KancelariaJDP\\\/\",\"https:\\\/\\\/pl.linkedin.com\\\/company\\\/jara-drapala-&-partners\",\"https:\\\/\\\/www.youtube.com\\\/@jdp-law\"],\"legalName\":\"JDP DRAPA\u0141A CHOMIUK & PARTNERS Sp. k.\",\"email\":\"office@jdp-law.pl\",\"telephone\":\"+48 22 246 00 30\",\"faxNumber\":\"+48 22 246 00 31\",\"alternateName\":\"JDP Law Firm\",\"description\":\"JDP Law Firm. We advise Polish and foreign large entities across the following sectors: infrastructure, public procurement, real estate, transport, construction, commerce, production, banking.\",\"address\":{\"@type\":\"PostalAddress\",\"streetAddress\":\"ul. Bonifraterska 17\",\"addressLocality\":\"Warsaw\",\"addressCountry\":\"PL\",\"addressRegion\":\"Masovian\",\"postalCode\":\"00-203\"},\"contactPoint\":{\"@type\":\"ContactPoint\",\"contactType\":\"Office\",\"telephone\":\"+48 22 246 00 30\",\"email\":\"office@jdp-law.pl\"}}]}<\/script>\n<!-- \/ Yoast SEO plugin. -->","yoast_head_json":{"title":"Newsletter - JDP Law Firm","robots":{"index":"index","follow":"follow","max-snippet":"max-snippet:-1","max-image-preview":"max-image-preview:large","max-video-preview":"max-video-preview:-1"},"canonical":"https:\/\/jdp-law.pl\/en\/newsletter\/","og_locale":"en_US","og_type":"article","og_title":"Newsletter - JDP Law Firm","og_url":"https:\/\/jdp-law.pl\/en\/newsletter\/","og_site_name":"JDP Law Firm","article_publisher":"https:\/\/www.facebook.com\/KancelariaJDP\/","article_modified_time":"2021-03-21T11:38:51+00:00","og_image":[{"width":1200,"height":675,"url":"https:\/\/jdp-law.pl\/wp-content\/uploads\/2024\/01\/logo-jdp-graph-og-image-default.jpg","type":"image\/jpeg"}],"twitter_card":"summary_large_image","twitter_misc":{"Est. reading time":"1 minute"},"schema":{"@context":"https:\/\/schema.org","@graph":[{"@type":"WebPage","@id":"https:\/\/jdp-law.pl\/en\/newsletter\/","url":"https:\/\/jdp-law.pl\/en\/newsletter\/","name":"Newsletter - JDP Law Firm","isPartOf":{"@id":"https:\/\/jdp-law.pl\/en\/#website"},"datePublished":"2021-03-21T11:12:36+00:00","dateModified":"2021-03-21T11:38:51+00:00","breadcrumb":{"@id":"https:\/\/jdp-law.pl\/en\/newsletter\/#breadcrumb"},"inLanguage":"en-US","potentialAction":[{"@type":"ReadAction","target":["https:\/\/jdp-law.pl\/en\/newsletter\/"]}]},{"@type":"BreadcrumbList","@id":"https:\/\/jdp-law.pl\/en\/newsletter\/#breadcrumb","itemListElement":[{"@type":"ListItem","position":1,"name":"Home","item":"https:\/\/jdp-law.pl\/en\/"},{"@type":"ListItem","position":2,"name":"Newsletter"}]},{"@type":"WebSite","@id":"https:\/\/jdp-law.pl\/en\/#website","url":"https:\/\/jdp-law.pl\/en\/","name":"JDP Law Firm","description":"We advise Polish and foreign large entities across the following sectors: infrastructure, public procurement, real estate, transport, construction, commerce, production, banking.","publisher":{"@id":"https:\/\/jdp-law.pl\/en\/#organization"},"potentialAction":[{"@type":"SearchAction","target":{"@type":"EntryPoint","urlTemplate":"https:\/\/jdp-law.pl\/en\/?s={search_term_string}"},"query-input":{"@type":"PropertyValueSpecification","valueRequired":true,"valueName":"search_term_string"}}],"inLanguage":"en-US"},{"@type":"Organization","@id":"https:\/\/jdp-law.pl\/en\/#organization","name":"JDP DRAPA\u0141A CHOMIUK & PARTNERS Sp. k.","url":"https:\/\/jdp-law.pl\/en\/","logo":{"@type":"ImageObject","inLanguage":"en-US","@id":"https:\/\/jdp-law.pl\/en\/#\/schema\/logo\/image\/","url":"https:\/\/jdp-law.pl\/wp-content\/uploads\/2024\/01\/logo-jdp-graph.jpg","contentUrl":"https:\/\/jdp-law.pl\/wp-content\/uploads\/2024\/01\/logo-jdp-graph.jpg","width":696,"height":696,"caption":"JDP DRAPA\u0141A CHOMIUK & PARTNERS Sp. k."},"image":{"@id":"https:\/\/jdp-law.pl\/en\/#\/schema\/logo\/image\/"},"sameAs":["https:\/\/www.facebook.com\/KancelariaJDP\/","https:\/\/pl.linkedin.com\/company\/jara-drapala-&-partners","https:\/\/www.youtube.com\/@jdp-law"],"legalName":"JDP DRAPA\u0141A CHOMIUK & PARTNERS Sp. k.","email":"office@jdp-law.pl","telephone":"+48 22 246 00 30","faxNumber":"+48 22 246 00 31","alternateName":"JDP Law Firm","description":"JDP Law Firm. We advise Polish and foreign large entities across the following sectors: infrastructure, public procurement, real estate, transport, construction, commerce, production, banking.","address":{"@type":"PostalAddress","streetAddress":"ul. Bonifraterska 17","addressLocality":"Warsaw","addressCountry":"PL","addressRegion":"Masovian","postalCode":"00-203"},"contactPoint":{"@type":"ContactPoint","contactType":"Office","telephone":"+48 22 246 00 30","email":"office@jdp-law.pl"}}]}},"_links":{"self":[{"href":"https:\/\/jdp-law.pl\/en\/wp-json\/wp\/v2\/pages\/3080","targetHints":{"allow":["GET"]}}],"collection":[{"href":"https:\/\/jdp-law.pl\/en\/wp-json\/wp\/v2\/pages"}],"about":[{"href":"https:\/\/jdp-law.pl\/en\/wp-json\/wp\/v2\/types\/page"}],"author":[{"embeddable":true,"href":"https:\/\/jdp-law.pl\/en\/wp-json\/wp\/v2\/users\/1"}],"replies":[{"embeddable":true,"href":"https:\/\/jdp-law.pl\/en\/wp-json\/wp\/v2\/comments?post=3080"}],"version-history":[{"count":0,"href":"https:\/\/jdp-law.pl\/en\/wp-json\/wp\/v2\/pages\/3080\/revisions"}],"wp:attachment":[{"href":"https:\/\/jdp-law.pl\/en\/wp-json\/wp\/v2\/media?parent=3080"}],"curies":[{"name":"wp","href":"https:\/\/api.w.org\/{rel}","templated":true}]}}